{"id":1010644,"date":"2024-09-05T09:51:39","date_gmt":"2024-09-05T09:51:39","guid":{"rendered":"https:\/\/store.todsystem.com\/prodotto\/xh540-w150-t\/"},"modified":"2025-06-11T11:59:48","modified_gmt":"2025-06-11T11:59:48","slug":"servomotore-dynamixel-xh540-w270-t","status":"publish","type":"product","link":"https:\/\/store.todsystem.com\/fr\/produit-2\/servomotore-dynamixel-xh540-w270-t\/","title":{"rendered":"Servomoteur Dynamixel XH540-W270-T"},"content":{"rendered":"<div class=\"vgblk-rw-wrapper limit-wrapper\">\n<h2>Servomotore Dynamixel XH540-W270-T: Potente e Versatile in Versione TTL<\/h2>\n<p>D\u00e9couvrez les <b>servomotore Dynamixel XH540-W270-T<\/b>, un vero colosso della robotica con una coppia iniziale straordinaria di 9,9 Nm e un rapporto di riduzione eccezionale di 272,5:1. Questo servomotore \u00e8 uno dei pi\u00f9 potenti nella sua categoria, progettato appositamente per le sfide pi\u00f9 impegnative nella costruzione di <a class=\"catalogue\" title=\"Componenti robotici per la costruzione di robot fai da te\" href=\"https:\/\/www.generationrobots.com\/it\/532-componenti-robotici-strutturali\" rel=\"nofollow noopener\" target=\"_blank\">robot mobili<\/a>, perfetti per affrontare terreni irregolari.<\/p>\n<p>Le <b>Dynamixel XH540-W270-T<\/b> condivide prestazioni simili al modello <a class=\"catalogue\" title=\"Servomoteur Dynamixel XH540-W270-R\" href=\"https:\/\/www.generationrobots.com\/it\/403376-servomotore-dynamixel-xh540-w270-r.html\" rel=\"nofollow noopener\" target=\"_blank\">XH540-W270-R<\/a> e si distingue grazie alla sua connessione bus TTL multi-drop, offrendo ampie possibilit\u00e0 di programmazione con ben 6 modalit\u00e0 di controllo. Tra queste, la modalit\u00e0 PWM \u00e8 un&#8217;opzione ideale per gli appassionati di veicoli radiocomandati.<\/p>\n<p>Integrate facilmente il servomotore al vostro sistema collegandolo direttamente a un PC tramite il <a class=\"catalogue\" title=\"Connecteur U2D2 Dynamixel\/PC\" href=\"https:\/\/www.generationrobots.com\/it\/402820-connettore-u2d2-dynamixelpc.html\" rel=\"nofollow noopener\" target=\"_blank\">modulo U2D2 Dynamixel<\/a> oppure utilizzate un <a class=\"catalogue\" title=\"OuvrirCR1,0\" href=\"https:\/\/www.generationrobots.com\/it\/402881-controller-opencr10.html\" rel=\"nofollow noopener\" target=\"_blank\">controllore compatibile con Arduino<\/a> attraverso un <a class=\"catalogue\" title=\"10 X4P C\u00e2bles convertibles pour Dynamixel X-Series (RS-485) - 180 mm\" href=\"https:\/\/www.generationrobots.com\/it\/403252-10-x4p-cavi-convertibili-per-dynamixel-serie-x-rs-485-180-mm.html\" rel=\"nofollow noopener\" target=\"_blank\">cavo JST-Molex<\/a> incluso.<\/p>\n<p>Con la gamma di servomotori programmabili XH Dynamixel, avrai a disposizione vantaggi progettuali unici per dare vita ai tuoi progetti robotici. Non perdere l&#8217;opportunit\u00e0 di migliorare le tue creazioni con questo servomotore di alta qualit\u00e0!<\/p>\n<p><meta name=\"description\" content=\"Scopri il servomotore Dynamixel XH540-W270-T, potente e versatile, ideale per robot mobili su terreni irregolari. Con una coppia di 9,9 Nm e 6 modalit\u00e0 di controllo programmabili, perfetto per appassionati di robotica.\" \/><\/div>\n<p><!-- .vgblk-rw-wrapper --><\/p>","protected":false},"excerpt":{"rendered":"<p>Il Dynamixel XH540-W270-T \u00e8 un vero e proprio colosso tra i servomotori.<\/p>\n<p>Con una coppia eccezionale, la serie Dynamixel X raggiunge nuove vette di potenza. La connessione TTL e il design innovativo di Robotis lo rendono la scelta ideale per progetti robotici che richiedono forza e precisione.<\/p>\n<p>Un concentrato di tecnologia per prestazioni senza paragoni.<\/p>","protected":false},"featured_media":1012133,"template":"","meta":[],"pwb-brand":[],"product_brand":[],"product_cat":[622],"product_tag":[],"class_list":{"0":"post-1010644","1":"product","2":"type-product","3":"status-publish","4":"has-post-thumbnail","6":"product_cat-servomotori","8":"first","9":"instock","10":"shipping-taxable","11":"product-type-simple"},"brands":[],"_links":{"self":[{"href":"https:\/\/store.todsystem.com\/fr\/wp-json\/wp\/v2\/product\/1010644","targetHints":{"allow":["GET"]}}],"collection":[{"href":"https:\/\/store.todsystem.com\/fr\/wp-json\/wp\/v2\/product"}],"about":[{"href":"https:\/\/store.todsystem.com\/fr\/wp-json\/wp\/v2\/types\/product"}],"version-history":[{"count":7,"href":"https:\/\/store.todsystem.com\/fr\/wp-json\/wp\/v2\/product\/1010644\/revisions"}],"predecessor-version":[{"id":1015012,"href":"https:\/\/store.todsystem.com\/fr\/wp-json\/wp\/v2\/product\/1010644\/revisions\/1015012"}],"wp:featuredmedia":[{"embeddable":true,"href":"https:\/\/store.todsystem.com\/fr\/wp-json\/wp\/v2\/media\/1012133"}],"wp:attachment":[{"href":"https:\/\/store.todsystem.com\/fr\/wp-json\/wp\/v2\/media?parent=1010644"}],"wp:term":[{"taxonomy":"pwb-brand","embeddable":true,"href":"https:\/\/store.todsystem.com\/fr\/wp-json\/wp\/v2\/pwb-brand?post=1010644"},{"taxonomy":"product_brand","embeddable":true,"href":"https:\/\/store.todsystem.com\/fr\/wp-json\/wp\/v2\/product_brand?post=1010644"},{"taxonomy":"product_cat","embeddable":true,"href":"https:\/\/store.todsystem.com\/fr\/wp-json\/wp\/v2\/product_cat?post=1010644"},{"taxonomy":"product_tag","embeddable":true,"href":"https:\/\/store.todsystem.com\/fr\/wp-json\/wp\/v2\/product_tag?post=1010644"}],"curies":[{"name":"wp","href":"https:\/\/api.w.org\/{rel}","templated":true}]}}