{"id":1010643,"date":"2024-09-05T09:51:39","date_gmt":"2024-09-05T09:51:39","guid":{"rendered":"https:\/\/store.todsystem.com\/prodotto\/xh540-w270-r\/"},"modified":"2025-06-11T11:59:48","modified_gmt":"2025-06-11T11:59:48","slug":"servomotore-dynamixel-xh540-w270-r","status":"publish","type":"product","link":"https:\/\/store.todsystem.com\/fr\/produit-2\/servomotore-dynamixel-xh540-w270-r\/","title":{"rendered":"Servomoteur Dynamixel XH540-W270-R"},"content":{"rendered":"<div class=\"vgblk-rw-wrapper limit-wrapper\">\n<h2>Servomotore Dynamixel XH540-W270-R: Potenza e Versatilit\u00e0 per Terreni Difficili<\/h2>\n<p>D\u00e9couvrez les <strong>servomotore Dynamixel XH540-W270-R<\/strong>, progettato per eccellere in ambienti complessi grazie a un eccezionale <strong>rapporto di riduzione di 275:1<\/strong>. Questo servomotore \u00e8 ideale per veicoli robotici destinati alla <em>navigazione su terreni difficili<\/em>, offrendo prestazioni superiori anche nelle condizioni pi\u00f9 impegnative.<\/p>\n<p>Pur essendo pi\u00f9 lento del modello <a class=\"catalogue\" title=\"Servomoteur Dynamixel XH540-W150-R\" href=\"https:\/\/www.generationrobots.com\/it\/403372-servomotore-dynamixel-xh540-w150-r.html\" rel=\"nofollow noopener\" target=\"_blank\">XH540-W150-R<\/a>les <strong>XH540-W270-R<\/strong> si distingue per la sua massima coppia, assicurando un controllo preciso e potente. Come parte della <a class=\"catalogue\" title=\"Dynamixel - S\u00e9rie XH\" href=\"https:\/\/www.generationrobots.com\/it\/462-dynamixel-serie-xh\" rel=\"nofollow noopener\" target=\"_blank\">S\u00e9rie XH<\/a> di Robotis, questo servomotore \u00e8 un <em>dispositivo all-in-one<\/em> che richiede solo una semplice connessione a un <a class=\"catalogue\" title=\"OuvrirCR1,0\" href=\"https:\/\/www.generationrobots.com\/it\/402881-controller-opencr10.html\" rel=\"nofollow noopener\" target=\"_blank\">contr\u00f4leur<\/a> ou \u00e0 un <a class=\"catalogue\" title=\"Connecteur U2D2 Dynamixel\/PC\" href=\"https:\/\/www.generationrobots.com\/it\/402820-connettore-u2d2-dynamixelpc.html\" rel=\"nofollow noopener\" target=\"_blank\">Module Dynamixel U2D2<\/a> per avviarlo immediatamente.<\/p>\n<p>Programmabile al 100%, il servomotore offre un <strong>controllo avanzato su coppia, posizione, velocit\u00e0 e PWM<\/strong>, con 6 diverse modalit\u00e0 operative. Collega facilmente il servomotore utilizzando <a class=\"catalogue\" title=\"10 X4P C\u00e2bles convertibles pour Dynamixel X-Series (RS-485) - 180 mm\" href=\"https:\/\/www.generationrobots.com\/it\/403252-10-x4p-cavi-convertibili-per-dynamixel-serie-x-rs-485-180-mm.html\" rel=\"nofollow noopener\" target=\"_blank\">le c\u00e2ble JST\/Molex<\/a> fornito, che ora include un connettore JST placcato in oro altamente affidabile.<\/p>\n<h2>Variet\u00e0 di Opzioni di Montaggio per il Servomotore XH540-W270-R<\/h2>\n<p>Le <strong>servomotore Dynamixel XH540-W270-R<\/strong> non solo offre prestazioni elevate, ma \u00e8 anche progettato per una <em>flessibile installazione<\/em>. Costruito con un alloggiamento in metallo prezioso e plastica ingegnerizzata, favorisce una miglior dissipazione del calore, aumentando la durata e l&#8217;affidabilit\u00e0 del dispositivo.<\/p>\n<p>La parte posteriore dell&#8217;attuatore permette diverse configurazioni per il posizionamento del cavo, mentre l&#8217;uso di staffe dedicate facilita il montaggio in una variet\u00e0 di disposizioni. Questa caratteristica \u00e8 particolarmente vantaggiosa per progetti robotici complessi. Con il <strong>XH540-W270-R<\/strong>, puoi anche implementare una catena di servomotori, estendendo ulteriormente le capacit\u00e0 del tuo robot.<\/p>\n<h2>Specifiche Tecniche del Servomotore Robotis XH540-W270-R<\/h2>\n<ul>\n<li>Microcontrollore: Cortex M3, 72 MHz, 32 bit<\/li>\n<li>Tension d'alimentation : 10-14,8 V (12 V recommand\u00e9)<\/li>\n<li>Caract\u00e9ristiques de performance :\n<ul>\n<li>Tension : 12 V<\/li>\n<li>Couple de d\u00e9marrage : 9,9 Nm<\/li>\n<li>Courant d'appel : 4,9 A<\/li>\n<li>Velocit\u00e0 a vuoto: 39 giri\/min<\/li>\n<li>Courant \u00e0 vide : 0,07 A<\/li>\n<\/ul>\n<\/li>\n<li>R\u00e9solution : 0,0879\u00b0 x 4,096<\/li>\n<li>Angle : 360<\/li>\n<li>Rapport de r\u00e9duction : 272,5:1<\/li>\n<li>Capteur de position : encodeur absolu sans contact (12 bits, 360\u00b0)<\/li>\n<li>Temperatura di funzionamento: Da -5 a 80\u00b0C<\/li>\n<li>Motore: coreless Maxon<\/li>\n<li>Vitesse de transmission : 9 600 \u00e0 4 500 000 bps<\/li>\n<li>Algorithme de contr\u00f4le : PID<\/li>\n<li>Type d'engrenage : cylindrique<\/li>\n<li>Materiale ingranaggio: metallo prezioso<\/li>\n<li>Materiale scocca: metallo prezioso e plastica ingegneristica<\/li>\n<li>Dimensions : 33,5 x 58,5 x 44 mm<\/li>\n<li>Peso: 165 g<\/li>\n<li>Signal de commande : paquet num\u00e9rique<\/li>\n<li>Protocole : communication s\u00e9rie asynchrone semi-duplex (8 bits, 1 stop, pas de parit\u00e9)<\/li>\n<li>Connexion : bus multipoint RS485<\/li>\n<li>ID : 0~252<\/li>\n<li>Feedback: posizione, velocit\u00e0, potenza, conteggio in tempo reale, traiettoria, temperatura, tensione, porta esterna, ecc.<\/li>\n<li>Version du protocole : 1.0, 2.0 (par d\u00e9faut)<\/li>\n<li>Modalit\u00e0 operative\/angolo:\n<ul>\n<li>Controllo posizione: rotazione continua<\/li>\n<li>Controllo velocit\u00e0: rotazione continua<\/li>\n<li>Controllo posizione: 360\u00b0<\/li>\n<li>Controllo posizione esteso: +\/- 256 giri<\/li>\n<li>Controllo basato sulla corrente: +\/- 256 giri<\/li>\n<li>Contr\u00f4le PWM : rotation continue<\/li>\n<\/ul>\n<\/li>\n<li>Corrente in standby: 40 mA<\/li>\n<\/ul>\n<\/div>\n<p><!-- .vgblk-rw-wrapper --><\/p>","protected":false},"excerpt":{"rendered":"<p>Le Dynamixel XH540-W270-R est un servomoteur de haute performance con\u00e7u pour offrir un couple exceptionnel et une flexibilit\u00e9 de contr\u00f4le in\u00e9gal\u00e9e. Id\u00e9al pour les robots les plus complexes et les applications tout-terrain, ce moteur est le choix parfait pour les roboticiens et les passionn\u00e9s \u00e0 la recherche de la performance ultime.<\/p>","protected":false},"featured_media":1012133,"template":"","meta":[],"pwb-brand":[],"product_brand":[],"product_cat":[622],"product_tag":[],"class_list":{"0":"post-1010643","1":"product","2":"type-product","3":"status-publish","4":"has-post-thumbnail","6":"product_cat-servomotori","8":"first","9":"instock","10":"shipping-taxable","11":"product-type-simple"},"brands":[],"_links":{"self":[{"href":"https:\/\/store.todsystem.com\/fr\/wp-json\/wp\/v2\/product\/1010643","targetHints":{"allow":["GET"]}}],"collection":[{"href":"https:\/\/store.todsystem.com\/fr\/wp-json\/wp\/v2\/product"}],"about":[{"href":"https:\/\/store.todsystem.com\/fr\/wp-json\/wp\/v2\/types\/product"}],"version-history":[{"count":4,"href":"https:\/\/store.todsystem.com\/fr\/wp-json\/wp\/v2\/product\/1010643\/revisions"}],"predecessor-version":[{"id":1015011,"href":"https:\/\/store.todsystem.com\/fr\/wp-json\/wp\/v2\/product\/1010643\/revisions\/1015011"}],"wp:featuredmedia":[{"embeddable":true,"href":"https:\/\/store.todsystem.com\/fr\/wp-json\/wp\/v2\/media\/1012133"}],"wp:attachment":[{"href":"https:\/\/store.todsystem.com\/fr\/wp-json\/wp\/v2\/media?parent=1010643"}],"wp:term":[{"taxonomy":"pwb-brand","embeddable":true,"href":"https:\/\/store.todsystem.com\/fr\/wp-json\/wp\/v2\/pwb-brand?post=1010643"},{"taxonomy":"product_brand","embeddable":true,"href":"https:\/\/store.todsystem.com\/fr\/wp-json\/wp\/v2\/product_brand?post=1010643"},{"taxonomy":"product_cat","embeddable":true,"href":"https:\/\/store.todsystem.com\/fr\/wp-json\/wp\/v2\/product_cat?post=1010643"},{"taxonomy":"product_tag","embeddable":true,"href":"https:\/\/store.todsystem.com\/fr\/wp-json\/wp\/v2\/product_tag?post=1010643"}],"curies":[{"name":"wp","href":"https:\/\/api.w.org\/{rel}","templated":true}]}}