{"id":1010641,"date":"2024-09-05T09:51:38","date_gmt":"2024-09-05T09:51:38","guid":{"rendered":"https:\/\/store.todsystem.com\/prodotto\/xm540-w270-t\/"},"modified":"2025-06-11T11:59:50","modified_gmt":"2025-06-11T11:59:50","slug":"servomotore-dynamixel-xm540-w270-t","status":"publish","type":"product","link":"https:\/\/store.todsystem.com\/fr\/produit-2\/servomotore-dynamixel-xm540-w270-t\/","title":{"rendered":"Servomoteur Dynamixel XM540-W270-T"},"content":{"rendered":"<div class=\"vgblk-rw-wrapper limit-wrapper\">\n<h2>Servomotore Robotis Dynamixel XM540-W270-T: Potenza e Affidabilit\u00e0 per i Tuoi Progetti Robotici<\/h2>\n<p><b>Il servomotore Dynamixel XM540-W270-T<\/b> \u00e8 una scelta eccellente per ingegneri e appassionati di robotica che cercano un&#8217;unit\u00e0 con una coppia di bloccaggio impressionante di 10,6 N.m, il tutto contenuto in un peso di appena 165 g. Questa combinazione unica lo rende ideale per applicazioni che richiedono il sollevamento di carichi pesanti e per affrontare terreni complessi.<\/p>\n<p>Con dimensioni compatte, inferiori a 6 cm di altezza e 3,35 cm di larghezza, il servomotore offre un&#8217;interfaccia TTL robusta, un&#8217;efficienza energetica ottimizzata e un design ingegneristico pensato per la dissipazione del calore. Grazie all&#8217;uso di materiali di alta qualit\u00e0, il XM540-W270-T \u00e8 un servo motore durevole e altamente performante.<\/p>\n<h2>Controllo Completo del Servomotore Dynamixel XM540-W270-T<\/h2>\n<p>Il servomotore XM540-W270-T \u00e8 progettato per offrire un controllo totale grazie alle sue funzioni programmabili. Con possibilit\u00e0 di monitoraggio in tempo reale su parametri come PWM, posizione, consumo energetico e temperatura, questo modello \u00e8 ottimo per una variet\u00e0 di applicazioni, dalla prototipazione rapida a competizioni di robotica.<\/p>\n<p>Puoi scegliere tra 6 modalit\u00e0 di controllo, tra cui corrente, posizione e velocit\u00e0, oltre a un controllo di posizione esteso e PWM. La presenza di un controllore PID rende questo servomotore altamente versatile e adatto per ogni esigenza, che si tratti di robot mobili, bracci robotici o sistemi di navigazione autonoma.<\/p>\n<h2>Specifiche Tecniche del Servomotore Dynamixel XM540-W270-T<\/h2>\n<ul>\n<li><strong>Microcontrollore:<\/strong> 72 MHz Cortex-M3 a 32 bit<\/li>\n<li><strong>Tensione di ingresso:<\/strong> 10-14,8 V (tensione consigliata: 12 V)<\/li>\n<li><strong>Coppia di bloccaggio:<\/strong> 10,6 Nm (106 kg.cm @ 12 V)<\/li>\n<li><strong>Corrente di blocco:<\/strong> 4,4 A<\/li>\n<li><strong>Vitesse \u00e0 vide :<\/strong> 30 giri\/min<\/li>\n<li><strong>Corrente a vuoto:<\/strong> 0,07 A<\/li>\n<li><strong>Risoluzione angolare:<\/strong> 360\u00b0<\/li>\n<li><strong>Adattabilit\u00e0 alle temperature:<\/strong> da -5 a 80\u00b0C<\/li>\n<li><strong>Motore:<\/strong> Coreless di alta qualit\u00e0<\/li>\n<li><strong>Velocit\u00e0 di trasmissione:<\/strong> da 9600 a 4.500.000 bps<\/li>\n<li><strong>Tipo di ingranaggio:<\/strong> cilindrico, in metallo prezioso<\/li>\n<li><strong>Dimensions :<\/strong> 33,5 x 58,5 x 44 mm<\/li>\n<li><strong>Poids :<\/strong> 165 g<\/li>\n<li><strong>Rapporto di riduzione:<\/strong> 272,5:1<\/li>\n<li><strong>Protocollo di comunicazione:<\/strong> TTL &#8211; Serial Communication Half Duplex<\/li>\n<li><strong>Retour d'information :<\/strong> Posizione, velocit\u00e0, corrente, temperatura e altro ancora<\/li>\n<\/ul>\n<h2>Contenu du paquet<\/h2>\n<ul>\n<li>1 servomoteur Dynamixel XM540-W270-T<\/li>\n<li>1 barre d'\u00e9cartement HN13-N101<\/li>\n<li>1 rondella in teflon per il montaggio<\/li>\n<li>1 c\u00e2ble robotique X3P 180 mm<\/li>\n<li>1 cavo robotico convertibile X3P 180 mm<\/li>\n<li>1 C\u00e2ble Sync 3P 160 mm<\/li>\n<li>16 chiavi bullone WB M2.2&#215;5<\/li>\n<li>10 Cl\u00e9 \u00e0 boulon WB M2.5\u00d74<\/li>\n<li>1 Cl\u00e9 \u00e0 boulon WB M3x8<\/li>\n<li>8 anneaux d'\u00e9cartement<\/li>\n<\/ul>\n<\/div>\n<p><!-- .vgblk-rw-wrapper --><\/p>","protected":false},"excerpt":{"rendered":"<p>Le Dynamixel XM540-W270-T est un servomoteur qui bat tous les records : avec un couple exceptionnel et une large gamme de fonctions de contr\u00f4le, il est le c\u0153ur battant des robots mobiles les plus performants.<\/p>\n<p>Id\u00e9al pour les terrains accident\u00e9s et les projets robotiques n\u00e9cessitant puissance et pr\u00e9cision, ce servomoteur TTL est le choix parfait pour vos robots tout-terrain et vos cr\u00e9ations plus ambitieuses.<\/p>","protected":false},"featured_media":1012133,"template":"","meta":[],"pwb-brand":[],"product_brand":[],"product_cat":[622],"product_tag":[],"class_list":{"0":"post-1010641","1":"product","2":"type-product","3":"status-publish","4":"has-post-thumbnail","6":"product_cat-servomotori","8":"first","9":"instock","10":"shipping-taxable","11":"product-type-simple"},"brands":[],"_links":{"self":[{"href":"https:\/\/store.todsystem.com\/fr\/wp-json\/wp\/v2\/product\/1010641","targetHints":{"allow":["GET"]}}],"collection":[{"href":"https:\/\/store.todsystem.com\/fr\/wp-json\/wp\/v2\/product"}],"about":[{"href":"https:\/\/store.todsystem.com\/fr\/wp-json\/wp\/v2\/types\/product"}],"version-history":[{"count":4,"href":"https:\/\/store.todsystem.com\/fr\/wp-json\/wp\/v2\/product\/1010641\/revisions"}],"predecessor-version":[{"id":1015039,"href":"https:\/\/store.todsystem.com\/fr\/wp-json\/wp\/v2\/product\/1010641\/revisions\/1015039"}],"wp:featuredmedia":[{"embeddable":true,"href":"https:\/\/store.todsystem.com\/fr\/wp-json\/wp\/v2\/media\/1012133"}],"wp:attachment":[{"href":"https:\/\/store.todsystem.com\/fr\/wp-json\/wp\/v2\/media?parent=1010641"}],"wp:term":[{"taxonomy":"pwb-brand","embeddable":true,"href":"https:\/\/store.todsystem.com\/fr\/wp-json\/wp\/v2\/pwb-brand?post=1010641"},{"taxonomy":"product_brand","embeddable":true,"href":"https:\/\/store.todsystem.com\/fr\/wp-json\/wp\/v2\/product_brand?post=1010641"},{"taxonomy":"product_cat","embeddable":true,"href":"https:\/\/store.todsystem.com\/fr\/wp-json\/wp\/v2\/product_cat?post=1010641"},{"taxonomy":"product_tag","embeddable":true,"href":"https:\/\/store.todsystem.com\/fr\/wp-json\/wp\/v2\/product_tag?post=1010641"}],"curies":[{"name":"wp","href":"https:\/\/api.w.org\/{rel}","templated":true}]}}