{"id":1010639,"date":"2024-09-05T09:51:38","date_gmt":"2024-09-05T09:51:38","guid":{"rendered":"https:\/\/store.todsystem.com\/prodotto\/xl430-w250-t\/"},"modified":"2025-06-11T11:59:50","modified_gmt":"2025-06-11T11:59:50","slug":"servomotore-dynamixel-xl430-w250-t","status":"publish","type":"product","link":"https:\/\/store.todsystem.com\/fr\/produit-2\/servomotore-dynamixel-xl430-w250-t\/","title":{"rendered":"Servomoteur Dynamixel XL430-W250-T"},"content":{"rendered":"<div class=\"vgblk-rw-wrapper limit-wrapper\">\n<h2>Servomotore Dynamixel XL430-W250-T: Prestazioni Elevate in un Design Compatto<\/h2>\n<p>Le <strong>servomotore Dynamixel XL430-W250-T<\/strong> par <a class=\"catalogue\" title=\"Robotis\" href=\"https:\/\/www.generationrobots.com\/it\/81_robotis\" rel=\"nofollow noopener\" target=\"_blank\">Robotis<\/a> \u00e8 la scelta ideale per chi cerca un servomotore ad alte prestazioni con un budget contenuto. Questo modello offre tutte le superiori caratteristiche della <a class=\"catalogue\" title=\"S\u00e9rie Dynamixel X\" href=\"https:\/\/www.generationrobots.com\/it\/355-dynamixel-serie-x\" rel=\"nofollow noopener\" target=\"_blank\">S\u00e9rie Dynamixel X<\/a>, inclusi il controllo della velocit\u00e0 e della posizione a 360\u00b0, grazie a un innovativo encoder magnetico senza contatto. Il servomotore \u00e8 progettato per massimizzare l&#8217;efficienza energetica, riducendo il consumo a soli 40 mA, rispetto ai 100 mA dei modelli precedenti.<\/p>\n<p>Compatibile con tutti i modelli della serie X-430 (XM e XH) e condividendo la stessa struttura meccanica, il XL430-W250-T si integra facilmente in vari progetti. Il controllo del servomotore pu\u00f2 essere effettuato da PC (Windows, Mac o Linux) tramite un <a class=\"catalogue\" title=\"Connecteur U2D2 Dynamixel\/PC\" href=\"https:\/\/www.generationrobots.com\/it\/402820-connettore-u2d2-dynamixelpc.html\" rel=\"nofollow noopener\" target=\"_blank\">Module USB2Dynamixel<\/a>, a <a class=\"catalogue\" title=\"Connecteur U2D2 Dynamixel\/PC\" href=\"https:\/\/www.generationrobots.com\/it\/402820-connettore-u2d2-dynamixelpc.html\" rel=\"nofollow noopener\" target=\"_blank\">Connecteur U2D2<\/a> o un microcontrollore appropriato. Ecco alcuni componenti chiave per il tuo progetto:<\/p>\n<ul>\n<li><a class=\"catalogue\" title=\"Contr\u00f4leur Dynamixel\" href=\"https:\/\/www.generationrobots.com\/it\/267-controllori-dynamixel\" rel=\"nofollow noopener\" target=\"_blank\">Carte de contr\u00f4le Open Source CM9.04-A<\/a><\/li>\n<li><a class=\"catalogue\" title=\"Carte d&#039;extension OpenCM 485\" href=\"https:\/\/www.generationrobots.com\/it\/402014-scheda-di-espansione-opencm-485.html\" rel=\"nofollow noopener\" target=\"_blank\">Carte d'extension OpenCM 485<\/a><\/li>\n<li><a class=\"catalogue\" title=\"Chargeur SMPS 12V 5A et c\u00e2ble d&#039;alimentation compatible avec Dynamixel (EU)\" href=\"https:\/\/www.generationrobots.com\/it\/400866-caricatore-smps-per-bioloidi-e-dynamixel-robotis.html\" rel=\"nofollow noopener\" target=\"_blank\">Chargeur SMPS et alimentation du servomoteur Dynamixel<\/a><\/li>\n<li>(ou autre) <a class=\"catalogue\" title=\"LB-010 Batterie LiPo 11V pour Robotis GP et Premium\" href=\"https:\/\/www.generationrobots.com\/it\/400897-batteria-lipo-lbs-10-11v-per-bioloidi-e-dynamixel-robotis.html\" rel=\"nofollow noopener\" target=\"_blank\">Batterie 11 V LiPo LBS-10 pour le servomoteur Dynamixel<\/a><\/li>\n<\/ul>\n<p>Con 6 modalit\u00e0 operative, questo servomotore offre un controllo preciso del profilo e un monitoraggio dettagliato dei dati, come velocit\u00e0, posizione e traiettoria.<\/p>\n<h2>Flessibilit\u00e0 di Installazione con il Servomotore Dynamixel<\/h2>\n<p>La parte posteriore dell&#8217;alloggiamento del servomotore Robotis \u00e8 progettata per essere cava, permettendo diverse configurazioni di cablaggio per un posizionamento ottimale nel tuo progetto. Il comodo anello distanziatore consente di avvitarlo direttamente all\u2019alloggiamento, prevenendo rischi e sforzi durante l&#8217;installazione.<\/p>\n<p>Il robusto involucro in alluminio garantisce un&#8217;efficace dissipazione del calore, mantenendo il servomotore sempre efficiente anche in condizioni di carico elevate.<\/p>\n<h2>Caratteristiche Tecniche del Servomotore Dynamixel XL430-W250-T<\/h2>\n<ul>\n<li>Signal de contr\u00f4le num\u00e9rique du paquet<\/li>\n<li>Coppia massima di 14 kg.cm (1,4 N.m)<\/li>\n<li>Velocit\u00e0 di rotazione: 61 giri\/min<\/li>\n<li>Tensione di alimentazione: 6,5-12 V (consigliata 11,1 V)<\/li>\n<li>Rapporto di riduzione: 258:1<\/li>\n<li>Angolo di rotazione minimo: circa 0,088\u00b0 x 4096<\/li>\n<li>Protocollo seriale asincrono half duplex (8 bit, 1 stop, nessuna parit\u00e0)<\/li>\n<li>Campo di funzionamento: 0 a 360 gradi (rotazione continua)<\/li>\n<li>Temperatura di funzionamento: -5\u00b0C a +80\u00b0C<\/li>\n<li>Collegamento (fisico): livello TTL Multi Drop<\/li>\n<li>ID: 254 (da 0 a 253)<\/li>\n<li>Velocit\u00e0 di trasmissione: 9600 bps a 4,5 Mbps<\/li>\n<li>Retour d'information : position, temp\u00e9rature, charge, tension d'entr\u00e9e, etc.<\/li>\n<li>R\u00e9glage par d\u00e9faut : ID 1, 57600 bps<\/li>\n<li>Poids : 82 g<\/li>\n<li>Dimensions : 28,5 x 46,5 x 34 mm<\/li>\n<\/ul>\n<h2>Contenu du paquet<\/h2>\n<ul>\n<li>1 servomotore XL430-W250-T<\/li>\n<li>1 barra divaricatrice HN11-N101<\/li>\n<li>5 cavi X3P 180 mm<\/li>\n<li>5 bulloni 2,6*5<\/li>\n<li>5 bulloni 2,5<\/li>\n<li>Bussole di fissaggio incluse<\/li>\n<\/ul>\n<\/div>\n<p><!-- .vgblk-rw-wrapper --><\/p>","protected":false},"excerpt":{"rendered":"<p>Le Dynamixel XL430-W250-T est le choix id\u00e9al !<\/p>\n<p>Avec son interface TTL et sa conception modulaire, il offre une flexibilit\u00e9 de montage in\u00e9gal\u00e9e.<\/p>\n<p>Parfait pour les cr\u00e9ations \u00e0 petite \u00e9chelle, ce servomoteur garantit des performances optimales et un bon rapport qualit\u00e9-prix.<\/p>","protected":false},"featured_media":1012133,"template":"","meta":[],"pwb-brand":[],"product_brand":[],"product_cat":[622],"product_tag":[],"class_list":{"0":"post-1010639","1":"product","2":"type-product","3":"status-publish","4":"has-post-thumbnail","6":"product_cat-servomotori","8":"first","9":"instock","10":"shipping-taxable","11":"product-type-simple"},"brands":[],"_links":{"self":[{"href":"https:\/\/store.todsystem.com\/fr\/wp-json\/wp\/v2\/product\/1010639","targetHints":{"allow":["GET"]}}],"collection":[{"href":"https:\/\/store.todsystem.com\/fr\/wp-json\/wp\/v2\/product"}],"about":[{"href":"https:\/\/store.todsystem.com\/fr\/wp-json\/wp\/v2\/types\/product"}],"version-history":[{"count":4,"href":"https:\/\/store.todsystem.com\/fr\/wp-json\/wp\/v2\/product\/1010639\/revisions"}],"predecessor-version":[{"id":1015036,"href":"https:\/\/store.todsystem.com\/fr\/wp-json\/wp\/v2\/product\/1010639\/revisions\/1015036"}],"wp:featuredmedia":[{"embeddable":true,"href":"https:\/\/store.todsystem.com\/fr\/wp-json\/wp\/v2\/media\/1012133"}],"wp:attachment":[{"href":"https:\/\/store.todsystem.com\/fr\/wp-json\/wp\/v2\/media?parent=1010639"}],"wp:term":[{"taxonomy":"pwb-brand","embeddable":true,"href":"https:\/\/store.todsystem.com\/fr\/wp-json\/wp\/v2\/pwb-brand?post=1010639"},{"taxonomy":"product_brand","embeddable":true,"href":"https:\/\/store.todsystem.com\/fr\/wp-json\/wp\/v2\/product_brand?post=1010639"},{"taxonomy":"product_cat","embeddable":true,"href":"https:\/\/store.todsystem.com\/fr\/wp-json\/wp\/v2\/product_cat?post=1010639"},{"taxonomy":"product_tag","embeddable":true,"href":"https:\/\/store.todsystem.com\/fr\/wp-json\/wp\/v2\/product_tag?post=1010639"}],"curies":[{"name":"wp","href":"https:\/\/api.w.org\/{rel}","templated":true}]}}