{"id":1010630,"date":"2024-09-05T09:51:38","date_gmt":"2024-09-05T09:51:38","guid":{"rendered":"https:\/\/store.todsystem.com\/prodotto\/xh430-w350-t\/"},"modified":"2025-06-11T11:59:49","modified_gmt":"2025-06-11T11:59:49","slug":"servomotore-dynamixel-xh430-w350-t","status":"publish","type":"product","link":"https:\/\/store.todsystem.com\/fr\/produit-2\/servomotore-dynamixel-xh430-w350-t\/","title":{"rendered":"Servomoteur Dynamixel XH430-W350-T"},"content":{"rendered":"<div class=\"vgblk-rw-wrapper limit-wrapper\">\n<h2>XH430-W350-T Servomotore Dynamixel: Prestazioni Superiori per Progetti Robotici Ambiziosi<\/h2>\n<p>Scopri il **servomotore Dynamixel XH430-W350-T**, parte della rinomata gamma di <strong>servomotori Robotis<\/strong> progettata per garantire alta prestazione e versatilit\u00e0. Con un&#8217;ampia gamma di caratteristiche innovative, questo modello \u00e8 ideale per chi cerca un servomotore economico ma potente. Ecco alcune delle sue straordinarie funzionalit\u00e0:<\/p>\n<ul>\n<li>Compatibilit\u00e0 con diverse opzioni di montaggio grazie a un vasto assortimento di hardware, con 3 modalit\u00e0 di posizionamento del cavo per minimizzare l\u2019attrito e l\u2019usura durante il funzionamento.<\/li>\n<li>Controllo totale delle prestazioni: gestisci con precisione velocit\u00e0, posizione, traiettoria, coppia, consumo, corrente e PWM.<\/li>\n<li>Pannello di controllo avanzato, compatibile con i sistemi operativi Mac, Windows e Linux, facilmente accessibile tramite chiave USB2Dynamixel o controller compatibile.<\/li>\n<li>Involucro robusto in plastica e alluminio, progettato per prevenire il surriscaldamento e garantire durata nel tempo.<\/li>\n<\/ul>\n<h2>Servomotore Robotis: la Soluzione Ideale per Ogni Progetto Robotico<\/h2>\n<p>Che si tratti di sviluppare un <a class=\"catalogue\" title=\"Servomotori Dynamixel per robotica e automazione\" href=\"https:\/\/www.generationrobots.com\/it\/169-servomotori-dynamixel\" rel=\"nofollow noopener\" target=\"_blank\">robot umanoide<\/a>, di realizzare un braccio robotico articolato, o di costruire veicoli radiocomandati complessi, il servomotore XH430-W350-T \u00e8 progettato per soddisfare le esigenze pi\u00f9 sofisticate. Scopri anche la versione RS485 per ulteriori opzioni di connessione.<\/p>\n<h2>Specifiche Tecniche del Servomotore Dynamixel XH430-W350-T<\/h2>\n<ul>\n<li>Accessori inclusi nel pacchetto:<\/li>\n<li>1 barre d'\u00e9cartement HN12-N101<\/li>\n<li>1 rondella in teflon (per l&#8217;installazione della divaricatrice)<\/li>\n<li>1 x 180 mm c\u00e2ble X3P<\/li>\n<li>1 c\u00e2ble convertible X3P 180 mm<\/li>\n<li>16 vis WB boulon \u00e0 cl\u00e9 M2,5*4<\/li>\n<li>1 boulon \u00e0 cl\u00e9 WB M2,5*6<\/li>\n<li>10 vis WB boulon \u00e0 cl\u00e9 M2*3<\/li>\n<li>8 anneaux d'\u00e9cartement<\/li>\n<li>Caratteristiche tecniche:<\/li>\n<li>Poids : 82 g<\/li>\n<li>Dimensions : 28,5 x 46,5 x 34 mm<\/li>\n<li>Rapport de r\u00e9duction : 353,5:1<\/li>\n<li>Couple de d\u00e9marrage (N.m) : 3,1 @ 11,1 V ; 3,4 @ 12 V ; 4,2 @ 14,8 V<\/li>\n<li>Potenza di avviamento (A): 1,2 @ 11,1 V; 1,3 @ 12 V; 1,5 @ 14,8 V<\/li>\n<li>Velocit\u00e0 a vuoto (RPM): 27 @ 11,1 V; 30 @ 12 V; 37 @ 14,8 V<\/li>\n<li>Processeur : ST CORTEX-M3 (STM32F103C8 @ 72MHZ, 32BIT)<\/li>\n<li>Codeur absolu sans contact (12 bits, 360\u00b0)<\/li>\n<li>Moteur sans noyau<\/li>\n<li>R\u00e9solution : 0,088\u00b0 x 4,096<\/li>\n<li>Mode di funzionamento:\n<ul>\n<li>Contr\u00f4le de la position : 360<\/li>\n<li>Contr\u00f4le de la vitesse : rotation continue<\/li>\n<\/ul>\n<\/li>\n<li>Tension d'alimentation : 10 \u00e0 14,8 V (12 V recommand\u00e9)<\/li>\n<li>Intervallo di temperatura di funzionamento: -5 a 80\u00b0C<\/li>\n<li>Signal de commande : paquet num\u00e9rique<\/li>\n<li>Protocole de communication : s\u00e9rie asynchrone semi-duplex (8 bits, 1 stop, pas de parit\u00e9)<\/li>\n<li>Connessione: bus TTL multi-drop<\/li>\n<li>Adresses : 253 ID (0 \u00e0 252)<\/li>\n<li>Vitesse de transmission : 9600 bps \u00e0 4,5 Mbps<\/li>\n<li>Retour d'information : position, vitesse, courant, temps r\u00e9el, trajectoire, temp\u00e9rature, tension d'alimentation, etc.<\/li>\n<li>Alloggiamento: metallo e plastica tecnica<\/li>\n<li>Engrenages : m\u00e9tal<\/li>\n<li>Courant de veille : 40 mA<\/li>\n<\/ul>\n<p class=\"container-video\">\n<\/div>\n<p><!-- .vgblk-rw-wrapper --><\/p>","protected":false},"excerpt":{"rendered":"<p>Le Dynamixel XH430-W350-T repr\u00e9sente le summum de la technologie Robotis.<\/p>\n<p>Avec un couple \u00e9lev\u00e9 et une vitesse \u00e9tonnante, ce servomoteur TTL offre des performances sans pr\u00e9c\u00e9dent.<\/p>","protected":false},"featured_media":1012133,"template":"","meta":[],"pwb-brand":[],"product_brand":[],"product_cat":[622],"product_tag":[],"class_list":{"0":"post-1010630","1":"product","2":"type-product","3":"status-publish","4":"has-post-thumbnail","6":"product_cat-servomotori","8":"first","9":"instock","10":"shipping-taxable","11":"product-type-simple"},"brands":[],"_links":{"self":[{"href":"https:\/\/store.todsystem.com\/fr\/wp-json\/wp\/v2\/product\/1010630","targetHints":{"allow":["GET"]}}],"collection":[{"href":"https:\/\/store.todsystem.com\/fr\/wp-json\/wp\/v2\/product"}],"about":[{"href":"https:\/\/store.todsystem.com\/fr\/wp-json\/wp\/v2\/types\/product"}],"version-history":[{"count":4,"href":"https:\/\/store.todsystem.com\/fr\/wp-json\/wp\/v2\/product\/1010630\/revisions"}],"predecessor-version":[{"id":1015027,"href":"https:\/\/store.todsystem.com\/fr\/wp-json\/wp\/v2\/product\/1010630\/revisions\/1015027"}],"wp:featuredmedia":[{"embeddable":true,"href":"https:\/\/store.todsystem.com\/fr\/wp-json\/wp\/v2\/media\/1012133"}],"wp:attachment":[{"href":"https:\/\/store.todsystem.com\/fr\/wp-json\/wp\/v2\/media?parent=1010630"}],"wp:term":[{"taxonomy":"pwb-brand","embeddable":true,"href":"https:\/\/store.todsystem.com\/fr\/wp-json\/wp\/v2\/pwb-brand?post=1010630"},{"taxonomy":"product_brand","embeddable":true,"href":"https:\/\/store.todsystem.com\/fr\/wp-json\/wp\/v2\/product_brand?post=1010630"},{"taxonomy":"product_cat","embeddable":true,"href":"https:\/\/store.todsystem.com\/fr\/wp-json\/wp\/v2\/product_cat?post=1010630"},{"taxonomy":"product_tag","embeddable":true,"href":"https:\/\/store.todsystem.com\/fr\/wp-json\/wp\/v2\/product_tag?post=1010630"}],"curies":[{"name":"wp","href":"https:\/\/api.w.org\/{rel}","templated":true}]}}