{"id":1010628,"date":"2024-09-05T09:51:38","date_gmt":"2024-09-05T09:51:38","guid":{"rendered":"https:\/\/store.todsystem.com\/prodotto\/xm430-w350-t\/"},"modified":"2025-06-11T11:59:49","modified_gmt":"2025-06-11T11:59:49","slug":"servomotore-dynamixel-xm430-w350-t","status":"publish","type":"product","link":"https:\/\/store.todsystem.com\/fr\/produit-2\/servomotore-dynamixel-xm430-w350-t\/","title":{"rendered":"Servomoteur Dynamixel XM430-W350-T"},"content":{"rendered":"<div class=\"vgblk-rw-wrapper limit-wrapper\">\n<h2>Servomotore Dynamixel XM430-W350-T: Potenza e Versatilit\u00e0 per i Tuoi Progetti Robotici<\/h2>\n<p>I <a class=\"catalogue\" title=\"Servomoteurs dynamom\u00e9triques pour la robotique et l&#039;automatisation\" href=\"https:\/\/www.generationrobots.com\/it\/169-servomotori-dynamixel\" rel=\"nofollow noopener\" target=\"_blank\">Servomoteurs Dynamixel<\/a> sono sinonimo di eccellenza nella robotica e nell&#8217;automazione. Il <strong>servomotore Dynamixel XM430-W350-T<\/strong> si distingue per le sue caratteristiche uniche e funzionalit\u00e0 avanzate, essenziali per appassionati, ricercatori e insegnanti. Questo servomotore offre molteplici possibilit\u00e0:<\/p>\n<ul>\n<li>Controllo preciso di coppia, velocit\u00e0, posizione e traiettoria, ideale anche per veicoli radiocomandati grazie al supporto PWM.<\/li>\n<li>Innovativo sistema di connessione posteriore che riduce l&#8217;attrito e migliora la durata.<\/li>\n<li>Compatibilit\u00e0 con una vasta gamma di hardware per la realizzazione di progetti futuristici.<\/li>\n<li>Struttura in alluminio progettata per un&#8217;efficace dissipazione del calore.<\/li>\n<\/ul>\n<h2>Configura il Tuo Servomotore Robotis XM430-W350-T per Ogni Esigenza<\/h2>\n<p>La versatilit\u00e0 dell&#8217;XM430-W350-T lo rende perfetto per una moltitudine di applicazioni. Sia che tu stia progettando un robot mobile, un braccio articolato o un sofisticato veicolo radiocomandato, puoi contare su questo servomotore per offrire prestazioni eccezionali.<\/p>\n<h2>Specifiche Tecniche del Servomotore XM430-W350-T<\/h2>\n<ul>\n<li>Incluso con l&#8217;attuatore Dynamixel XM430-W350-T:\n<ul>\n<li>1 barre d'\u00e9cartement HN12-N101<\/li>\n<li>Rondella in teflon per il montaggio della barra divaricatrice<\/li>\n<li>1 x 180 mm c\u00e2ble X3P<\/li>\n<li>Cavo X3P convertibile da 180 mm<\/li>\n<li>16 Bulloni WB M2.5*4<\/li>\n<li>Bullone WB M2.5*6<\/li>\n<li>10 Bulloni WB M2*3<\/li>\n<li>Anelli distanziali<\/li>\n<\/ul>\n<\/li>\n<li><strong>Specifiche:<\/strong>\n<ul>\n<li>Poids : 82 g<\/li>\n<li>Dimensioni: 28.5 x 46.5 x 34 mm<\/li>\n<li>Rapporto di riduzione: 353.5 : 1<\/li>\n<li>Coppia di avviamento (N.m): 3,8 @ 11,1 V; 4,1 @ 12 V; 4,8 @ 14,8 V<\/li>\n<li>Potenza di avviamento (A): 2,1 @ 11,1 V; 2,3 @ 12 V; 2,7 @ 14,8 V<\/li>\n<li>Velocit\u00e0 a vuoto (RPM): 43 @ 11,1 V; 46 @ 12 V; 57 @ 14,8 V<\/li>\n<li>Processore: ST CORTEX-M3 (STM32F103C8 @ 72MHz, 32BIT)<\/li>\n<li>Codeur absolu sans contact (12 bits, 360\u00b0)<\/li>\n<li>Moteur sans noyau<\/li>\n<li>R\u00e9solution : 0,088\u00b0 x 4,096<\/li>\n<li>Campo di funzionamento: 360\u00b0 in modalit\u00e0 di controllo della posizione; rotazione continua in modalit\u00e0 di controllo della velocit\u00e0<\/li>\n<li>Tensione di alimentazione: da 10 a 14,8 V (12 V consigliati)<\/li>\n<li>Temp\u00e9rature de fonctionnement : -5 \u00e0 80\u00b0C<\/li>\n<li>Signal de contr\u00f4le num\u00e9rique du paquet<\/li>\n<li>Protocole de communication : s\u00e9rie asynchrone semi-duplex (8 bits, 1 stop, pas de parit\u00e9)<\/li>\n<li>Connexion physique : bus TTL multipoints<\/li>\n<li>Adresses : 253 ID (0 \u00e0 252)<\/li>\n<li>Vitesse de transmission : 9600 bps \u00e0 4,5 Mbps<\/li>\n<li>Retour d'information : position, vitesse, courant, temps r\u00e9el, trajectoire, temp\u00e9rature, tension d'alimentation, etc.<\/li>\n<li>Alloggiamento: metallo e plastica tecnica per resistenza e durata<\/li>\n<li>Ruote in metallo per una maggiore stabilit\u00e0<\/li>\n<li>Courant de veille : 40 mA<\/li>\n<\/ul>\n<\/li>\n<\/ul>\n<\/div>\n<p><!-- .vgblk-rw-wrapper --><\/p>","protected":false},"excerpt":{"rendered":"<p>Le servomoteur Dynamixel XM430-W330-T offre des performances et un contr\u00f4le in\u00e9gal\u00e9s, ce qui le distingue de la concurrence.<\/p>","protected":false},"featured_media":1012133,"template":"","meta":[],"pwb-brand":[],"product_brand":[],"product_cat":[622],"product_tag":[],"class_list":{"0":"post-1010628","1":"product","2":"type-product","3":"status-publish","4":"has-post-thumbnail","6":"product_cat-servomotori","8":"first","9":"instock","10":"shipping-taxable","11":"product-type-simple"},"brands":[],"_links":{"self":[{"href":"https:\/\/store.todsystem.com\/fr\/wp-json\/wp\/v2\/product\/1010628","targetHints":{"allow":["GET"]}}],"collection":[{"href":"https:\/\/store.todsystem.com\/fr\/wp-json\/wp\/v2\/product"}],"about":[{"href":"https:\/\/store.todsystem.com\/fr\/wp-json\/wp\/v2\/types\/product"}],"version-history":[{"count":4,"href":"https:\/\/store.todsystem.com\/fr\/wp-json\/wp\/v2\/product\/1010628\/revisions"}],"predecessor-version":[{"id":1015025,"href":"https:\/\/store.todsystem.com\/fr\/wp-json\/wp\/v2\/product\/1010628\/revisions\/1015025"}],"wp:featuredmedia":[{"embeddable":true,"href":"https:\/\/store.todsystem.com\/fr\/wp-json\/wp\/v2\/media\/1012133"}],"wp:attachment":[{"href":"https:\/\/store.todsystem.com\/fr\/wp-json\/wp\/v2\/media?parent=1010628"}],"wp:term":[{"taxonomy":"pwb-brand","embeddable":true,"href":"https:\/\/store.todsystem.com\/fr\/wp-json\/wp\/v2\/pwb-brand?post=1010628"},{"taxonomy":"product_brand","embeddable":true,"href":"https:\/\/store.todsystem.com\/fr\/wp-json\/wp\/v2\/product_brand?post=1010628"},{"taxonomy":"product_cat","embeddable":true,"href":"https:\/\/store.todsystem.com\/fr\/wp-json\/wp\/v2\/product_cat?post=1010628"},{"taxonomy":"product_tag","embeddable":true,"href":"https:\/\/store.todsystem.com\/fr\/wp-json\/wp\/v2\/product_tag?post=1010628"}],"curies":[{"name":"wp","href":"https:\/\/api.w.org\/{rel}","templated":true}]}}