{"id":1010609,"date":"2024-09-05T09:51:36","date_gmt":"2024-09-05T09:51:36","guid":{"rendered":"https:\/\/store.todsystem.com\/prodotto\/mx-12w\/"},"modified":"2025-06-11T11:59:51","modified_gmt":"2025-06-11T11:59:51","slug":"servomotore-dynamixel-mx-12w","status":"publish","type":"product","link":"https:\/\/store.todsystem.com\/fr\/produit-2\/servomotore-dynamixel-mx-12w\/","title":{"rendered":"Servomoteur Dynamixel MX-12W"},"content":{"rendered":"<div class=\"vgblk-rw-wrapper limit-wrapper\"> <strong>Servomotore Dynamixel MX-12W &#8211; Servomotore Avanzato per Progetti Robotici<\/strong><\/p>\n<p>Le <strong>Servomoteur Dynamixel MX-12W<\/strong> rappresenta un&#8217;eccellenza tecnologica nella robotica grazie all&#8217;integrazione di un microcontrollore <strong>Cortex M3 32-bit 72MHz<\/strong>, a <strong>encoder magnetico contactless<\/strong> e comunicazione TTL, rendendolo ideale per una moltitudine di applicazioni robotiche. Grazie al suo design innovativo, questo servomotore unisce le <strong>dimensioni compatte<\/strong> della serie AX con le <strong>prestazioni elevate<\/strong> della serie MX, consentendo una monitorizzazione avanzata di parametri vitali come velocit\u00e0, temperatura, posizione dell&#8217;asse, tensione e carico.<\/p>\n<p>Utilizza il <strong>Servomoteur Dynamixel MX-12W<\/strong> per realizzare <strong>projets modulaires<\/strong> e <strong>r\u00e9seaux de servomoteurs<\/strong>, dotando i tuoi robot e strutture meccaniche di movimenti fluidi e potenti, perfetti per applicazioni in pinze, ruote e altro ancora. Grazie alla <strong>TTL Communication s\u00e9rie semi-duplex<\/strong>, potrai creare una rete composta da <strong>jusqu'\u00e0 254 servomoteurs<\/strong> con indirizzi indipendenti, ottimizzando cos\u00ec i tuoi progetti.<\/p>\n<p>L&#8217;innovativo microcontrollore integrato non solo gestisce il controllo della posizione tramite encoder, ma libera anche la scheda microcontrollore principale, permettendo di dedicarsi ad altre funzioni importanti. Il <strong>nuovo algoritmo di controllo PID<\/strong> permette di impostare individualmente la velocit\u00e0 e la forza per ciascun servomotore, per un controllo preciso e personalizzato.<\/p>\n<p>Il servomotore MX-12W funziona con una <strong>tensione operativa consigliata di 12V<\/strong>, consentendo un facile utilizzo insieme ai servomotori della <a href=\"https:\/\/www.robotstore.it\/Robotis\" target=\"_self\" rel=\"noopener nofollow\">S\u00e9rie AX<\/a> senza bisogno di separare le fonti di alimentazione.<\/p>\n<p>Questo servomotore \u00e8 estremamente versatile, operando in <strong>mode servomoteur<\/strong> con una rotazione di 360\u00b0, o in <strong>mode motor\u00e9ducteur<\/strong> con rotazione continua in entrambi i sensi. Lavora efficacemente con un range di tensione da 10V a 14.8V (<strong>tension recommand\u00e9e 12V<\/strong>) e sviluppa una coppia di stallo @12V di circa <strong>2Kg-cm<\/strong> (0.2N-m), insieme a una velocit\u00e0 di <strong>470 tr\/min<\/strong>.<\/p>\n<p>La programmazione \u00e8 ulteriormente semplificata grazie al supporto del <a href=\"http:\/\/support.robotis.com\/en\/techsupport_eng.htm#software\/roboplus_main.htm\" target=\"_blank\" rel=\"noopener nofollow\">software RoboPlus(R+)<\/a>.<\/p>\n<h2>Contenu du paquet<\/h2>\n<ul>\n<li>1x Servomotore Dynamixel MX-12W<\/li>\n<li>1x Cavo di collegamento (lunghezza 20cm)<\/li>\n<li>1x Staffa per servomotore con distanziatore<\/li>\n<li>1x Set di viti e dadi per il montaggio<\/li>\n<\/ul>\n<h2>Sp\u00e9cifications techniques<\/h2>\n<ul>\n<li>Tipo di motore: Cored<\/li>\n<li>Ingranaggi riduzione: Materiale plastico<\/li>\n<li>Tensione operativa: 10V~14.8V (raccomandata 12V)<\/li>\n<li>Temperatura operativa: -5\u00b0C ~ +80\u00b0C<\/li>\n<li>Rapporto di riduzione: 32:1<\/li>\n<li>Coppia di stallo: @12V: 2.0Kg-cm (0.2N-m)<\/li>\n<li>Velocit\u00e0 a vuoto: @12V: 470rpm<\/li>\n<li>Corrente di stallo: @12V: 0.6A<\/li>\n<li>Risoluzione: 0.088\u00b0<\/li>\n<li>Modalit\u00e0 operativa:\n<ul>\n<li>Modalit\u00e0 Servomotore: Rotazione 360\u00b0<\/li>\n<li>Modalit\u00e0 Motoriduttore: Rotazione continua in entrambi i sensi<\/li>\n<\/ul>\n<\/li>\n<li>Protocollo: Comunicazione seriale asincrona Half-duplex (8bit, 1 stop, No Parity)<\/li>\n<li>Comunicazione: TTL Multi Drop (connettore per collegamento a cascata)<\/li>\n<li>ID: 254 (0~253)<\/li>\n<li>Baud Rate: 8000bps~4.5Mbps<\/li>\n<li>Dati di feedback: Posizione, temperatura, carico, tensione di input, ecc.<\/li>\n<li>Sensore di posizione: Encoder magnetico contactless<\/li>\n<li>Dimensioni: 32 x 50 x 40mm<\/li>\n<li>Peso: 55g<\/li>\n<\/ul>\n<p><strong>N.B:<\/strong> La coppia di stallo indicata \u00e8 il valore massimo di coppia statica; per garantire <strong>movimenti stabili<\/strong> nei tuoi progetti robotici, considera sempre l&#8217;adeguatezza dell&#8217;implementazione.<\/p>\n<h2>Servomotore Dynamixel MX-106T: Potenza e Precisione per i Tuoi Progetti di Robotica<\/h2>\n<p>Le <strong>Servomoteur Dynamixel MX-106T<\/strong> rappresenta una scelta eccellente per ingegneri e appassionati di robotica che cercano elevata coppia e precisione. Ideale per applicazioni che richiedono un controllo preciso e un&#8217;elevata affidabilit\u00e0, questo servomotore \u00e8 progettato per svolgere un ruolo cruciale nel movimento dei tuoi robot.<\/p>\n<p>Quando si progetta un sistema di robotica, \u00e8 fondamentale considerare l&#8217;uso ottimale della coppia. Si raccomanda di non superare <strong>1\/5 della coppia di stallo<\/strong> per garantirne la longevit\u00e0 e la performance ottimale.<\/p>\n<h3>Documentazione e Risorse Utili<\/h3>\n<ul>\n<li>Per maggiori dettagli, consulta l&#8217;<a href=\"http:\/\/support.robotis.com\/en\/product\/actuator\/dynamixel\/mx_series\/mx-12w.htm\" target=\"_blank\" rel=\"noopener nofollow\">e-Manual<\/a>.<\/li>\n<li>Scarica i disegni tecnici nei seguenti formati:\n<ul>\n<li><a href=\"https:\/\/www.robotstore.it\/rsdocs\/documents\/Servomotore_Dynamixel_AX-12W_disegno-tecnico.pdf\" target=\"_blank\" rel=\"noopener nofollow\">PDF<\/a><\/li>\n<li><a href=\"https:\/\/www.robotstore.it\/rsdocs\/documents\/Servomotore_Dynamixel_AX-12W_disegno-tecnico(dwg).zip\" target=\"_blank\" rel=\"noopener nofollow\">DWG (.zip)<\/a><\/li>\n<\/ul>\n<\/li>\n<li>Utilizza la <a href=\"http:\/\/support.robotis.com\/en\/software\/dynamixelsdk.htm\" target=\"_blank\" rel=\"noopener nofollow\">Libreria Dynamixel<\/a> per un&#8217;integrazione semplice.<\/li>\n<li>Scarica il <a href=\"http:\/\/support.robotis.com\/en\/techsupport_eng.htm#software\/roboplus_main.htm\" target=\"_blank\" rel=\"noopener nofollow\">Software RoboPlus (R+)<\/a> per configurare e programmare il tuo servomotore.<\/li>\n<li>Controlla la <a href=\"http:\/\/support.robotis.com\/en\/techsupport_eng.htm#product\/controller_main.htm\" target=\"_blank\" rel=\"noopener nofollow\">compatibilit\u00e0 tra servomotori Dynamixel e microcontrollori Robotis<\/a>.<\/li>\n<li>Scopri come <a href=\"http:\/\/support.robotis.com\/en\/product\/actuator\/dynamixel\/dxl_mx_main.htm\" target=\"_blank\" rel=\"noopener nofollow\">collegare i servomotori della serie MX<\/a> ai tuoi progetti di robotica.<\/li>\n<\/ul>\n<\/div>\n<p><!-- .vgblk-rw-wrapper --><\/p>","protected":false},"excerpt":{"rendered":"<p>Aussi compact que la s\u00e9rie AX, aussi puissant que la s\u00e9rie MX.<\/p>\n<p>Ce servomoteur offre de hautes performances et une grande flexibilit\u00e9, gr\u00e2ce \u00e0 une \u00e9lectronique avanc\u00e9e et \u00e0 une communication TTL.<\/p>\n<p>Id\u00e9al pour cr\u00e9er des r\u00e9seaux de servomoteurs et r\u00e9aliser des projets robotiques personnalis\u00e9s.<\/p>\n<p>Avec un couple de d\u00e9crochage de 2 kg-cm, il garantit un contr\u00f4le pr\u00e9cis et fiable.<\/p>","protected":false},"featured_media":1013153,"template":"","meta":[],"pwb-brand":[],"product_brand":[],"product_cat":[622],"product_tag":[],"class_list":{"0":"post-1010609","1":"product","2":"type-product","3":"status-publish","4":"has-post-thumbnail","6":"product_cat-servomotori","8":"first","9":"instock","10":"shipping-taxable","11":"product-type-simple"},"brands":[],"_links":{"self":[{"href":"https:\/\/store.todsystem.com\/fr\/wp-json\/wp\/v2\/product\/1010609","targetHints":{"allow":["GET"]}}],"collection":[{"href":"https:\/\/store.todsystem.com\/fr\/wp-json\/wp\/v2\/product"}],"about":[{"href":"https:\/\/store.todsystem.com\/fr\/wp-json\/wp\/v2\/types\/product"}],"version-history":[{"count":5,"href":"https:\/\/store.todsystem.com\/fr\/wp-json\/wp\/v2\/product\/1010609\/revisions"}],"predecessor-version":[{"id":1015061,"href":"https:\/\/store.todsystem.com\/fr\/wp-json\/wp\/v2\/product\/1010609\/revisions\/1015061"}],"wp:featuredmedia":[{"embeddable":true,"href":"https:\/\/store.todsystem.com\/fr\/wp-json\/wp\/v2\/media\/1013153"}],"wp:attachment":[{"href":"https:\/\/store.todsystem.com\/fr\/wp-json\/wp\/v2\/media?parent=1010609"}],"wp:term":[{"taxonomy":"pwb-brand","embeddable":true,"href":"https:\/\/store.todsystem.com\/fr\/wp-json\/wp\/v2\/pwb-brand?post=1010609"},{"taxonomy":"product_brand","embeddable":true,"href":"https:\/\/store.todsystem.com\/fr\/wp-json\/wp\/v2\/product_brand?post=1010609"},{"taxonomy":"product_cat","embeddable":true,"href":"https:\/\/store.todsystem.com\/fr\/wp-json\/wp\/v2\/product_cat?post=1010609"},{"taxonomy":"product_tag","embeddable":true,"href":"https:\/\/store.todsystem.com\/fr\/wp-json\/wp\/v2\/product_tag?post=1010609"}],"curies":[{"name":"wp","href":"https:\/\/api.w.org\/{rel}","templated":true}]}}