{"id":1010608,"date":"2024-09-05T09:51:36","date_gmt":"2024-09-05T09:51:36","guid":{"rendered":"https:\/\/store.todsystem.com\/prodotto\/opencm-485-expansion-board\/"},"modified":"2025-06-11T11:59:51","modified_gmt":"2025-06-11T11:59:51","slug":"scheda-di-espansione-opencm-485","status":"publish","type":"product","link":"https:\/\/store.todsystem.com\/fr\/produit-2\/scheda-di-espansione-opencm-485\/","title":{"rendered":"Carte d'extension OpenCM 485"},"content":{"rendered":"<div class=\"vgblk-rw-wrapper limit-wrapper\">\n<h2>Scheda di Espansione OpenCM 485: Massimizza le Funzionalit\u00e0 della Tua Scheda di Controllo OpenCM9.04<\/h2>\n<p>La **Scheda di Espansione OpenCM 485** di <a class=\"catalogue\" title=\"Robotis\" href=\"https:\/\/www.generationrobots.com\/it\/81_robotis\" rel=\"nofollow noopener\" target=\"_blank\">Robotis<\/a> \u00e8 un accessorio indispensabile per gli utilizzatori delle schede di controllo **OpenCM9.04-B**, **OpenCM9.04-A**, e **OpenCM9.04-C**. Con questa scheda, avrai accesso a un incremento significativo delle porte di connessione per i tuoi <a class=\"catalogue\" title=\"Servomoteurs dynamom\u00e9triques pour la robotique et l&#039;automatisation\" href=\"https:\/\/www.generationrobots.com\/it\/169-servomotori-dynamixel\" rel=\"nofollow noopener\" target=\"_blank\">Servomoteurs Dynamixel<\/a>, garantendo una comunicazione efficace tramite collegamento TTL o RS-485.<\/p>\n<h2>Scopri le Applicazioni della Scheda di Espansione Robotis OpenCM 485<\/h2>\n<p>Utilizzando la **Scheda OpenCM 485**, potrai gestire un massimo di 9 servomotori Dynamixel, tra cui 5 servomotori con interfaccia TTL, come il <a class=\"catalogue\" title=\"Servomoteur Dynamixel XL-320\" href=\"https:\/\/www.generationrobots.com\/it\/401692-servomotore-dynamixel-xl-320.html\" rel=\"nofollow noopener\" target=\"_blank\">Servomoteur Dynamixel XL-320<\/a>. Questo servomotore \u00e8 particolarmente indicato per applicazioni nei robot, come il <a class=\"catalogue\" title=\"Robotis-Mini, robot humano\u00efde programmable\" href=\"https:\/\/www.generationrobots.com\/it\/401754-robot-umanoide-programmabile-robotis-mini.html\" rel=\"nofollow noopener\" target=\"_blank\">Robot Darwin Mini<\/a>. La scheda supporta anche i servomotori della <a class=\"catalogue\" title=\"Servomoteur Dynamixel AX-12A\" href=\"https:\/\/www.generationrobots.com\/it\/401075-servomotore-dynamixel-ax-12-a-robotis.html\" rel=\"nofollow noopener\" target=\"_blank\">S\u00e9rie AX<\/a>, utilizzati in vari kit di robotica, come il <a class=\"catalogue\" title=\"Kit robot humano\u00efde Robotis Premium\" href=\"https:\/\/www.generationrobots.com\/it\/401066-kit-bioloide-premium-robotis.html\" rel=\"nofollow noopener\" target=\"_blank\">Biolo\u00efde<\/a>, e il pi\u00f9 recente <a class=\"catalogue\" title=\"Servomoteur Dynamixel MX-28AR\" href=\"https:\/\/www.generationrobots.com\/it\/401859-servomotore-dynamixel-mx-28ar.html\" rel=\"nofollow noopener\" target=\"_blank\">Dynamixel MX<\/a>, dotato di protocollo RS-485 per una connessione ottimale.<\/p>\n<p>La scheda di espansione OpenCM 485 offre una soluzione versatile per ampliare le capacit\u00e0 della tua scheda di controllo OpenCM9.04-C, rendendola perfetta per integrare servomotori avanzati.<\/p>\n<h2>Specifiche Tecniche della Scheda di Espansione OpenCM 485 per Controller Robotis<\/h2>\n<ul>\n<li><strong>Dimensions :<\/strong> 68 x 66,5 x 16 mm<\/li>\n<li><strong>Poids :<\/strong> 32 g<\/li>\n<li><strong>Tensione di ingresso:<\/strong> 5-30 V<\/li>\n<li><strong>Alimentation \u00e9lectrique :<\/strong> SMPS, LIPO, DXL PRO 24V<\/li>\n<li><strong>Interruttore di alimentazione:<\/strong> S\u00ec<\/li>\n<li><strong>Porte Dynamixel a 4 pin:<\/strong> 4<\/li>\n<li><strong>Porte Dynamixel a 3 pin:<\/strong> 5<\/li>\n<\/ul>\n<\/div>\n<p><!-- .vgblk-rw-wrapper --><\/p>","protected":false},"excerpt":{"rendered":"<p>Cette carte s'int\u00e8gre parfaitement au contr\u00f4leur OpenCM9.04, vous offrant des ports Dynamixel suppl\u00e9mentaires pour un contr\u00f4le plus pr\u00e9cis et polyvalent de vos servos.<\/p>\n<p>&nbsp;<\/p>","protected":false},"featured_media":1012172,"template":"","meta":[],"pwb-brand":[],"product_brand":[],"product_cat":[622],"product_tag":[],"class_list":{"0":"post-1010608","1":"product","2":"type-product","3":"status-publish","4":"has-post-thumbnail","6":"product_cat-servomotori","8":"first","9":"instock","10":"shipping-taxable","11":"product-type-simple"},"brands":[],"_links":{"self":[{"href":"https:\/\/store.todsystem.com\/fr\/wp-json\/wp\/v2\/product\/1010608","targetHints":{"allow":["GET"]}}],"collection":[{"href":"https:\/\/store.todsystem.com\/fr\/wp-json\/wp\/v2\/product"}],"about":[{"href":"https:\/\/store.todsystem.com\/fr\/wp-json\/wp\/v2\/types\/product"}],"version-history":[{"count":5,"href":"https:\/\/store.todsystem.com\/fr\/wp-json\/wp\/v2\/product\/1010608\/revisions"}],"predecessor-version":[{"id":1015060,"href":"https:\/\/store.todsystem.com\/fr\/wp-json\/wp\/v2\/product\/1010608\/revisions\/1015060"}],"wp:featuredmedia":[{"embeddable":true,"href":"https:\/\/store.todsystem.com\/fr\/wp-json\/wp\/v2\/media\/1012172"}],"wp:attachment":[{"href":"https:\/\/store.todsystem.com\/fr\/wp-json\/wp\/v2\/media?parent=1010608"}],"wp:term":[{"taxonomy":"pwb-brand","embeddable":true,"href":"https:\/\/store.todsystem.com\/fr\/wp-json\/wp\/v2\/pwb-brand?post=1010608"},{"taxonomy":"product_brand","embeddable":true,"href":"https:\/\/store.todsystem.com\/fr\/wp-json\/wp\/v2\/product_brand?post=1010608"},{"taxonomy":"product_cat","embeddable":true,"href":"https:\/\/store.todsystem.com\/fr\/wp-json\/wp\/v2\/product_cat?post=1010608"},{"taxonomy":"product_tag","embeddable":true,"href":"https:\/\/store.todsystem.com\/fr\/wp-json\/wp\/v2\/product_tag?post=1010608"}],"curies":[{"name":"wp","href":"https:\/\/api.w.org\/{rel}","templated":true}]}}