{"id":1010602,"date":"2024-09-05T09:51:36","date_gmt":"2024-09-05T09:51:36","guid":{"rendered":"https:\/\/store.todsystem.com\/prodotto\/h42p-020-s300-r\/"},"modified":"2025-06-11T11:59:51","modified_gmt":"2025-06-11T11:59:51","slug":"servomotore-dynamixel-p-ph42-020-s300-r","status":"publish","type":"product","link":"https:\/\/store.todsystem.com\/fr\/produit-2\/servomotore-dynamixel-p-ph42-020-s300-r\/","title":{"rendered":"Servomoteur Dynamixel-P PH42-020-S300-R"},"content":{"rendered":"<div class=\"vgblk-rw-wrapper limit-wrapper\">\n<h2><span>Servomotore Dynamixel-P H42P-020-S300-R: Servomotore RS485 Compatto e Potente<\/span><\/h2>\n<p><span>Le <a class=\"catalogue\" title=\"Servomotori Dynamixel-P\" href=\"https:\/\/www.generationrobots.com\/fr\/216-servomoteurs-dynamixel-p\" rel=\"nofollow noopener\" target=\"_blank\">servomotore Dynamixel-P H42P-020-S300-R<\/a> \u00e8 un attuatore all-in-one, progettato per offrire prestazioni elevate attraverso il bus di comunicazione multidrop RS485. Questo servomotore \u00e8 ideale per chi cerca un dispositivo compatto, ma altamente efficiente.<\/span><\/p>\n<p><span>Con cinque modalit\u00e0 operative, tra cui il controllo della posizione estesa e il controllo PWM, questo servomotore permette un controllo ottimale dell&#8217;accelerazione e della frenata nei robot mobili. Pur avendo una potenza inferiore rispetto ai modelli da 100 o 200 W, il H42P-020-S300-R offre coppia, precisione e velocit\u00e0 eccezionali, grazie a una risoluzione di 607.500 impulsi per giro e un rapporto di riduzione superiore a 300:1. Il servomotore pesa solo 340 g, rendendolo facilmente adattabile a varie configurazioni nei vostri sistemi robotici.<\/span><\/p>\n<h2><span>Affidabilit\u00e0 e Precisione della Gamma Dynamixel-P<\/span><\/h2>\n<p><span>La serie Dynamixel-P ha rivoluzionato le prestazioni dei servomotori, enfatizzando l&#8217;affidabilit\u00e0 e la risoluzione. Ogni modello consente una precisione di movimento superiore e un notevole tempo di risposta, riducendo al contempo il rumore e il rischio di surriscaldamento. I connettori JST sono stati migliorati per una maggiore durata e facilit\u00e0 d&#8217;uso, mentre la scheda di controllo programmabile \u00e8 stata adattata per includere tutte le funzioni avanzate dei dispositivi della Serie X.<\/span><\/p>\n<h2><span>Dettagli Tecnici del Servomotore Dynamixel H42P-020-S300-R<\/span><\/h2>\n<ul>\n<li><span><strong>Motore:<\/strong> BLDC Maxon<\/span><\/li>\n<li><span><strong>Velocit\u00e0 di trasmissione:<\/strong> da 9600 bps a 10,5 Mbps<\/span><\/li>\n<li><span><strong>Modalit\u00e0 operative:<\/strong>\n<ul>\n<li><span>Controllo della coppia<\/span><\/li>\n<li><span>Controllo della velocit\u00e0<\/span><\/li>\n<li><span>Controllo della posizione<\/span><\/li>\n<li><span>Controllo di posizione esteso<\/span><\/li>\n<li><span>Controllo PWM (controllo della tensione)<\/span><\/li>\n<\/ul>\n<p><\/span><\/li>\n<li><span><strong>Poids :<\/strong> 340 g<\/span><\/li>\n<li><span><strong>Dimensions :<\/strong> 42 x 84 x 42 mm<\/span><\/li>\n<li><span><strong>R\u00e9solution :<\/strong> 607.500 impulsi per giro<\/span><\/li>\n<li><span><strong>Rapporto di riduzione:<\/strong> 303,75:1<\/span><\/li>\n<li><span><strong>Gioco angolare:<\/strong> &lt;6 [arcmin], 0,1 [\u00b0]<\/span><\/li>\n<li><span><strong>Carico radiale:<\/strong> 280 [N] (a 10 [mm] dal timone)<\/span><\/li>\n<li><span><strong>Carico assiale:<\/strong> 100 [N]<\/span><\/li>\n<li><span><strong>Vitesse \u00e0 vide :<\/strong> 32,7 [giri\/min]<\/span><\/li>\n<li><span><strong>Corrente a vuoto:<\/strong> 0,57 [A]<\/span><\/li>\n<li><span><strong>Velocit\u00e0 continua:<\/strong> 29,2 [giri\/min]<\/span><\/li>\n<li><span><strong>Coppia continua:<\/strong> 5,1 [Nm]<\/span><\/li>\n<li><span><strong>Corrente continua:<\/strong> 1,5 [A]<\/span><\/li>\n<li><span><strong>Potenza:<\/strong> 20 [W]<\/span><\/li>\n<li><span><strong>Temp\u00e9rature de fonctionnement :<\/strong> -5 ~ 55 [\u00b0C]<\/span><\/li>\n<li><span><strong>Voltaggio in ingresso:<\/strong> 24 [V]<\/span><\/li>\n<li><span><strong>Segnale di controllo:<\/strong> pacchetto digitale<\/span><\/li>\n<li><span><strong>Protocole :<\/strong> comunicazione seriale asincrona RS485 (8 bit, 1 stop, nessuna parit\u00e0)<\/span><\/li>\n<li><span><strong>Connessione fisica:<\/strong> bus multidrop RS485<\/span><\/li>\n<li><span><strong>ID :<\/strong> 253 ID (0 ~ 252)<\/span><\/li>\n<li><span><strong>Corrente in standby:<\/strong> 30 [mA]<\/span><\/li>\n<\/ul>\n<\/div>\n<p><!-- .vgblk-rw-wrapper --><\/p>","protected":false},"excerpt":{"rendered":"<p>Avec une r\u00e9solution de 607 500 pas\/r\u00e9volution et un couple de 25,3 Nm, le servomoteur Dynamixel-P H42P-020-S300-R offre une pr\u00e9cision de contr\u00f4le et une puissance exceptionnelles.  Sa construction robuste et ses mat\u00e9riaux de haute qualit\u00e9 le rendent id\u00e9al pour les applications lourdes et les environnements industriels.<\/p>","protected":false},"featured_media":1012029,"template":"","meta":[],"pwb-brand":[],"product_brand":[],"product_cat":[622],"product_tag":[],"class_list":{"0":"post-1010602","1":"product","2":"type-product","3":"status-publish","4":"has-post-thumbnail","6":"product_cat-servomotori","8":"first","9":"instock","10":"shipping-taxable","11":"product-type-simple"},"brands":[],"_links":{"self":[{"href":"https:\/\/store.todsystem.com\/fr\/wp-json\/wp\/v2\/product\/1010602","targetHints":{"allow":["GET"]}}],"collection":[{"href":"https:\/\/store.todsystem.com\/fr\/wp-json\/wp\/v2\/product"}],"about":[{"href":"https:\/\/store.todsystem.com\/fr\/wp-json\/wp\/v2\/types\/product"}],"version-history":[{"count":6,"href":"https:\/\/store.todsystem.com\/fr\/wp-json\/wp\/v2\/product\/1010602\/revisions"}],"predecessor-version":[{"id":1015054,"href":"https:\/\/store.todsystem.com\/fr\/wp-json\/wp\/v2\/product\/1010602\/revisions\/1015054"}],"wp:featuredmedia":[{"embeddable":true,"href":"https:\/\/store.todsystem.com\/fr\/wp-json\/wp\/v2\/media\/1012029"}],"wp:attachment":[{"href":"https:\/\/store.todsystem.com\/fr\/wp-json\/wp\/v2\/media?parent=1010602"}],"wp:term":[{"taxonomy":"pwb-brand","embeddable":true,"href":"https:\/\/store.todsystem.com\/fr\/wp-json\/wp\/v2\/pwb-brand?post=1010602"},{"taxonomy":"product_brand","embeddable":true,"href":"https:\/\/store.todsystem.com\/fr\/wp-json\/wp\/v2\/product_brand?post=1010602"},{"taxonomy":"product_cat","embeddable":true,"href":"https:\/\/store.todsystem.com\/fr\/wp-json\/wp\/v2\/product_cat?post=1010602"},{"taxonomy":"product_tag","embeddable":true,"href":"https:\/\/store.todsystem.com\/fr\/wp-json\/wp\/v2\/product_tag?post=1010602"}],"curies":[{"name":"wp","href":"https:\/\/api.w.org\/{rel}","templated":true}]}}