{"id":1010598,"date":"2024-09-05T09:51:36","date_gmt":"2024-09-05T09:51:36","guid":{"rendered":"https:\/\/store.todsystem.com\/prodotto\/mx-106r-6pcs-bulk\/"},"modified":"2025-06-11T11:59:51","modified_gmt":"2025-06-11T11:59:51","slug":"confezione-di-6-servomotori-dynamixel-mx-106r","status":"publish","type":"product","link":"https:\/\/store.todsystem.com\/fr\/produit-2\/confezione-di-6-servomotori-dynamixel-mx-106r\/","title":{"rendered":"Lot de 6 servomoteurs Dynamixel MX-106R"},"content":{"rendered":"<div class=\"vgblk-rw-wrapper limit-wrapper\">\n<h2>Confezione da 6 Servomotori Dynamixel MX-106R<\/h2>\n<p>Scopri la nostra <strong>confezione da 6 servomotori Dynamixel MX-106R<\/strong>, progettata per offrire prestazioni elevate e versatilit\u00e0 nei tuoi progetti di robotica e automazione. Questi servomotori di alta qualit\u00e0 sono ideali per applicazioni che richiedono azionamenti precisi e affidabili.<\/p>\n<p>Si prega di notare che i <strong>servomotori Dynamixel MX-106R<\/strong> vengono forniti senza accessori, come viti, distanziatori o cavi. Puoi facilmente trovare tutti gli accessori necessari nel nostro catalogo online, per completare il tuo kit e ottimizzare le tue costruzioni.<\/p>\n<p>Questi servomotori sono perfetti per sviluppatori, hobbisti e studenti che desiderano realizzare progetti innovativi e di qualit\u00e0. Approfitta delle potenzialit\u00e0 dei <a class=\"catalogue\" title=\"Servomoteur Dynamixel MX-106R\" href=\"https:\/\/www.generationrobots.com\/it\/401078-servomotore-dynamixel-mx-106r.html\" rel=\"nofollow noopener\" target=\"_blank\">Servomoteurs Dynamixel<\/a> e porta i tuoi robot a un livello superiore!<\/p>\n<p><meta name=\"description\" content=\"Acquista la confezione da 6 servomotori Dynamixel MX-106R, perfetti per progetti di robotica. Gli accessori devono essere acquistati separatamente.\"><\/div>\n<p><!-- .vgblk-rw-wrapper --><\/p>","protected":false},"excerpt":{"rendered":"<p>Lot de 6 servomoteurs Dynamixel MX-106R, le choix id\u00e9al pour les projets robotiques avanc\u00e9s. Ces puissants servomoteurs offrent un contr\u00f4le pr\u00e9cis et un couple \u00e9lev\u00e9, parfaits pour des mouvements fluides et complexes.  Vis, entretoises et c\u00e2bles non inclus, qui doivent \u00eatre achet\u00e9s ailleurs sur ce site.<\/p>","protected":false},"featured_media":1012200,"template":"","meta":[],"pwb-brand":[],"product_brand":[],"product_cat":[622],"product_tag":[],"class_list":{"0":"post-1010598","1":"product","2":"type-product","3":"status-publish","4":"has-post-thumbnail","6":"product_cat-servomotori","8":"first","9":"instock","10":"shipping-taxable","11":"product-type-simple"},"brands":[],"_links":{"self":[{"href":"https:\/\/store.todsystem.com\/fr\/wp-json\/wp\/v2\/product\/1010598","targetHints":{"allow":["GET"]}}],"collection":[{"href":"https:\/\/store.todsystem.com\/fr\/wp-json\/wp\/v2\/product"}],"about":[{"href":"https:\/\/store.todsystem.com\/fr\/wp-json\/wp\/v2\/types\/product"}],"version-history":[{"count":6,"href":"https:\/\/store.todsystem.com\/fr\/wp-json\/wp\/v2\/product\/1010598\/revisions"}],"predecessor-version":[{"id":1015050,"href":"https:\/\/store.todsystem.com\/fr\/wp-json\/wp\/v2\/product\/1010598\/revisions\/1015050"}],"wp:featuredmedia":[{"embeddable":true,"href":"https:\/\/store.todsystem.com\/fr\/wp-json\/wp\/v2\/media\/1012200"}],"wp:attachment":[{"href":"https:\/\/store.todsystem.com\/fr\/wp-json\/wp\/v2\/media?parent=1010598"}],"wp:term":[{"taxonomy":"pwb-brand","embeddable":true,"href":"https:\/\/store.todsystem.com\/fr\/wp-json\/wp\/v2\/pwb-brand?post=1010598"},{"taxonomy":"product_brand","embeddable":true,"href":"https:\/\/store.todsystem.com\/fr\/wp-json\/wp\/v2\/product_brand?post=1010598"},{"taxonomy":"product_cat","embeddable":true,"href":"https:\/\/store.todsystem.com\/fr\/wp-json\/wp\/v2\/product_cat?post=1010598"},{"taxonomy":"product_tag","embeddable":true,"href":"https:\/\/store.todsystem.com\/fr\/wp-json\/wp\/v2\/product_tag?post=1010598"}],"curies":[{"name":"wp","href":"https:\/\/api.w.org\/{rel}","templated":true}]}}