{"id":1010596,"date":"2024-09-05T09:51:36","date_gmt":"2024-09-05T09:51:36","guid":{"rendered":"https:\/\/store.todsystem.com\/prodotto\/mx-64r-6pcs-bulk\/"},"modified":"2025-06-11T11:59:51","modified_gmt":"2025-06-11T11:59:51","slug":"confezione-di-6-servomotori-mx-64r-dynamixel","status":"publish","type":"product","link":"https:\/\/store.todsystem.com\/fr\/produit-2\/confezione-di-6-servomotori-mx-64r-dynamixel\/","title":{"rendered":"Lot de 6 servomoteurs MX-64R Dynamixel"},"content":{"rendered":"<div class=\"vgblk-rw-wrapper limit-wrapper\">\n<h2>Confezione di 6 Servomotori Dynamixel MX-64R: Potenzia il Tuo Robot Mobile con Precisione e Affidabilit\u00e0<\/h2>\n<p>Scopri l\u2019innovazione dei <strong>Servomoteurs Dynamixel MX-64R<\/strong>, progettati per garantire ai tuoi progetti robotici prestazioni eccezionali, precisione e robustezza. Installando questi 6 servomotori sul tuo robot mobile o articolato, ti prepari a elevate possibilit\u00e0 di creazione:<\/p>\n<ul>\n<li>Controllo ultra preciso della velocit\u00e0 e della posizione grazie alla risoluzione di 12 bit;<\/li>\n<li>Struttura in alluminio leggera e resistente, progettata per resistere al surriscaldamento;<\/li>\n<li>Interfaccia RS-485 multi-drop per comunicazioni snelle e veloci;<\/li>\n<li>Velocit\u00e0 di trasmissione dati che raggiunge i 4,5 Mbps!<\/li>\n<\/ul>\n<p>Compatible con il servo RX-64, questi servomotori offrono una versatilit\u00e0 incredibile in termini di montaggio e integrazione con telai e staffe esistenti.<\/p>\n<p>Questa confezione include 6 servomotori nudi, senza accessori come <a class=\"catalogue\" title=\"Alimentation des composants Dynamixel et des servomoteurs\" href=\"https:\/\/www.generationrobots.com\/it\/134-moduli-e-parti-dynamixel\" rel=\"nofollow noopener\" target=\"_blank\">vis, cadres et croix<\/a>.<\/p>\n<h2>Inizia la Creazione con i Servomotori MX-64R!<\/h2>\n<p>Che tu stia progettando un robot a 6 ruote, un treppiede fluido, un braccio articolato o un robot umanoide, i <a class=\"catalogue\" title=\"Servomoteur Dynamixel MX-64R\" href=\"https:\/\/www.generationrobots.com\/it\/401081-servomotore-dynamixel-mx-64r.html\" rel=\"nofollow noopener\" target=\"_blank\">Servomoteurs Dynamixel MX-64R<\/a> ampliano le tue opzioni quando utilizzati in gruppo. Scegli tra diverse dimensioni e prestazioni per trovare la combinazione perfetta per il tuo progetto.<\/p>\n<p>Grazie al sensore di posizione assoluta senza contatto e alla risoluzione di 12 bit, i MX-64R ti consentono un controllo preciso della posizione a 360\u00b0, oltre a una rotazione continua e a una gestione avanzata della coppia.<\/p>\n<p>La tecnologia di controllo PID (\u00a0<a class=\"catalogue\" title=\"Articolo di Wikipedia sul regolatore proporzionale integrale derivato utilizzato nel servomotore Dynamixel MX-64R\" href=\"http:\/\/fr.wikipedia.org\/wiki\/R%C3%A9gulateur_PID\" rel=\"nofollow noopener\" target=\"_blank\">proportionnelle int\u00e9grale d\u00e9riv\u00e9e<\/a>) assicura che ogni motore operi al massimo dell&#8217;efficienza, permettendo di personalizzare i parametri motore per motore. Inoltre, il servomotore MX-64R supporta il robusto protocollo di comunicazione RS485.<\/p>\n<h2>Specifiche Tecniche dei Servomotori 6 902-0070-000<\/h2>\n<ul>\n<li>Poids : 126 g<\/li>\n<li>Dimensions : 40,2 x 61,1 x 41 mm<\/li>\n<li>Taux de r\u00e9duction : 200 : 1<\/li>\n<li>Couple de d\u00e9crochage (N.m) : 5,5 @ 10 V ; 6 @ 12 V ; 7,3 @ 14,8 V<\/li>\n<li>Courant de d\u00e9crochage (A) : 3,9 @ 10 V ; 4,1 @ 12 V ; 5,2 @ 14,8 V<\/li>\n<li>Vitesse \u00e0 vide (RPM) : 58 @ 10 V ; 63 @ 12 V ; 78 @ 14.8 V<\/li>\n<li>Moteur Maxon<\/li>\n<li>Angle de contr\u00f4le minimal : environ 0,088\u00b0 x 4,096<\/li>\n<li>Domaine d'activit\u00e9 :\n<ul>\n<li>Mode d'actionnement : 360<\/li>\n<li>Mode servo : rotation continue<\/li>\n<li>Tension de fonctionnement : 10 \u00e0 14,8 V (tension recommand\u00e9e : 12 V)<\/li>\n<li>Temp\u00e9rature de fonctionnement : -5\u00b0C \u00e0 80\u00b0C<\/li>\n<li>Signal de commande num\u00e9rique de l'emballage<\/li>\n<li>Protocole de communication : RS485 (communication s\u00e9rie asynchrone : 8 bits, 1 stop, pas de parit\u00e9)<\/li>\n<li>Connexion : bus multi drop RS-485<\/li>\n<li>254 ID (0-253)<\/li>\n<li>Vitesse de transmission : 8000 bps \u00e0 environ 4,5 Mbps<\/li>\n<li>Fonctions de r\u00e9troaction : position, temp\u00e9rature, charge, tension d'alimentation, etc.<\/li>\n<li>Bo\u00eetier industriel en plastique<\/li>\n<li>Engrenages m\u00e9talliques<\/li>\n<li>Capteur de position : codeur absolu sans contact AMS<\/li>\n<li>Posizione di default: ID#1 &#8211; 57600 bps.<\/li>\n<\/ul>\n<\/li>\n<\/ul>\n<\/div>\n<p><!-- .vgblk-rw-wrapper --><\/p>","protected":false},"excerpt":{"rendered":"<p>Les servomoteurs Dynamixel MX-64R sont la solution parfaite pour vos projets robotiques les plus ambitieux.  Avec un couple \u00e9lev\u00e9 et une communication RS-485 ultra rapide, ces moteurs offrent un contr\u00f4le pr\u00e9cis et r\u00e9actif.   Leur polyvalence les rend id\u00e9aux pour les robots articul\u00e9s, les bras m\u00e9caniques et bien plus encore.<\/p>\n<p>&nbsp;<\/p>","protected":false},"featured_media":1012209,"template":"","meta":[],"pwb-brand":[],"product_brand":[],"product_cat":[622],"product_tag":[],"class_list":{"0":"post-1010596","1":"product","2":"type-product","3":"status-publish","4":"has-post-thumbnail","6":"product_cat-servomotori","8":"first","9":"instock","10":"shipping-taxable","11":"product-type-simple"},"brands":[],"_links":{"self":[{"href":"https:\/\/store.todsystem.com\/fr\/wp-json\/wp\/v2\/product\/1010596","targetHints":{"allow":["GET"]}}],"collection":[{"href":"https:\/\/store.todsystem.com\/fr\/wp-json\/wp\/v2\/product"}],"about":[{"href":"https:\/\/store.todsystem.com\/fr\/wp-json\/wp\/v2\/types\/product"}],"version-history":[{"count":5,"href":"https:\/\/store.todsystem.com\/fr\/wp-json\/wp\/v2\/product\/1010596\/revisions"}],"predecessor-version":[{"id":1015048,"href":"https:\/\/store.todsystem.com\/fr\/wp-json\/wp\/v2\/product\/1010596\/revisions\/1015048"}],"wp:featuredmedia":[{"embeddable":true,"href":"https:\/\/store.todsystem.com\/fr\/wp-json\/wp\/v2\/media\/1012209"}],"wp:attachment":[{"href":"https:\/\/store.todsystem.com\/fr\/wp-json\/wp\/v2\/media?parent=1010596"}],"wp:term":[{"taxonomy":"pwb-brand","embeddable":true,"href":"https:\/\/store.todsystem.com\/fr\/wp-json\/wp\/v2\/pwb-brand?post=1010596"},{"taxonomy":"product_brand","embeddable":true,"href":"https:\/\/store.todsystem.com\/fr\/wp-json\/wp\/v2\/product_brand?post=1010596"},{"taxonomy":"product_cat","embeddable":true,"href":"https:\/\/store.todsystem.com\/fr\/wp-json\/wp\/v2\/product_cat?post=1010596"},{"taxonomy":"product_tag","embeddable":true,"href":"https:\/\/store.todsystem.com\/fr\/wp-json\/wp\/v2\/product_tag?post=1010596"}],"curies":[{"name":"wp","href":"https:\/\/api.w.org\/{rel}","templated":true}]}}