{"id":1010595,"date":"2024-09-05T09:51:36","date_gmt":"2024-09-05T09:51:36","guid":{"rendered":"https:\/\/store.todsystem.com\/prodotto\/mx-64t-6pcs-bulk\/"},"modified":"2025-06-11T11:59:50","modified_gmt":"2025-06-11T11:59:50","slug":"confezione-di-6-servomotori-mx-64t-dynamixel","status":"publish","type":"product","link":"https:\/\/store.todsystem.com\/fr\/produit-2\/confezione-di-6-servomotori-mx-64t-dynamixel\/","title":{"rendered":"Lot de 6 servomoteurs MX-64T Dynamixel"},"content":{"rendered":"<div class=\"vgblk-rw-wrapper limit-wrapper\">\n<h2>Confezione di 6 Servomotori Dynamixel MX-64R: Prestazioni Avanzate per il Tuo Robot Mobile<\/h2>\n<p>Se desideri costruire il <strong>robot mobile dei tuoi sogni<\/strong>, la <strong>confezione di 6 servomotori Dynamixel MX-64R<\/strong> \u00e8 la scelta ideale. Con queste caratteristiche, il tuo robot raggiunger\u00e0 performance senza precedenti:<\/p>\n<ul>\n<li>Controllo di velocit\u00e0 e posizione senza pari grazie a una risoluzione eccezionale.<\/li>\n<li>Costruiti con un alloggiamento in alluminio di alta qualit\u00e0, leggeri e resistenti al surriscaldamento.<\/li>\n<li>Collegamento RS-485 multi-drop che garantisce comunicazione fluida e immediata.<\/li>\n<li>Velocit\u00e0 di trasmissione dati fino a 4,5 Mbps, per operazioni rapide ed efficienti!<\/li>\n<\/ul>\n<p>I servomotori Dynamixel MX-64R mantengono le stesse dimensioni del servo RX-64, garantendo un&#8217;eccellente compatibilit\u00e0 con telai, staffe di montaggio e accessori.<\/p>\n<p>**Nota:** Questa confezione include esclusivamente 6 servomotori senza accessori tradizionali come <a class=\"catalogue\" title=\"Alimentation des composants Dynamixel et des servomoteurs\" href=\"https:\/\/www.generationrobots.com\/it\/134-moduli-e-parti-dynamixel\" rel=\"nofollow noopener\" target=\"_blank\">vis, cadres et croix<\/a>. Solo servomotori nudi sono inclusi.<\/p>\n<h2>Inizia con i 6 Servomotori MX-64R: Versatilit\u00e0 Illimitata<\/h2>\n<p>Dai vita a progetti innovativi come robot a 6 ruote, treppiedi filanti, bracci articolati o robot umanoidi; con i <a class=\"catalogue\" title=\"Servomoteur Dynamixel MX-64R\" href=\"https:\/\/www.generationrobots.com\/it\/401081-servomotore-dynamixel-mx-64r.html\" rel=\"nofollow noopener\" target=\"_blank\">Servomoteurs Dynamixel MX-64R<\/a> le possibilit\u00e0 sono infinite! Disponibili in varie forme e dimensioni, questi servomotori sono progettati per essere utilizzati in sinergia, aumentando le potenzialit\u00e0 del tuo progetto.<\/p>\n<p>Ogni servomotore MX-64R \u00e8 dotato di un sensore di posizione assoluta senza contatto con precisione a 12 bit, permettendo un controllo della posizione a 360\u00b0 e una rotazione continua con stima della coppia basata sulla corrente.<\/p>\n<p>Il controllo PID (\u00a0<a class=\"catalogue\" title=\"Articolo di Wikipedia sul regolatore proporzionale integrale derivato utilizzato nel servomotore Dynamixel MX-64R\" href=\"http:\/\/fr.wikipedia.org\/wiki\/R%C3%A9gulateur_PID\" rel=\"nofollow noopener\" target=\"_blank\">int\u00e9grale proportionnelle d\u00e9riv\u00e9e<\/a>) \u00e8 altamente regolabile, consentendo di modificare i parametri per ogni motore. I servomotori supportano anche il protocollo di comunicazione RS485, rendendo l\u2019integrazione semplice e veloce.<\/p>\n<h2>Specifiche Tecniche dei Servomotori 6 902-0070-000<\/h2>\n<ul>\n<li>Poids : 126 g<\/li>\n<li>Dimensions : 40,2 x 61,1 x 41 mm<\/li>\n<li>Taux de r\u00e9duction : 200 : 1<\/li>\n<li>Couple de d\u00e9crochage (N.m) : 5,5 @ 10 V ; 6 @ 12 V ; 7,3 @ 14,8 V<\/li>\n<li>Courant de d\u00e9crochage (A) : 3,9 @ 10 V ; 4,1 @ 12 V ; 5,2 @ 14,8 V<\/li>\n<li>Vitesse \u00e0 vide (RPM) : 58 @ 10 V ; 63 @ 12 V ; 78 @ 14.8 V<\/li>\n<li>Moteur Maxon<\/li>\n<li>Angolo di controllo minimo: circa 0,088\u00b0 x 4,096<\/li>\n<li>Domaine d'activit\u00e9 :\n<ul>\n<li>Mode d'actionnement : 360<\/li>\n<li>Mode servo : rotation continue<\/li>\n<li>Tension de fonctionnement : 10 \u00e0 14,8 V (tension recommand\u00e9e : 12 V)<\/li>\n<li>Temp\u00e9rature de fonctionnement : -5\u00b0C \u00e0 80\u00b0C<\/li>\n<li>Signal de commande num\u00e9rique de l'emballage<\/li>\n<li>Protocollo di comunicazione: RS485 (seriale asincrona: 8 bit, 1 stop, nessuna parit\u00e0)<\/li>\n<li>Connexion : bus multi drop RS-485<\/li>\n<li>254 ID (0-253)<\/li>\n<li>Tasso di trasmissione: 8000 bps a circa 4,5 Mbps<\/li>\n<li>Fonctions de r\u00e9troaction : position, temp\u00e9rature, charge, tension d'alimentation, etc.<\/li>\n<li>Bo\u00eetier industriel en plastique<\/li>\n<li>Engrenages m\u00e9talliques<\/li>\n<li>Capteur de position : codeur absolu sans contact AMS<\/li>\n<li>Posizione di default: ID#1 &#8211; 57600 bps<\/li>\n<\/ul>\n<\/li>\n<\/ul>\n<p>&nbsp;<\/p><\/div>\n<p><!-- .vgblk-rw-wrapper --><\/p>","protected":false},"excerpt":{"rendered":"<p>Questa confezione da 6 servomotori ti offre tutto il necessario per costruire robot ad alte prestazioni.<\/p>\n<p>Grazie alla comunicazione RS-485 e alle loro caratteristiche avanzate, i MX-64T sono perfetti per realizzare progetti robotici dinamici e precisi<\/p>","protected":false},"featured_media":1012209,"template":"","meta":[],"pwb-brand":[],"product_brand":[],"product_cat":[622],"product_tag":[],"class_list":{"0":"post-1010595","1":"product","2":"type-product","3":"status-publish","4":"has-post-thumbnail","6":"product_cat-servomotori","8":"first","9":"instock","10":"shipping-taxable","11":"product-type-simple"},"brands":[],"_links":{"self":[{"href":"https:\/\/store.todsystem.com\/fr\/wp-json\/wp\/v2\/product\/1010595","targetHints":{"allow":["GET"]}}],"collection":[{"href":"https:\/\/store.todsystem.com\/fr\/wp-json\/wp\/v2\/product"}],"about":[{"href":"https:\/\/store.todsystem.com\/fr\/wp-json\/wp\/v2\/types\/product"}],"version-history":[{"count":6,"href":"https:\/\/store.todsystem.com\/fr\/wp-json\/wp\/v2\/product\/1010595\/revisions"}],"predecessor-version":[{"id":1015069,"href":"https:\/\/store.todsystem.com\/fr\/wp-json\/wp\/v2\/product\/1010595\/revisions\/1015069"}],"wp:featuredmedia":[{"embeddable":true,"href":"https:\/\/store.todsystem.com\/fr\/wp-json\/wp\/v2\/media\/1012209"}],"wp:attachment":[{"href":"https:\/\/store.todsystem.com\/fr\/wp-json\/wp\/v2\/media?parent=1010595"}],"wp:term":[{"taxonomy":"pwb-brand","embeddable":true,"href":"https:\/\/store.todsystem.com\/fr\/wp-json\/wp\/v2\/pwb-brand?post=1010595"},{"taxonomy":"product_brand","embeddable":true,"href":"https:\/\/store.todsystem.com\/fr\/wp-json\/wp\/v2\/product_brand?post=1010595"},{"taxonomy":"product_cat","embeddable":true,"href":"https:\/\/store.todsystem.com\/fr\/wp-json\/wp\/v2\/product_cat?post=1010595"},{"taxonomy":"product_tag","embeddable":true,"href":"https:\/\/store.todsystem.com\/fr\/wp-json\/wp\/v2\/product_tag?post=1010595"}],"curies":[{"name":"wp","href":"https:\/\/api.w.org\/{rel}","templated":true}]}}