{"id":1010577,"date":"2024-09-05T09:51:34","date_gmt":"2024-09-05T09:51:34","guid":{"rendered":"https:\/\/store.todsystem.com\/prodotto\/servo-motor-sm-10\/"},"modified":"2025-06-11T11:59:53","modified_gmt":"2025-06-11T11:59:53","slug":"servomoteur-sm-10","status":"publish","type":"product","link":"https:\/\/store.todsystem.com\/fr\/produit-2\/servomoteur-sm-10\/","title":{"rendered":"Servomoteur SM-10"},"content":{"rendered":"<div class=\"vgblk-rw-wrapper limit-wrapper\"> <strong>Pr\u00e9cision et polyvalence des commandes : motor\u00e9ducteur OLLO OGM-10<\/strong><\/p>\n<p>D\u00e9couvrez le motor\u00e9ducteur OLLO OGM-10, con\u00e7u pour offrir une mobilit\u00e9 et un contr\u00f4le exceptionnels. Gr\u00e2ce \u00e0 son mode de rotation intelligent, ce moteur vous permet de vous d\u00e9placer dans diff\u00e9rentes directions avec facilit\u00e9. En mode articulation, vous pouvez r\u00e9gler avec pr\u00e9cision la vitesse de rotation et d\u00e9finir une valeur de position sp\u00e9cifique, ce qui permet des mouvements contr\u00f4l\u00e9s au millim\u00e8tre pr\u00e8s.<\/p>\n<p>Parfaite pour les applications n\u00e9cessitant des articulations, des dispositifs d'orientation ou le maintien d'angles pr\u00e9d\u00e9termin\u00e9s avec une grande pr\u00e9cision, l'OGM-10 est l'alli\u00e9e id\u00e9ale de vos projets d'automatisation.<\/p>\n<p><strong>Contenu du paquet<\/strong><\/p>\n<ul>\n<li>1 Servomoteur de haute qualit\u00e9<\/li>\n<li>1 c\u00e2ble \u00e0 5 broches pour une connexion rapide et facile<\/li>\n<\/ul>\n<p><strong>Sp\u00e9cifications du mat\u00e9riel<\/strong><\/p>\n<ul>\n<li><strong>Poids :<\/strong> 16 g<\/li>\n<li><strong>Dimensions :<\/strong> 18 x 36 x 27 mm (corne comprise)<\/li>\n<li><strong>Rapport de transmission :<\/strong> 195:1 pour une excellente puissance<\/li>\n<li><strong>Vitesse :<\/strong> 57 tr\/min (\u00e0 3 V) pour des performances rapides comme l'\u00e9clair<\/li>\n<li><strong>Capteur de position :<\/strong> Potentiom\u00e8tre int\u00e9gr\u00e9 pour un retour d'information pr\u00e9cis<\/li>\n<li><strong>Dispositif de s\u00e9curit\u00e9 :<\/strong> Embrayage int\u00e9gr\u00e9 pour la protection pendant le fonctionnement<\/li>\n<\/ul>\n<p>Ne manquez pas l'occasion d'am\u00e9liorer vos projets avec le motor\u00e9ducteur OLLO OGM-10 : l'\u00e9l\u00e9ment essentiel pour ceux qui recherchent des performances \u00e9lev\u00e9es et un contr\u00f4le pr\u00e9cis !<\/p>\n<\/div>\n<p><!-- .vgblk-rw-wrapper --><\/p>","protected":false},"excerpt":{"rendered":"<p>Ce moteur est utilis\u00e9 dans OLLO depuis le CM-100 et permet un contr\u00f4le par la gestion des portes.<\/p>","protected":false},"featured_media":1013114,"template":"","meta":[],"pwb-brand":[],"product_brand":[],"product_cat":[622],"product_tag":[],"class_list":{"0":"post-1010577","1":"product","2":"type-product","3":"status-publish","4":"has-post-thumbnail","6":"product_cat-servomotori","8":"first","9":"instock","10":"shipping-taxable","11":"product-type-simple"},"brands":[],"_links":{"self":[{"href":"https:\/\/store.todsystem.com\/fr\/wp-json\/wp\/v2\/product\/1010577","targetHints":{"allow":["GET"]}}],"collection":[{"href":"https:\/\/store.todsystem.com\/fr\/wp-json\/wp\/v2\/product"}],"about":[{"href":"https:\/\/store.todsystem.com\/fr\/wp-json\/wp\/v2\/types\/product"}],"version-history":[{"count":4,"href":"https:\/\/store.todsystem.com\/fr\/wp-json\/wp\/v2\/product\/1010577\/revisions"}],"predecessor-version":[{"id":1015084,"href":"https:\/\/store.todsystem.com\/fr\/wp-json\/wp\/v2\/product\/1010577\/revisions\/1015084"}],"wp:featuredmedia":[{"embeddable":true,"href":"https:\/\/store.todsystem.com\/fr\/wp-json\/wp\/v2\/media\/1013114"}],"wp:attachment":[{"href":"https:\/\/store.todsystem.com\/fr\/wp-json\/wp\/v2\/media?parent=1010577"}],"wp:term":[{"taxonomy":"pwb-brand","embeddable":true,"href":"https:\/\/store.todsystem.com\/fr\/wp-json\/wp\/v2\/pwb-brand?post=1010577"},{"taxonomy":"product_brand","embeddable":true,"href":"https:\/\/store.todsystem.com\/fr\/wp-json\/wp\/v2\/product_brand?post=1010577"},{"taxonomy":"product_cat","embeddable":true,"href":"https:\/\/store.todsystem.com\/fr\/wp-json\/wp\/v2\/product_cat?post=1010577"},{"taxonomy":"product_tag","embeddable":true,"href":"https:\/\/store.todsystem.com\/fr\/wp-json\/wp\/v2\/product_tag?post=1010577"}],"curies":[{"name":"wp","href":"https:\/\/api.w.org\/{rel}","templated":true}]}}