{"id":1010574,"date":"2024-09-05T09:51:34","date_gmt":"2024-09-05T09:51:34","guid":{"rendered":"https:\/\/store.todsystem.com\/prodotto\/ax-12a-6pcs-bulk\/"},"modified":"2025-06-11T11:59:53","modified_gmt":"2025-06-11T11:59:53","slug":"confezione-di-6-servomotori-dynamixel-ax-12a","status":"publish","type":"product","link":"https:\/\/store.todsystem.com\/fr\/produit-2\/confezione-di-6-servomotori-dynamixel-ax-12a\/","title":{"rendered":"Lot de 6 servomoteurs Dynamixel AX-12A"},"content":{"rendered":"<div class=\"vgblk-rw-wrapper limit-wrapper\">\n<h2>Servomotore Dynamixel AX-12A: Potenza e Precisione per i Tuoi Robot<\/h2>\n<p>Le servomoteur Dynamixel <a class=\"catalogue\" title=\"Acquista il Servomotore Dynamixel AX-12A\" href=\"https:\/\/www.generationrobots.com\/it\/401075-servomotore-dynamixel-ax-12-a-robotis.html\" rel=\"nofollow noopener\" target=\"_blank\">AX-12A<\/a> rappresenta una scelta eccellente per chi desidera costruire robot performing a costi contenuti. Grazie alla sua robustezza e facilit\u00e1 d&#8217;uso, \u00e8 particolarmente adatto per applicazioni di robotica amatoriale e progetti educativi dove non \u00e8 necessaria una precisione estrema.<\/p>\n<p><strong>Nota Importante:<\/strong> Questo pacchetto include solo 6 servomotori privi di accessori come viti e telai. Avrai a disposizione i servomotori nudi, pronti per essere integrati nel tuo progetto robotico.<\/p>\n<h3>Caratteristiche Tecniche del Servo Dynamixel AX-12A<\/h3>\n<ul>\n<li><strong>Poids :<\/strong> 54,6g (AX-12A)<\/li>\n<li><strong>Dimensions :<\/strong> 32mm x 50mm x 40mm<\/li>\n<li><strong>R\u00e9solution :<\/strong> 0,29\u00b0<\/li>\n<li><strong>Rapporto di Riduzione:<\/strong> 254:1<\/li>\n<li><strong>Paire de stalles :<\/strong> 1.52 N.m (a 12.0V, 1.5A)<\/li>\n<li><strong>Vitesse d'aspiration :<\/strong> 59rpm (a 12V)<\/li>\n<li><strong>Angolo di Funzionamento:<\/strong>\n<ul>\n<li>0\u00b0 ~ 300\u00b0<\/li>\n<li>Rotazione Continua<\/li>\n<\/ul>\n<\/li>\n<li><strong>Temperatura di Funzionamento:<\/strong> da -5\u00b0 fino a +70\u00b0C<\/li>\n<li><strong>Tensione di Alimentazione:<\/strong> 9 ~ 12V (ideale 11,1V)<\/li>\n<li><strong>Segnale di Controllo:<\/strong> Pacchetto Digitale<\/li>\n<li><strong>Protocole :<\/strong> Comunicazione Seriali Asincrona Half Duplex (8bit, 1 Stop, Nessuna Parit\u00e0)<\/li>\n<li><strong>Connexion physique :<\/strong> Livello TTL Multi Drop (connettore tipo daisy chain)<\/li>\n<li><strong>ID :<\/strong> 254 (0~253)<\/li>\n<li><strong>Velocit\u00e0 di Comunicazione:<\/strong> 7343bps ~ 1 Mbps<\/li>\n<li><strong>Retour d'information :<\/strong> Posizione, Temperatura, Carico, Tensione di ingresso, e altro.<\/li>\n<li><strong>Mat\u00e9riau :<\/strong> Plastica Ingegneristica di Alta Qualit\u00e0<\/li>\n<\/ul>\n<h2>Confronta i Servomotori Dynamixel<\/h2>\n<p>Utilizza il nostro documento di confronto per esplorare rapidamente le specifiche dei diversi servomotori Dynamixel. Questo strumento ti permette di valutare le prestazioni e le caratteristiche di ciascun modello, facilitando la scelta del servomotore pi\u00f9 adatto per il tuo progetto. I servomotori sono distinti anche in base al tipo di comunicazione: la serie MX offre diverse opzioni che soddisfano anche le esigenze pi\u00f9 avanzate.<\/p><\/div>\n<p><!-- .vgblk-rw-wrapper --><\/p>","protected":false},"excerpt":{"rendered":"<p>Lot de 6 servomoteurs Dynamixel AX-12A (unit\u00e9s uniquement).<\/p>","protected":false},"featured_media":1011921,"template":"","meta":[],"pwb-brand":[],"product_brand":[],"product_cat":[622],"product_tag":[],"class_list":{"0":"post-1010574","1":"product","2":"type-product","3":"status-publish","4":"has-post-thumbnail","6":"product_cat-servomotori","8":"first","9":"instock","10":"shipping-taxable","11":"product-type-simple"},"brands":[],"_links":{"self":[{"href":"https:\/\/store.todsystem.com\/fr\/wp-json\/wp\/v2\/product\/1010574","targetHints":{"allow":["GET"]}}],"collection":[{"href":"https:\/\/store.todsystem.com\/fr\/wp-json\/wp\/v2\/product"}],"about":[{"href":"https:\/\/store.todsystem.com\/fr\/wp-json\/wp\/v2\/types\/product"}],"version-history":[{"count":6,"href":"https:\/\/store.todsystem.com\/fr\/wp-json\/wp\/v2\/product\/1010574\/revisions"}],"predecessor-version":[{"id":1015083,"href":"https:\/\/store.todsystem.com\/fr\/wp-json\/wp\/v2\/product\/1010574\/revisions\/1015083"}],"wp:featuredmedia":[{"embeddable":true,"href":"https:\/\/store.todsystem.com\/fr\/wp-json\/wp\/v2\/media\/1011921"}],"wp:attachment":[{"href":"https:\/\/store.todsystem.com\/fr\/wp-json\/wp\/v2\/media?parent=1010574"}],"wp:term":[{"taxonomy":"pwb-brand","embeddable":true,"href":"https:\/\/store.todsystem.com\/fr\/wp-json\/wp\/v2\/pwb-brand?post=1010574"},{"taxonomy":"product_brand","embeddable":true,"href":"https:\/\/store.todsystem.com\/fr\/wp-json\/wp\/v2\/product_brand?post=1010574"},{"taxonomy":"product_cat","embeddable":true,"href":"https:\/\/store.todsystem.com\/fr\/wp-json\/wp\/v2\/product_cat?post=1010574"},{"taxonomy":"product_tag","embeddable":true,"href":"https:\/\/store.todsystem.com\/fr\/wp-json\/wp\/v2\/product_tag?post=1010574"}],"curies":[{"name":"wp","href":"https:\/\/api.w.org\/{rel}","templated":true}]}}