{"id":1010572,"date":"2024-09-05T09:51:34","date_gmt":"2024-09-05T09:51:34","guid":{"rendered":"https:\/\/store.todsystem.com\/prodotto\/ax-12a\/"},"modified":"2025-06-11T11:59:52","modified_gmt":"2025-06-11T11:59:52","slug":"servomotore-dynamixel-ax-12a","status":"publish","type":"product","link":"https:\/\/store.todsystem.com\/fr\/produit-2\/servomotore-dynamixel-ax-12a\/","title":{"rendered":"Servomoteur Dynamixel AX-12A"},"content":{"rendered":"<div class=\"vgblk-rw-wrapper limit-wrapper\">\n<h2>Servomotore Dynamixel AX-12A &#8211; Soluzione Entry-Level per Robotica<\/h2>\n<p>D\u00e9couvrez les <strong>servomotore Dynamixel AX-12A<\/strong>, una scelta perfetta per i progetti robotic di livello base. Questo servomotore, noto per la sua convenienza economica, \u00e8 ideale per applicazioni che non richiedono performance elevate ma necessitano di una componentistica affidabile e duratura.<\/p>\n<h3>Contenu du paquet<\/h3>\n<ul>\n<li>1 servomoteur AX-12A<\/li>\n<li>1 diffuseur B01-HORN (d\u00e9j\u00e0 assembl\u00e9)<\/li>\n<li>1 composant FP04-F2<\/li>\n<li>1 composant FP04-F3<\/li>\n<li>1 jeu de BPF WA-BU<\/li>\n<li>1 c\u00e2ble 3P de 200 mm de long<\/li>\n<li>16 vis PHS M2*6<\/li>\n<li>1 vis BHS M3*10<\/li>\n<li>16 \u00e9crous N1 M2<\/li>\n<\/ul>\n<h3>Specifiche tecniche del servomotore Dynamixel AX-12A<\/h3>\n<ul>\n<li><strong>Poids<\/strong>: 54,6 g<\/li>\n<li><strong>Dimensions<\/strong>32 mm x 50 mm x 40 mm<\/li>\n<li><strong>R\u00e9solution<\/strong>: 0,29\u00b0<\/li>\n<li><strong>Taux de r\u00e9duction<\/strong>: 254:1<\/li>\n<li><strong>Couple de d\u00e9crochage<\/strong>1,52 N-m (\u00e0 12 V, 1,5 A)<\/li>\n<li><strong>Vitesse \u00e0 vide<\/strong>59 tr\/min (\u00e0 12 V)<\/li>\n<li><strong>Angle de fonctionnement<\/strong>0\u00b0 \u00e0 300<\/li>\n<li><strong>Rotation continue<\/strong>: disponible<\/li>\n<li><strong>Temp\u00e9rature de fonctionnement<\/strong>: -5\u00b0 C<\/li>\n<li><strong>Tension<\/strong>9 \u00e0 12 V (tension recommand\u00e9e : 11,1 V)<\/li>\n<li><strong>Signal de commande<\/strong>: paquet num\u00e9rique<\/li>\n<li><strong>Protocole<\/strong>communication s\u00e9rie asynchrone semi-duplex (8 bits, 1 stop, pas de parit\u00e9)<\/li>\n<li><strong>Connexion physique<\/strong>TTL Multi Drop level (connecteur de type daisy chain)<\/li>\n<li><strong>ID<\/strong>254 ID (variables de 0 \u00e0 253)<\/li>\n<li><strong>Vitesse de communication<\/strong>7343 bps \u00e0 1 Mbps<\/li>\n<li><strong>Retour d'information<\/strong>Le syst\u00e8me de contr\u00f4le de la qualit\u00e9 : comprend le positionnement, la temp\u00e9rature, la charge et la tension d'entr\u00e9e.<\/li>\n<li><strong>Mat\u00e9riau<\/strong>Plastiques techniques<\/li>\n<\/ul>\n<h3>Risorse aggiuntive per il servomotore Dynamixel AX-12A<\/h3>\n<ul>\n<li>Due progetti di <strong>Robotica<\/strong> sviluppati dal club ESTIA.<\/li>\n<li>Controllo dei servomotori Dynamixel tramite <strong>RoboPlus<\/strong>.<\/li>\n<li>Progetto accademico presso l&#8217;Universit\u00e0 di Rennes: progettazione e costruzione di un <strong>braccio robotico a 6 assi<\/strong> per assistenza personale, basato sull&#8217;AX-12A.<\/li>\n<\/ul>\n<h3>Ulteriori informazioni<\/h3>\n<ul>\n<li><strong>Fiche technique<\/strong><\/li>\n<li><strong>Logiciel<\/strong><\/li>\n<li><strong>Guide de compatibilit\u00e9<\/strong><\/li>\n<li><strong>Guide de s\u00e9lection<\/strong><\/li>\n<li><strong>Kit de d\u00e9veloppement logiciel (SDK) DYNAMIXEL<\/strong><\/li>\n<\/ul>\n<p><meta name=\"description\" content=\"Acquista il servomotore Dynamixel AX-12A, la soluzione perfetta per la robotica entry-level. Include numerosi accessori e specifiche tecniche eccellenti per robotica.\" \/><\/div>\n<p><!-- .vgblk-rw-wrapper --><\/p>","protected":false},"excerpt":{"rendered":"<p>Le servomoteur Dynamixel AX-12A est la solution id\u00e9ale pour ceux qui recherchent un servomoteur d'entr\u00e9e de gamme propos\u00e9 par Robotis. Gr\u00e2ce \u00e0 son prix comp\u00e9titif, il est devenu l'un des produits les plus populaires pour les applications m\u00e9caniques non essentielles dans les constructions robotiques.<\/p>","protected":false},"featured_media":1011904,"template":"","meta":[],"pwb-brand":[],"product_brand":[],"product_cat":[622],"product_tag":[],"class_list":{"0":"post-1010572","1":"product","2":"type-product","3":"status-publish","4":"has-post-thumbnail","6":"product_cat-servomotori","8":"first","9":"instock","10":"shipping-taxable","11":"product-type-simple"},"brands":[],"_links":{"self":[{"href":"https:\/\/store.todsystem.com\/fr\/wp-json\/wp\/v2\/product\/1010572","targetHints":{"allow":["GET"]}}],"collection":[{"href":"https:\/\/store.todsystem.com\/fr\/wp-json\/wp\/v2\/product"}],"about":[{"href":"https:\/\/store.todsystem.com\/fr\/wp-json\/wp\/v2\/types\/product"}],"version-history":[{"count":5,"href":"https:\/\/store.todsystem.com\/fr\/wp-json\/wp\/v2\/product\/1010572\/revisions"}],"predecessor-version":[{"id":1015081,"href":"https:\/\/store.todsystem.com\/fr\/wp-json\/wp\/v2\/product\/1010572\/revisions\/1015081"}],"wp:featuredmedia":[{"embeddable":true,"href":"https:\/\/store.todsystem.com\/fr\/wp-json\/wp\/v2\/media\/1011904"}],"wp:attachment":[{"href":"https:\/\/store.todsystem.com\/fr\/wp-json\/wp\/v2\/media?parent=1010572"}],"wp:term":[{"taxonomy":"pwb-brand","embeddable":true,"href":"https:\/\/store.todsystem.com\/fr\/wp-json\/wp\/v2\/pwb-brand?post=1010572"},{"taxonomy":"product_brand","embeddable":true,"href":"https:\/\/store.todsystem.com\/fr\/wp-json\/wp\/v2\/product_brand?post=1010572"},{"taxonomy":"product_cat","embeddable":true,"href":"https:\/\/store.todsystem.com\/fr\/wp-json\/wp\/v2\/product_cat?post=1010572"},{"taxonomy":"product_tag","embeddable":true,"href":"https:\/\/store.todsystem.com\/fr\/wp-json\/wp\/v2\/product_tag?post=1010572"}],"curies":[{"name":"wp","href":"https:\/\/api.w.org\/{rel}","templated":true}]}}