{"id":1010570,"date":"2024-09-05T09:51:34","date_gmt":"2024-09-05T09:51:34","guid":{"rendered":"https:\/\/store.todsystem.com\/prodotto\/turtlebot3-waffle-rasp-pi-4-2gb\/"},"modified":"2025-06-11T12:50:56","modified_gmt":"2025-06-11T12:50:56","slug":"turtlebot3-waffle-rasp-pi-4-2gb","status":"publish","type":"product","link":"https:\/\/store.todsystem.com\/fr\/produit-2\/turtlebot3-waffle-rasp-pi-4-2gb\/","title":{"rendered":"TURTLEBOT3 R\u00e2pe \u00e0 gaufres Pi 4 - 2GB"},"content":{"rendered":"<div class=\"vgblk-rw-wrapper limit-wrapper\">&nbsp;<\/p>\n<div class=\"product-description\">\n<p>Le <strong>ROBOTIS Turtlebot3 Waffle<\/strong> \u00e8 una piattaforma robotica mobile open source ideale per lo sviluppo di <a href=\"http:\/\/emanual.robotis.com\/docs\/en\/platform\/turtlebot3\/overview\/\" rel=\"nofollow noopener\" target=\"_blank\">applicazioni SLAM<\/a> e navigazione autonoma. Grazie al suo <strong>design innovativo<\/strong> e alla tecnologia avanzata, il Turtlebot3 offre prestazioni eccezionali per i progetti di robotica e automazione pi\u00f9 esigenti.<\/p>\n<h2>Caratteristiche Principali del Turtlebot3 Waffle<\/h2>\n<p>Dotato di una scheda di sviluppo <strong>Raspberry Pi<\/strong> e un sistema di rilevamento <strong>LiDAR ROBOTIS<\/strong> a 360\u00b0, questo robot offre un&#8217;accurata mappatura ambientale e un&#8217;eccellente capacit\u00e0 di navigazione. La sua <strong>unit\u00e0 di controllo OpenCR<\/strong> consente un\u2019ampia gamma di espansioni, tra cui la possibilit\u00e0 di integrare bracci robotici e ulteriori sensori.<\/p>\n<h2>Specifiche Tecniche Dettagliate<\/h2>\n<p><strong>Caratteristiche Generali<\/strong><\/p>\n<ul>\n<li><strong>Type<\/strong>Plate-forme mobile<\/li>\n<li><strong>Version<\/strong>Manipulateur ouvert : Manipulateur ouvert<\/li>\n<li><strong>Mod\u00e8le<\/strong>: Turtlebot3<\/li>\n<li><strong>Technologie<\/strong>SLAM\/LiDAR<\/li>\n<li><strong>D\u00e9bit maximal<\/strong>30 kg<\/li>\n<li><strong>Alimentation \u00e9lectrique<\/strong>12 VDC, 5 A<\/li>\n<\/ul>\n<p><strong>Valori Elettrici<\/strong><\/p>\n<ul>\n<li><strong>Tension de fonctionnement<\/strong>: 12 V<\/li>\n<li><strong>Protocole de transfert<\/strong>UART\/CAN\/SPI\/I2C\/ADC\/5 broches OLLO<\/li>\n<\/ul>\n<p><strong>Performance<\/strong><\/p>\n<ul>\n<li><strong>Vitesse maximale<\/strong>0,26 m\/s<\/li>\n<\/ul>\n<p><strong>Dettagli Aggiuntivi<\/strong><\/p>\n<ul>\n<li><strong>Pilotes\/contr\u00f4leurs<\/strong>: Raspberry 4 (2GB) \/ Open CR<\/li>\n<li><strong>Dimensions<\/strong>:\n<ul>\n<li>Longueur : 281 mm<\/li>\n<li>Largeur : 306 mm<\/li>\n<li>Hauteur : 141 mm<\/li>\n<\/ul>\n<\/li>\n<li><strong>Poids<\/strong>: 1800 g<\/li>\n<li><strong>Fabricant<\/strong>: ROBOTIS<\/li>\n<li><strong>Code article du fabricant<\/strong>: 901-0119-201<\/li>\n<li><strong>Poids de l'emballage<\/strong>3,38 kg<\/li>\n<li><strong>Conformit\u00e9 RoHS<\/strong>Oui<\/li>\n<li><strong>EAN\/GTIN<\/strong>: 0096718606801<\/li>\n<\/ul>\n<p>Nota: Il braccio robotico OpenManipulator non \u00e8 incluso nel pacchetto. Sfrutta il potenziale del <strong>ROBOTIS Turtlebot3 Waffle<\/strong> oggi stesso e inizia a esplorare il mondo della robotica autonoma!<\/p>\n<\/div>\n<\/div>\n<p><!-- .vgblk-rw-wrapper --><\/p>","protected":false},"excerpt":{"rendered":"<p>Le ROBOTIS TURTLEBOT3 Waffle Pi avec 2GB Raspberry Pi 4 est la plateforme de r\u00e9f\u00e9rence officielle pour le d\u00e9veloppement sur ROS.org pour les entreprises, les instituts de recherche et les universit\u00e9s. Ce robot est con\u00e7u pour faciliter la recherche et le d\u00e9veloppement dans le domaine de la robotique, en fournissant une excellente base pour des exp\u00e9riences avanc\u00e9es et des projets innovants.<\/p>","protected":false},"featured_media":1013094,"template":"","meta":[],"pwb-brand":[589],"product_brand":[],"product_cat":[654],"product_tag":[],"class_list":{"0":"post-1010570","1":"product","2":"type-product","3":"status-publish","4":"has-post-thumbnail","6":"pwb-brand-robotis","7":"product_cat-progetti-open-source","9":"first","10":"instock","11":"shipping-taxable","12":"product-type-simple"},"brands":[{"id":589,"name":"Robotis","slug":"robotise"}],"_links":{"self":[{"href":"https:\/\/store.todsystem.com\/fr\/wp-json\/wp\/v2\/product\/1010570","targetHints":{"allow":["GET"]}}],"collection":[{"href":"https:\/\/store.todsystem.com\/fr\/wp-json\/wp\/v2\/product"}],"about":[{"href":"https:\/\/store.todsystem.com\/fr\/wp-json\/wp\/v2\/types\/product"}],"version-history":[{"count":6,"href":"https:\/\/store.todsystem.com\/fr\/wp-json\/wp\/v2\/product\/1010570\/revisions"}],"predecessor-version":[{"id":1017096,"href":"https:\/\/store.todsystem.com\/fr\/wp-json\/wp\/v2\/product\/1010570\/revisions\/1017096"}],"wp:featuredmedia":[{"embeddable":true,"href":"https:\/\/store.todsystem.com\/fr\/wp-json\/wp\/v2\/media\/1013094"}],"wp:attachment":[{"href":"https:\/\/store.todsystem.com\/fr\/wp-json\/wp\/v2\/media?parent=1010570"}],"wp:term":[{"taxonomy":"pwb-brand","embeddable":true,"href":"https:\/\/store.todsystem.com\/fr\/wp-json\/wp\/v2\/pwb-brand?post=1010570"},{"taxonomy":"product_brand","embeddable":true,"href":"https:\/\/store.todsystem.com\/fr\/wp-json\/wp\/v2\/product_brand?post=1010570"},{"taxonomy":"product_cat","embeddable":true,"href":"https:\/\/store.todsystem.com\/fr\/wp-json\/wp\/v2\/product_cat?post=1010570"},{"taxonomy":"product_tag","embeddable":true,"href":"https:\/\/store.todsystem.com\/fr\/wp-json\/wp\/v2\/product_tag?post=1010570"}],"curies":[{"name":"wp","href":"https:\/\/api.w.org\/{rel}","templated":true}]}}