{"id":988930,"date":"2024-07-25T10:08:08","date_gmt":"2024-07-25T10:08:08","guid":{"rendered":"https:\/\/store.todsystem.com\/?page_id=988930"},"modified":"2024-09-11T13:55:09","modified_gmt":"2024-09-11T13:55:09","slug":"servizi","status":"publish","type":"page","link":"https:\/\/store.todsystem.com\/fr\/servizi\/","title":{"rendered":"Services"},"content":{"rendered":"<div data-elementor-type=\"wp-page\" data-elementor-id=\"988930\" class=\"elementor elementor-988930\" data-elementor-post-type=\"page\">\n\t\t\t\t\t\t<section class=\"elementor-section elementor-top-section elementor-element elementor-element-93eb4ac elementor-section-boxed elementor-section-height-default elementor-section-height-default\" data-id=\"93eb4ac\" data-element_type=\"section\">\n\t\t\t\t\t\t<div class=\"elementor-container elementor-column-gap-no\">\n\t\t\t\t\t<div class=\"elementor-column elementor-col-100 elementor-top-column elementor-element elementor-element-14e819d\" data-id=\"14e819d\" data-element_type=\"column\">\n\t\t\t<div class=\"elementor-widget-wrap elementor-element-populated\">\n\t\t\t\t\t\t\t<\/div>\n\t\t<\/div>\n\t\t\t\t\t<\/div>\n\t\t<\/section>\n\t\t\t\t<section class=\"elementor-section elementor-top-section elementor-element elementor-element-6fe589c elementor-reverse-mobile elementor-section-boxed elementor-section-height-default elementor-section-height-default\" data-id=\"6fe589c\" data-element_type=\"section\">\n\t\t\t\t\t\t<div class=\"elementor-container elementor-column-gap-no\">\n\t\t\t\t\t<div class=\"elementor-column elementor-col-100 elementor-top-column elementor-element elementor-element-0a5afe3\" data-id=\"0a5afe3\" data-element_type=\"column\">\n\t\t\t<div class=\"elementor-widget-wrap elementor-element-populated\">\n\t\t\t\t\t\t<div class=\"elementor-element elementor-element-61a205e elementor-widget elementor-widget-heading\" data-id=\"61a205e\" data-element_type=\"widget\" data-widget_type=\"heading.default\">\n\t\t\t\t<div class=\"elementor-widget-container\">\n\t\t\t\t\t<h3 class=\"elementor-heading-title elementor-size-default\">TOD System : l'innovation dans l'int\u00e9gration des solutions collaboratives robotiques et de l'IoT industriel. <\/h3>\t\t\t\t<\/div>\n\t\t\t\t<\/div>\n\t\t\t\t<div class=\"elementor-element elementor-element-1e55833 elementor-widget elementor-widget-text-editor\" data-id=\"1e55833\" data-element_type=\"widget\" data-widget_type=\"text-editor.default\">\n\t\t\t\t<div class=\"elementor-widget-container\">\n\t\t\t\t\t\t\t\t\t<h4>Conseil technique<\/h4><p>Notre \u00e9quipe vous soutient dans la r\u00e9alisation de votre projet, depuis la v\u00e9rification et la reconnaissance de l'application collaborative et non collaborative, jusqu'\u00e0 la formation de l'\u00e9quipe et l'assistance technique.<\/p>\t\t\t\t\t\t\t\t<\/div>\n\t\t\t\t<\/div>\n\t\t\t\t<div class=\"elementor-element elementor-element-cf68503 elementor-widget-divider--view-line elementor-widget elementor-widget-divider\" data-id=\"cf68503\" data-element_type=\"widget\" data-widget_type=\"divider.default\">\n\t\t\t\t<div class=\"elementor-widget-container\">\n\t\t\t\t\t\t\t<div class=\"elementor-divider\">\n\t\t\t<span class=\"elementor-divider-separator\">\n\t\t\t\t\t\t<\/span>\n\t\t<\/div>\n\t\t\t\t\t\t<\/div>\n\t\t\t\t<\/div>\n\t\t\t\t<div class=\"elementor-element elementor-element-841ca6d elementor-widget elementor-widget-text-editor\" data-id=\"841ca6d\" data-element_type=\"widget\" data-widget_type=\"text-editor.default\">\n\t\t\t\t<div class=\"elementor-widget-container\">\n\t\t\t\t\t\t\t\t\t<h4>Assistance technique<\/h4><p>Nos conseils accompagnent la gestion des entreprises \u00e0 tous les niveaux : de l'aide \u00e0 la d\u00e9finition des strat\u00e9gies de d\u00e9veloppement \u00e0 la mise en \u0153uvre, \u00e9galement op\u00e9rationnelle, de nouveaux syst\u00e8mes de gestion.<\/p>\t\t\t\t\t\t\t\t<\/div>\n\t\t\t\t<\/div>\n\t\t\t\t<div class=\"elementor-element elementor-element-217ecb5 elementor-widget-divider--view-line elementor-widget elementor-widget-divider\" data-id=\"217ecb5\" data-element_type=\"widget\" data-widget_type=\"divider.default\">\n\t\t\t\t<div class=\"elementor-widget-container\">\n\t\t\t\t\t\t\t<div class=\"elementor-divider\">\n\t\t\t<span class=\"elementor-divider-separator\">\n\t\t\t\t\t\t<\/span>\n\t\t<\/div>\n\t\t\t\t\t\t<\/div>\n\t\t\t\t<\/div>\n\t\t\t\t<div class=\"elementor-element elementor-element-c4d54d5 elementor-widget elementor-widget-text-editor\" data-id=\"c4d54d5\" data-element_type=\"widget\" data-widget_type=\"text-editor.default\">\n\t\t\t\t<div class=\"elementor-widget-container\">\n\t\t\t\t\t\t\t\t\t<h4>Formation technique<\/h4><p>Nous travaillons au d\u00e9veloppement des comp\u00e9tences dans votre entreprise et nous collaborons avec les principaux fonds interprofessionnels pour concevoir, coordonner et g\u00e9rer le plan d'action bureaucratique et op\u00e9rationnel.<\/p>\t\t\t\t\t\t\t\t<\/div>\n\t\t\t\t<\/div>\n\t\t\t\t<div class=\"elementor-element elementor-element-ad47a73 elementor-widget-divider--view-line elementor-widget elementor-widget-divider\" data-id=\"ad47a73\" data-element_type=\"widget\" data-widget_type=\"divider.default\">\n\t\t\t\t<div class=\"elementor-widget-container\">\n\t\t\t\t\t\t\t<div class=\"elementor-divider\">\n\t\t\t<span class=\"elementor-divider-separator\">\n\t\t\t\t\t\t<\/span>\n\t\t<\/div>\n\t\t\t\t\t\t<\/div>\n\t\t\t\t<\/div>\n\t\t\t\t<div class=\"elementor-element elementor-element-dd7c74f elementor-widget elementor-widget-text-editor\" data-id=\"dd7c74f\" data-element_type=\"widget\" data-widget_type=\"text-editor.default\">\n\t\t\t\t<div class=\"elementor-widget-container\">\n\t\t\t\t\t\t\t\t\t<h4>Programmation<\/h4><p>La programmation robotique collaborative est une approche de la robotique qui permet aux robots de travailler c\u00f4te \u00e0 c\u00f4te avec des humains dans des environnements partag\u00e9s, sans avoir besoin de barri\u00e8res physiques ou de s\u00e9curit\u00e9. Ces robots collaboratifs sont con\u00e7us pour interagir en toute s\u00e9curit\u00e9 avec les personnes, en adaptant leur comportement et leur vitesse en fonction de la proximit\u00e9 des op\u00e9rateurs humains. La programmation de la robotique collaborative s'appuie souvent sur des technologies avanc\u00e9es de capteurs, de vision par ordinateur et de contr\u00f4le intelligent pour permettre une coop\u00e9ration s\u00fbre et efficace entre les robots et les op\u00e9rateurs humains.<\/p>\t\t\t\t\t\t\t\t<\/div>\n\t\t\t\t<\/div>\n\t\t\t\t\t<\/div>\n\t\t<\/div>\n\t\t\t\t\t<\/div>\n\t\t<\/section>\n\t\t\t\t<\/div>","protected":false},"excerpt":{"rendered":"<p>TOD System: Innovazione nell&#8217;Integrazione di Soluzioni Robotiche Collaborative e Industrial IoT Consulenza Tecnica Il nostro team ti supporta nella realizzazione del tuo progetto, dalla verifica e riconoscimento dell\u2019applicazione collaborativa e non, nella formazione del team e nell\u2019assistenza tecnica. Assistenza Tecnica La nostra consulenza accompagna il management aziendale a tutti i livelli: dal supporto nella definizione&#8230;<\/p>","protected":false},"author":1,"featured_media":0,"parent":0,"menu_order":0,"comment_status":"closed","ping_status":"closed","template":"","meta":{"footnotes":""},"class_list":["post-988930","page","type-page","status-publish","hentry"],"_links":{"self":[{"href":"https:\/\/store.todsystem.com\/fr\/wp-json\/wp\/v2\/pages\/988930","targetHints":{"allow":["GET"]}}],"collection":[{"href":"https:\/\/store.todsystem.com\/fr\/wp-json\/wp\/v2\/pages"}],"about":[{"href":"https:\/\/store.todsystem.com\/fr\/wp-json\/wp\/v2\/types\/page"}],"author":[{"embeddable":true,"href":"https:\/\/store.todsystem.com\/fr\/wp-json\/wp\/v2\/users\/1"}],"replies":[{"embeddable":true,"href":"https:\/\/store.todsystem.com\/fr\/wp-json\/wp\/v2\/comments?post=988930"}],"version-history":[{"count":6,"href":"https:\/\/store.todsystem.com\/fr\/wp-json\/wp\/v2\/pages\/988930\/revisions"}],"predecessor-version":[{"id":1011516,"href":"https:\/\/store.todsystem.com\/fr\/wp-json\/wp\/v2\/pages\/988930\/revisions\/1011516"}],"wp:attachment":[{"href":"https:\/\/store.todsystem.com\/fr\/wp-json\/wp\/v2\/media?parent=988930"}],"curies":[{"name":"wp","href":"https:\/\/api.w.org\/{rel}","templated":true}]}}