{"id":988465,"date":"2024-07-23T09:57:55","date_gmt":"2024-07-23T09:57:55","guid":{"rendered":"https:\/\/store.todsystem.com\/?post_type=product&#038;p=988465"},"modified":"2025-06-11T12:57:37","modified_gmt":"2025-06-11T12:57:37","slug":"mir-eu-pallet-lift-500","status":"publish","type":"product","link":"https:\/\/store.todsystem.com\/es\/producto\/mir-eu-pallet-lift-500\/","title":{"rendered":"MiR Eu Elevador de pal\u00e9s 500"},"content":{"rendered":"<div class=\"vgblk-rw-wrapper limit-wrapper\">\n<h2><strong>MiR Eu Pallet Lift 500: Innovaci\u00f3n en la manipulaci\u00f3n de palets con el robot m\u00f3vil MiR500<\/strong><\/h2>\n<p>Descubre la <strong>MiR Eu Elevador de pal\u00e9s 500<\/strong>el innovador m\u00f3dulo dise\u00f1ado para el robot m\u00f3vil aut\u00f3nomo (<strong>AMR<\/strong>) <strong>MiR500<\/strong>. Ideal para automatizar la elevaci\u00f3n y el transporte de pal\u00e9s de tama\u00f1o europeo (EURO), este avanzado sistema es perfecto para optimizar los procesos industriales y log\u00edsticos. El <strong>MiR Eu Elevador de pal\u00e9s 500<\/strong> es capaz de elevar y manipular pal\u00e9s de hasta 500 kg, lo que mejora enormemente la eficacia operativa y reduce la necesidad de intervenci\u00f3n humana.<\/p>\n<h2><strong>Especificaciones t\u00e9cnicas del MiR Eu Pallet Lift 500<\/strong><\/h2>\n<ul>\n<li><strong>Capacidad de carga:<\/strong> Hasta 500 kg para una manipulaci\u00f3n segura<\/li>\n<li><strong>Compatibilidad:<\/strong> Dise\u00f1ado espec\u00edficamente para el robot MiR500<\/li>\n<li><strong>Dimensiones de la paleta:<\/strong> Est\u00e1ndar 800 mm x 1200 mm (EURO)<\/li>\n<li><strong>Altura de elevaci\u00f3n:<\/strong> Capacidad de elevaci\u00f3n de hasta 200 mm<\/li>\n<li><strong>Navegaci\u00f3n:<\/strong> Tecnolog\u00eda de esc\u00e1ner l\u00e1ser de 360 grados para una navegaci\u00f3n segura y eficaz<\/li>\n<li><strong>Bater\u00eda y carga:<\/strong> Bater\u00eda de robot con un tiempo de carga de 3 horas (0-80% en s\u00f3lo 2 horas)<\/li>\n<li><strong>Temperatura ambiente:<\/strong> Funciona a temperaturas comprendidas entre +5 \u00b0C y 40 \u00b0C<\/li>\n<li><strong>Certificaciones:<\/strong> Cumple las normas ISO\/EN 13849 para una seguridad m\u00e1xima<\/li>\n<\/ul>\n<h2><strong>Flexibilidad y modularidad del MiR Eu Pallet Lift 500<\/strong><\/h2>\n<p>En <strong>MiR Eu Elevador de pal\u00e9s 500<\/strong> est\u00e1 dise\u00f1ado para integrarse f\u00e1cilmente en los flujos de trabajo existentes, sin necesidad de modificar las paletas. Compatibilidad con el <strong>MiR500<\/strong> permite una manipulaci\u00f3n eficaz de las cargas, lo que aumenta la productividad y disminuye la necesidad de intervenci\u00f3n manual, haciendo que las operaciones sean m\u00e1s fluidas y eficientes.<\/p>\n<h2><strong>Navegaci\u00f3n aut\u00f3noma y seguridad avanzada<\/strong><\/h2>\n<p>Gracias a los sensores avanzados y al software de navegaci\u00f3n de \u00faltima generaci\u00f3n, el <strong>MiR Eu Elevador de pal\u00e9s 500<\/strong> garantiza operaciones seguras e ininterrumpidas. Puede adaptarse din\u00e1micamente a obst\u00e1culos inesperados, mientras que la tecnolog\u00eda de reconocimiento QR garantiza una identificaci\u00f3n precisa de los pal\u00e9s, facilitando su elevaci\u00f3n y transporte aut\u00f3nomos.<\/p>\n<h2><strong>Programaci\u00f3n sencilla y control intuitivo<\/strong><\/h2>\n<p>La interfaz de usuario del <strong>MiR Eu Elevador de pal\u00e9s 500<\/strong> es accesible a trav\u00e9s de un navegador web, lo que permite una programaci\u00f3n sencilla e intuitiva, incluso para quienes carecen de conocimientos t\u00e9cnicos avanzados. Puede supervisar y controlar el robot desde dispositivos m\u00f3viles o de sobremesa, lo que aumenta su flexibilidad y facilidad de uso.<\/p>\n<h2><strong>Integraci\u00f3n con sistemas ERP y operaciones continuas<\/strong><\/h2>\n<p>En <strong>MiR Eu Elevador de pal\u00e9s 500<\/strong> se integra perfectamente con el <strong>ERP<\/strong> facilitando la automatizaci\u00f3n de los procesos log\u00edsticos y mejorando la eficacia operativa. La bater\u00eda de alta capacidad ofrece una autonom\u00eda ampliada, con un tiempo de recarga r\u00e1pido y la posibilidad de sustituir la bater\u00eda r\u00e1pidamente, lo que minimiza el tiempo de inactividad y optimiza las operaciones.<\/p>\n<p>Invertir en la <strong>MiR Eu Elevador de pal\u00e9s 500<\/strong> significa obtener una soluci\u00f3n de vanguardia para la automatizaci\u00f3n de la manipulaci\u00f3n de pal\u00e9s, que contribuye a reducir los costes operativos y a mejorar la eficacia general de los procesos empresariales.<\/div>\n<p><!-- .vgblk-rw-wrapper --><\/p>","protected":false},"excerpt":{"rendered":"<p>En <strong>MiR EU Elevador de pal\u00e9s 500 TM<\/strong> permite la <strong>MiR500<\/strong> cargar y descargar pal\u00e9s de forma aut\u00f3noma<\/p>","protected":false},"featured_media":988316,"template":"","meta":[],"pwb-brand":[583],"product_brand":[],"product_cat":[614],"product_tag":[],"class_list":{"0":"post-988465","1":"product","2":"type-product","3":"status-publish","4":"has-post-thumbnail","6":"pwb-brand-mir","7":"product_cat-robot-mobili-amr-agv","9":"first","10":"instock","11":"virtual","12":"product-type-simple"},"brands":[{"id":583,"name":"MiR Mobile Industrial Robots","slug":"mir-1001"}],"_links":{"self":[{"href":"https:\/\/store.todsystem.com\/es\/wp-json\/wp\/v2\/product\/988465","targetHints":{"allow":["GET"]}}],"collection":[{"href":"https:\/\/store.todsystem.com\/es\/wp-json\/wp\/v2\/product"}],"about":[{"href":"https:\/\/store.todsystem.com\/es\/wp-json\/wp\/v2\/types\/product"}],"version-history":[{"count":5,"href":"https:\/\/store.todsystem.com\/es\/wp-json\/wp\/v2\/product\/988465\/revisions"}],"predecessor-version":[{"id":1016169,"href":"https:\/\/store.todsystem.com\/es\/wp-json\/wp\/v2\/product\/988465\/revisions\/1016169"}],"wp:featuredmedia":[{"embeddable":true,"href":"https:\/\/store.todsystem.com\/es\/wp-json\/wp\/v2\/media\/988316"}],"wp:attachment":[{"href":"https:\/\/store.todsystem.com\/es\/wp-json\/wp\/v2\/media?parent=988465"}],"wp:term":[{"taxonomy":"pwb-brand","embeddable":true,"href":"https:\/\/store.todsystem.com\/es\/wp-json\/wp\/v2\/pwb-brand?post=988465"},{"taxonomy":"product_brand","embeddable":true,"href":"https:\/\/store.todsystem.com\/es\/wp-json\/wp\/v2\/product_brand?post=988465"},{"taxonomy":"product_cat","embeddable":true,"href":"https:\/\/store.todsystem.com\/es\/wp-json\/wp\/v2\/product_cat?post=988465"},{"taxonomy":"product_tag","embeddable":true,"href":"https:\/\/store.todsystem.com\/es\/wp-json\/wp\/v2\/product_tag?post=988465"}],"curies":[{"name":"wp","href":"https:\/\/api.w.org\/{rel}","templated":true}]}}