{"id":988460,"date":"2024-07-23T09:57:55","date_gmt":"2024-07-23T09:57:55","guid":{"rendered":"https:\/\/store.todsystem.com\/?post_type=product&#038;p=988460"},"modified":"2025-06-11T12:57:50","modified_gmt":"2025-06-11T12:57:50","slug":"gancho-mir-100-tm","status":"publish","type":"product","link":"https:\/\/store.todsystem.com\/es\/producto\/gancho-mir-100-tm\/","title":{"rendered":"Gancho MiR 100 TM"},"content":{"rendered":"<div class=\"vgblk-rw-wrapper limit-wrapper\">\n<h2><strong style=\"color: var(--vamtam-widget-text-lighter); letter-spacing: var(--vamtam-primary-font-letter-spacing-desktop,normal); text-transform: var(--vamtam-primary-font-transform,none);\" data-start=\"0\" data-end=\"95\">MiR Hook 100 TM: Il Modulo di Ottimizzazione per Movimentazione Carrelli con il Robot MiR100<\/strong><\/h2>\n<article class=\"w-full text-token-text-primary focus-visible:outline-2 focus-visible:outline-offset-[-4px]\" dir=\"auto\" data-testid=\"conversation-turn-19\" data-scroll-anchor=\"true\">\n<div class=\"m-auto text-base py-[18px] px-6\">\n<div class=\"mx-auto flex flex-1 text-base gap-4 md:gap-5 lg:gap-6 md:max-w-3xl\">\n<div class=\"group\/conversation-turn relative flex w-full min-w-0 flex-col agent-turn @xs\/thread:px-0 @sm\/thread:px-1.5 @md\/thread:px-4\">\n<div class=\"flex-col gap-1 md:gap-3\">\n<div class=\"flex max-w-full flex-col flex-grow\">\n<div class=\"min-h-8 text-message flex w-full flex-col items-end gap-2 whitespace-normal break-words text-start [.text-message+&amp;]:mt-5\" dir=\"auto\" data-message-author-role=\"assistant\" data-message-id=\"33ea979b-34c9-4aa3-9957-0cb49475f6d3\" data-message-model-slug=\"gpt-4o-mini\">\n<div class=\"flex w-full flex-col gap-1 empty:hidden first:pt-[3px]\">\n<div class=\"markdown prose w-full break-words dark:prose-invert dark\">\n<p data-start=\"97\" data-end=\"541\"><strong>Gancho MiR 100 TM<\/strong> \u00e8 un modulo innovativo progettato specificamente per il robot mobile autonomo (<strong>AMR<\/strong>) <strong>MiR100<\/strong>. Questo sistema avanzato permette di automatizzare il processo di sollevamento e movimentazione di carrelli, rendendolo ideale per ambienti industriali, logistici e sanitari. Grazie alla sua capacit\u00e0 di sollevare carrelli di diverse altezze, il <strong>Gancho MiR 100 TM<\/strong> effettua il trasporto in modo autonomo, senza la necessit\u00e0 di modifiche strutturali ai carrelli esistenti.<\/p>\n<h2 data-start=\"543\" data-end=\"586\"><strong data-start=\"543\" data-end=\"586\">Specifiche Tecniche del MiR Hook 100 TM<\/strong><\/h2>\n<ul data-start=\"588\" data-end=\"914\">\n<li data-start=\"588\" data-end=\"627\"><strong data-start=\"590\" data-end=\"613\">Capacidad de carga:<\/strong> supporta fino a 300 kg, garantendo performance elevate.<\/li>\n<li data-start=\"628\" data-end=\"673\"><strong data-start=\"630\" data-end=\"648\">Compatibilidad:<\/strong> progettato per l&#8217;integrazione con il MiR100, facilitando l&#8217;adozione della tecnologia.<\/li>\n<li data-start=\"674\" data-end=\"776\"><strong data-start=\"676\" data-end=\"692\">Navegaci\u00f3n:<\/strong> utilizza la tecnologia di riconoscimento <strong>QR<\/strong> per una movimentazione precisa e efficiente dei carrelli.<\/li>\n<li data-start=\"777\" data-end=\"841\"><strong data-start=\"779\" data-end=\"793\">Sicurezza:<\/strong> progettato per una navigazione sicura attorno a ostacoli e persone, riducendo il rischio di incidenti.<\/li>\n<li data-start=\"842\" data-end=\"914\"><strong data-start=\"844\" data-end=\"861\">Integrazione:<\/strong> facile da integrare nei flussi di lavoro esistenti, ottimizzando i processi operativi.<\/li>\n<\/ul>\n<h2 data-start=\"916\" data-end=\"945\"><strong data-start=\"916\" data-end=\"945\">Flessibilit\u00e0 e Modularit\u00e0 del Sistema<\/strong><\/h2>\n<p data-start=\"947\" data-end=\"1290\">En <strong>Gancho MiR 100 TM<\/strong> offre una straordinaria flessibilit\u00e0, progettato per integrarsi senza sforzo nei flussi di lavoro esistenti. Non \u00e8 necessario apportare modifiche strutturali ai carrelli, il che significa operazioni pi\u00f9 veloci e produttive, con una riduzione significativa dell&#8217;intervento manuale.<\/p>\n<h2 data-start=\"1292\" data-end=\"1337\"><strong data-start=\"1292\" data-end=\"1337\">Navigazione Autonoma e Sicurezza Ottimizzata<\/strong><\/h2>\n<p data-start=\"1339\" data-end=\"1721\">En <strong>Gancho MiR 100 TM<\/strong> \u00e8 dotato di sensori all&#8217;avanguardia e un software di navigazione avanzato, assicurando operazioni sicure e altamente precise. La tecnologia di riconoscimento <strong>QR<\/strong> non solo facilita il riconoscimento dei carrelli, ma aumenta anche l&#8217;efficienza nel sollevamento e nel trasporto dei carichi.<\/p>\n<h2 data-start=\"1723\" data-end=\"1772\"><strong data-start=\"1723\" data-end=\"1772\">Programmazione Facile e Controllo Intuitivo<\/strong><\/h2>\n<p data-start=\"1774\" data-end=\"2098\">La interfaz de usuario del <strong>Gancho MiR 100 TM<\/strong> \u00e8 progettata per una programmazione semplice e un controllo intuitivo, rendendo l&#8217;adozione della tecnologia rapida ed efficace. Con questo modulo, la tua azienda pu\u00f2 raggiungere livelli di produttivit\u00e0 mai visti prima.<\/p>\n<article>\n<h2><strong>MiR Hook 100 TM: Il Robot per la Movimentazione Automatica di Carrelli<\/strong><\/h2>\n<p>Descubre la <strong>Gancho MiR 100 TM<\/strong>, il robot intelligente progettato per ottimizzare la movimentazione automatica di carrelli nel tuo ambiente di lavoro. Grazie alla sua interfaccia accessibile via browser web, potrai facilmente programmare e gestire le operazioni senza necessitare di competenze tecniche avanzate. Monitora e controlla il robot da qualsiasi dispositivo mobile o desktop, assicurandoti una flessibilit\u00e0 unica e un&#8217;esperienza d&#8217;uso semplice e intuitiva.<\/p>\n<h2><strong>Integrazione Perfetta con Sistemi ERP e Operativit\u00e0 24\/7<\/strong><\/h2>\n<p>En <strong>Gancho MiR 100 TM<\/strong> si integra in modo fluido con i tuoi sistemi <strong>ERP<\/strong> gi\u00e0 esistenti, rivoluzionando l&#8217;automazione dei processi logistici. Grazie alla sua batteria ad alta capacit\u00e0, puoi contare su un&#8217;autonomia prolungata che ti permette di operare senza interruzioni. La rapida carica della batteria e la possibilit\u00e0 di sostituzione veloce garantiscono che il robot sia sempre pronto all&#8217;azione, minimizzando i tempi di inattivit\u00e0 e aumentando la produttivit\u00e0 complessiva.<\/p>\n<div class=\"relative inline-flex items-center\">\n<p>Invertir en la <strong>Gancho MiR 100 TM<\/strong> significa scegliere una soluzione d&#8217;avanguardia per l&#8217;automazione della movimentazione, contribuendo a ridurre sensibilmente i costi operativi e a migliorare l&#8217;efficienza complessiva dei tuoi processi aziendali. Non perdere l&#8217;opportunit\u00e0 di trasformare la tua logistica con questo robot innovativo!<\/p>\n<\/div>\n<\/article>\n<\/div>\n<\/div>\n<\/div>\n<\/div>\n<\/div>\n<\/div>\n<\/div>\n<\/div>\n<\/article>\n<\/div>\n<p><!-- .vgblk-rw-wrapper --><\/p>","protected":false},"excerpt":{"rendered":"<p>Aumentate l&#8217;efficienza delle attivit\u00e0 di trasporto interno affidandovi a un robot mobile <strong>MiR100 Hook<\/strong> con carico utile aumentato. Il <strong>MiR100 Hook<\/strong> \u00e8 un intuitivo ed efficiente robot mobile per il prelievo e il traino completamente automatizzati di carrelli in ambiente manifatturiero, nella logistica e nella assistenza sanitaria.<\/p>","protected":false},"featured_media":988298,"template":"","meta":[],"pwb-brand":[583],"product_brand":[],"product_cat":[614],"product_tag":[],"class_list":{"0":"post-988460","1":"product","2":"type-product","3":"status-publish","4":"has-post-thumbnail","6":"pwb-brand-mir","7":"product_cat-robot-mobili-amr-agv","9":"first","10":"instock","11":"virtual","12":"product-type-simple"},"brands":[{"id":583,"name":"MiR Mobile Industrial Robots","slug":"mir-1001"}],"_links":{"self":[{"href":"https:\/\/store.todsystem.com\/es\/wp-json\/wp\/v2\/product\/988460","targetHints":{"allow":["GET"]}}],"collection":[{"href":"https:\/\/store.todsystem.com\/es\/wp-json\/wp\/v2\/product"}],"about":[{"href":"https:\/\/store.todsystem.com\/es\/wp-json\/wp\/v2\/types\/product"}],"version-history":[{"count":6,"href":"https:\/\/store.todsystem.com\/es\/wp-json\/wp\/v2\/product\/988460\/revisions"}],"predecessor-version":[{"id":1016172,"href":"https:\/\/store.todsystem.com\/es\/wp-json\/wp\/v2\/product\/988460\/revisions\/1016172"}],"wp:featuredmedia":[{"embeddable":true,"href":"https:\/\/store.todsystem.com\/es\/wp-json\/wp\/v2\/media\/988298"}],"wp:attachment":[{"href":"https:\/\/store.todsystem.com\/es\/wp-json\/wp\/v2\/media?parent=988460"}],"wp:term":[{"taxonomy":"pwb-brand","embeddable":true,"href":"https:\/\/store.todsystem.com\/es\/wp-json\/wp\/v2\/pwb-brand?post=988460"},{"taxonomy":"product_brand","embeddable":true,"href":"https:\/\/store.todsystem.com\/es\/wp-json\/wp\/v2\/product_brand?post=988460"},{"taxonomy":"product_cat","embeddable":true,"href":"https:\/\/store.todsystem.com\/es\/wp-json\/wp\/v2\/product_cat?post=988460"},{"taxonomy":"product_tag","embeddable":true,"href":"https:\/\/store.todsystem.com\/es\/wp-json\/wp\/v2\/product_tag?post=988460"}],"curies":[{"name":"wp","href":"https:\/\/api.w.org\/{rel}","templated":true}]}}