{"id":988359,"date":"2024-07-22T14:52:15","date_gmt":"2024-07-22T14:52:15","guid":{"rendered":"https:\/\/store.todsystem.com\/?post_type=product&#038;p=988359"},"modified":"2025-06-12T08:30:20","modified_gmt":"2025-06-12T08:30:20","slug":"camara-de-profundidad-intel-realsense-d455","status":"publish","type":"product","link":"https:\/\/store.todsystem.com\/es\/producto\/camara-de-profundidad-intel-realsense-d455\/","title":{"rendered":"OAK-D Pro"},"content":{"rendered":"<div class=\"vgblk-rw-wrapper limit-wrapper\">**OAK-D Pro: La Fotocamera Avanzata per la Visione Robotica**<\/p>\n<p>La OAK-D Pro \u00e8 la fotocamera definitiva progettata per applicazioni di visione robotica, unendo una fotocamera a colori ad alta risoluzione a una fotocamera stereo attiva. Grazie all\u2019integrazione di tecnologie avanzate di intelligenza artificiale e visione artificiale, questa fotocamera \u00e8 in grado di percepire il mondo con una qualit\u00e0 simile a quella umana.<\/p>\n<p>La OAK-D Pro offre **visione notturna**, permettendo di esplorare e analizzare ambienti con scarsa illuminazione o privi di texture dove le modalit\u00e0 stereo passivi potrebbero fallire. Questo la rende ideale per una gamma di applicazioni, da quelle industriali a quelle di ricerca e sviluppo.<\/p>\n<p>Utilizzando connettivit\u00e0 USB-C sia per l&#8217;alimentazione che per la connessione USB3, la OAK-D Pro assicura un&#8217;implementazione semplice e rapida, grazie alla guida all&#8217;implementazione USB inclusa.<\/p>\n<p>### Caratteristiche Principali:<\/p>\n<ul>\n<li><strong>4 TOPS di Potenza di Elaborazione:<\/strong> 1.4 TOPS dedicati all&#8217;intelligenza artificiale &#8211; prestazioni eccellenti per applicazioni complesse.<\/li>\n<li><strong>Stereo Attivo:<\/strong> il proiettore IR fornisce una migliore percezione della profondit\u00e0 anche su superfici con scarso interesse visivo.<\/li>\n<li><strong>Visione Notturna:<\/strong> LED IR per l&#8217;esecuzione di algoritmi di AI e CV in condizioni di bassa luce.<\/li>\n<li><strong>Esecuzione di Modelli di AI Personalizzati:<\/strong> supporto per modelli personalizzati (conversione necessaria).<\/li>\n<li><strong>Codifica Video :<\/strong> H.264, H.265, MJPEG &#8211; fino a 4K a 30 FPS e 1080P a 60 FPS.<\/li>\n<li><strong>Visione Artificiale Avanzata:<\/strong> include distorsione, ridimensionamento, ritaglio e funzioni di CV personalizzate.<\/li>\n<li><strong>Percezione della Profondit\u00e0 Stereo:<\/strong> alta configurabilit\u00e0 con filtraggio e post-elaborazione.<\/li>\n<li><strong>Tracciamento degli Oggetti:<\/strong> consente il tracciamento 2D e 3D tramite nodo ObjectTracker.<\/li>\n<\/ul>\n<p>### Specifiche Tecniche:<\/p>\n<ul>\n<li><strong>Distanza tra le Lenti:<\/strong> 75 mm<\/li>\n<li><strong>Gamma di Profondit\u00e0 Ideale:<\/strong> 70 cm &#8211; 12 m<\/li>\n<li><strong>Consumo de energ\u00eda:<\/strong> fino a 7.5W<\/li>\n<li><strong>Struttura Resistente:<\/strong> costruita in alluminio di grado industriale con vetro Gorilla Glass frontale.<\/li>\n<li><strong>Attacco per Treppiede:<\/strong> 1\/4&#8243; e attacco Vesa M4 da 75 mm.<\/li>\n<\/ul>\n<p>### Dimensioni e Peso:<\/p>\n<ul>\n<li><strong>Dimensiones:<\/strong> 97 x 29.5 x 22.9 mm<\/li>\n<li><strong>Peso:<\/strong> 91g<\/li>\n<\/ul>\n<p>La OAK-D Pro \u00e8 la scelta perfetta per chi cerca una fotocamera avanzata e versatile per applicazioni di visione robotica, garantendo prestazioni elevate anche in condizioni ambientali sfidanti. Scopri il futuro della percezione robotica con OAK-D Pro!<\/p><\/div>\n<p><!-- .vgblk-rw-wrapper --><\/p>","protected":false},"excerpt":{"rendered":"<p><strong>C\u00e1mara de la serie 2 con iluminaci\u00f3n IR para condiciones de poca luz y est\u00e9reo activo para mejorar la percepci\u00f3n de la profundidad.<\/strong><\/p>\n<ul>\n<li><strong>Est\u00e9reo activo:<\/strong> El proyector de puntos IR mejora la percepci\u00f3n de la profundidad, especialmente en superficies de escaso inter\u00e9s visual, al proyectar miles de puntos IR sobre la escena.<\/li>\n<li><strong>Visi\u00f3n nocturna:<\/strong> El LED de iluminaci\u00f3n IR permite realizar algoritmos de IA y CV en entornos con poca o ninguna luz.<\/li>\n<li><strong>C\u00e1mara central RGB de 12MP:<\/strong> Disponible en las variantes de enfoque autom\u00e1tico y enfoque fijo; tambi\u00e9n hay una opci\u00f3n con un sensor OV9782 de 1MP.<\/li>\n<li><strong>Conectividad:<\/strong> Alimentaci\u00f3n y comunicaci\u00f3n mediante USB2 \/ USB3.<\/li>\n<\/ul>","protected":false},"featured_media":988417,"template":"","meta":[],"pwb-brand":[],"product_brand":[],"product_cat":[617,271],"product_tag":[],"class_list":{"0":"post-988359","1":"product","2":"type-product","3":"status-publish","4":"has-post-thumbnail","6":"product_cat-camere-industriali","7":"product_cat-telecamere-di-profondita","9":"first","10":"instock","11":"virtual","12":"product-type-simple"},"brands":[],"_links":{"self":[{"href":"https:\/\/store.todsystem.com\/es\/wp-json\/wp\/v2\/product\/988359","targetHints":{"allow":["GET"]}}],"collection":[{"href":"https:\/\/store.todsystem.com\/es\/wp-json\/wp\/v2\/product"}],"about":[{"href":"https:\/\/store.todsystem.com\/es\/wp-json\/wp\/v2\/types\/product"}],"version-history":[{"count":4,"href":"https:\/\/store.todsystem.com\/es\/wp-json\/wp\/v2\/product\/988359\/revisions"}],"predecessor-version":[{"id":1017051,"href":"https:\/\/store.todsystem.com\/es\/wp-json\/wp\/v2\/product\/988359\/revisions\/1017051"}],"wp:featuredmedia":[{"embeddable":true,"href":"https:\/\/store.todsystem.com\/es\/wp-json\/wp\/v2\/media\/988417"}],"wp:attachment":[{"href":"https:\/\/store.todsystem.com\/es\/wp-json\/wp\/v2\/media?parent=988359"}],"wp:term":[{"taxonomy":"pwb-brand","embeddable":true,"href":"https:\/\/store.todsystem.com\/es\/wp-json\/wp\/v2\/pwb-brand?post=988359"},{"taxonomy":"product_brand","embeddable":true,"href":"https:\/\/store.todsystem.com\/es\/wp-json\/wp\/v2\/product_brand?post=988359"},{"taxonomy":"product_cat","embeddable":true,"href":"https:\/\/store.todsystem.com\/es\/wp-json\/wp\/v2\/product_cat?post=988359"},{"taxonomy":"product_tag","embeddable":true,"href":"https:\/\/store.todsystem.com\/es\/wp-json\/wp\/v2\/product_tag?post=988359"}],"curies":[{"name":"wp","href":"https:\/\/api.w.org\/{rel}","templated":true}]}}