{"id":988266,"date":"2024-07-22T14:51:52","date_gmt":"2024-07-22T14:51:52","guid":{"rendered":"https:\/\/store.todsystem.com\/?post_type=product&#038;p=988266"},"modified":"2025-10-16T12:25:29","modified_gmt":"2025-10-16T12:25:29","slug":"mir-250","status":"publish","type":"product","link":"https:\/\/store.todsystem.com\/es\/producto\/mir-250\/","title":{"rendered":"MiR250"},"content":{"rendered":"<div class=\"vgblk-rw-wrapper limit-wrapper\"><strong>MiR250: Robot m\u00f3vil aut\u00f3nomo para la manipulaci\u00f3n eficiente de cargas de hasta 250 kg<\/strong><\/p>\n<p>En <strong>MiR250<\/strong> es un <strong>robot m\u00f3vil aut\u00f3nomo (AMR)<\/strong> revolucionaria dise\u00f1ada para optimizar la log\u00edstica interna y simplificar la manipulaci\u00f3n de cargas pesadas. Con una capacidad de carga de hasta 250 kg, el MiR250 ocupa un espacio reducido de s\u00f3lo 580 x 800 mm y una altura de 300 mm, lo que lo hace ideal para operar en espacios reducidos como pasillos estrechos y ascensores, aumentando significativamente la eficiencia operativa sin necesidad de obras estructurales.<\/p>\n<p><strong>Especificaciones t\u00e9cnicas de MiR250<\/strong><\/p>\n<ul>\n<li><strong>Capacidad de carga:<\/strong> hasta 250 kg<\/li>\n<li><strong>Dimensiones:<\/strong> Longitud 800 mm, Anchura 580 mm, Altura 300 mm<\/li>\n<li><strong>Peso:<\/strong> unos 83 kg<\/li>\n<li><strong>Velocidad m\u00e1xima:<\/strong> hasta 2,0 m\/s (7,2 km\/h)<\/li>\n<li><strong>Autonom\u00eda de la bater\u00eda:<\/strong> hasta 17,5 horas de funcionamiento continuo<\/li>\n<li><strong>Tiempo de recarga:<\/strong> aprox. 1 hora para una recarga de 0% a 90%<\/li>\n<li><strong>Sensores y navegaci\u00f3n:<\/strong> Esc\u00e1ner l\u00e1ser de 360\u00b0 para una visi\u00f3n completa del entorno, lo que garantiza la seguridad de las operaciones incluso en zonas compartidas con el personal.<\/li>\n<\/ul>\n<p><strong>Flexibilidad y modularidad de MiR250<\/strong><\/p>\n<p>En <strong>MiR250<\/strong> admite una amplia gama de m\u00f3dulos superiores, como transportadores de rodillos, cintas transportadoras y brazos rob\u00f3ticos. Esta flexibilidad permite una adaptaci\u00f3n completa a las necesidades operativas espec\u00edficas de su empresa. Adem\u00e1s, es compatible con el <strong>Flota MiR<\/strong>que facilita la manipulaci\u00f3n coordinada de varios robots dentro de la misma infraestructura, optimizando a\u00fan m\u00e1s los procesos de manipulaci\u00f3n.<\/p>\n<p><strong>Navegaci\u00f3n aut\u00f3noma y seguridad avanzada<\/strong><\/p>\n<p>Gracias a sus sensores avanzados y a su software de navegaci\u00f3n de \u00faltima generaci\u00f3n, el <strong>MiR250<\/strong> es capaz de cartografiar su entorno, identificar rutas \u00f3ptimas y adaptarse r\u00e1pidamente a cambios u obst\u00e1culos inesperados. La cobertura sensorial de 360\u00b0 garantiza que las operaciones sean siempre seguras, incluso en entornos con presencia de personal y otra maquinaria.<\/p>\n<p><strong>Programaci\u00f3n sencilla y control intuitivo<\/strong><\/p>\n<p>La interfaz de usuario del <strong>MiR250<\/strong> es intuitivo y accesible a trav\u00e9s de un navegador web, lo que permite una programaci\u00f3n fluida sin necesidad de conocimientos t\u00e9cnicos avanzados. Puede supervisar y controlar el robot desde la comodidad de sus dispositivos m\u00f3viles o de sobremesa, lo que ofrece una flexibilidad sin precedentes para gestionar las operaciones cotidianas.<\/p>\n<p><strong>Integraci\u00f3n con sistemas ERP y operaciones continuas<\/strong><\/p>\n<p>En <strong>MiR250<\/strong> se integra perfectamente con el <strong>ERP<\/strong> existentes, facilitando la automatizaci\u00f3n de los procesos log\u00edsticos y mejorando la eficiencia operativa. La bater\u00eda de alta capacidad garantiza una mayor autonom\u00eda, mientras que el r\u00e1pido tiempo de recarga y la r\u00e1pida sustituci\u00f3n de la bater\u00eda minimizan los tiempos de inactividad. Invertir en la <strong>MiR250<\/strong> significa adoptar una soluci\u00f3n de automatizaci\u00f3n de la manipulaci\u00f3n de cargas de \u00faltima generaci\u00f3n, que le ayudar\u00e1 a reducir los costes operativos y a optimizar la productividad global de su empresa.<\/div>\n<p><!-- .vgblk-rw-wrapper --><\/p>","protected":false},"excerpt":{"rendered":"<p>En <strong>MiR250<\/strong> es un <strong>AMR<\/strong> m\u00e1s flexible que puede funcionar las 24 horas del d\u00eda y es brillantemente f\u00e1cil de configurar, para mejorar la productividad. Su menor tama\u00f1o y mayor adaptabilidad ayudan a optimizar la log\u00edstica interna sin cambiar la distribuci\u00f3n.<\/p>\n<ul>\n<li><strong>Dimensiones:<\/strong> 580 x 800 mm<\/li>\n<li><strong>Altura:<\/strong> 30 cm<\/li>\n<li><strong>Peso m\u00e1ximo transportable:<\/strong> 250 kg<\/li>\n<li><strong>Velocidad m\u00e1xima:<\/strong> 2 m\/s<\/li>\n<li><strong>Anchura m\u00ednima de paso:<\/strong> 80 cm<\/li>\n<\/ul>","protected":false},"featured_media":988301,"template":"","meta":[],"pwb-brand":[583],"product_brand":[],"product_cat":[614],"product_tag":[],"class_list":{"0":"post-988266","1":"product","2":"type-product","3":"status-publish","4":"has-post-thumbnail","6":"pwb-brand-mir","7":"product_cat-robot-mobili-amr-agv","9":"first","10":"instock","11":"featured","12":"virtual","13":"product-type-simple"},"brands":[{"id":583,"name":"MiR Mobile Industrial Robots","slug":"mir-1001"}],"_links":{"self":[{"href":"https:\/\/store.todsystem.com\/es\/wp-json\/wp\/v2\/product\/988266","targetHints":{"allow":["GET"]}}],"collection":[{"href":"https:\/\/store.todsystem.com\/es\/wp-json\/wp\/v2\/product"}],"about":[{"href":"https:\/\/store.todsystem.com\/es\/wp-json\/wp\/v2\/types\/product"}],"version-history":[{"count":19,"href":"https:\/\/store.todsystem.com\/es\/wp-json\/wp\/v2\/product\/988266\/revisions"}],"predecessor-version":[{"id":1017401,"href":"https:\/\/store.todsystem.com\/es\/wp-json\/wp\/v2\/product\/988266\/revisions\/1017401"}],"wp:featuredmedia":[{"embeddable":true,"href":"https:\/\/store.todsystem.com\/es\/wp-json\/wp\/v2\/media\/988301"}],"wp:attachment":[{"href":"https:\/\/store.todsystem.com\/es\/wp-json\/wp\/v2\/media?parent=988266"}],"wp:term":[{"taxonomy":"pwb-brand","embeddable":true,"href":"https:\/\/store.todsystem.com\/es\/wp-json\/wp\/v2\/pwb-brand?post=988266"},{"taxonomy":"product_brand","embeddable":true,"href":"https:\/\/store.todsystem.com\/es\/wp-json\/wp\/v2\/product_brand?post=988266"},{"taxonomy":"product_cat","embeddable":true,"href":"https:\/\/store.todsystem.com\/es\/wp-json\/wp\/v2\/product_cat?post=988266"},{"taxonomy":"product_tag","embeddable":true,"href":"https:\/\/store.todsystem.com\/es\/wp-json\/wp\/v2\/product_tag?post=988266"}],"curies":[{"name":"wp","href":"https:\/\/api.w.org\/{rel}","templated":true}]}}