{"id":988264,"date":"2024-07-22T14:51:52","date_gmt":"2024-07-22T14:51:52","guid":{"rendered":"https:\/\/store.todsystem.com\/?post_type=product&#038;p=988264"},"modified":"2025-11-25T09:58:07","modified_gmt":"2025-11-25T09:58:07","slug":"mir-100","status":"publish","type":"product","link":"https:\/\/store.todsystem.com\/es\/producto\/mir-100\/","title":{"rendered":"MiR100"},"content":{"rendered":"<div class=\"vgblk-rw-wrapper limit-wrapper\"><strong>MiR 100: Robot aut\u00f3nomo m\u00f3vil para la automatizaci\u00f3n de la log\u00edstica interna<\/strong><\/p>\n<p>Descubre la <strong>MiR100<\/strong>, a <strong>robot m\u00f3vil aut\u00f3nomo (AMR)<\/strong> de \u00faltima generaci\u00f3n, dise\u00f1ada para revolucionar la manipulaci\u00f3n de materiales y optimizar la eficacia en los flujos de trabajo industriales y comerciales. Gracias a su avanzada tecnolog\u00eda de navegaci\u00f3n, la <strong>MiR100<\/strong> se desplaza con seguridad y precisi\u00f3n, sin necesidad de modificar la infraestructura existente. Esta soluci\u00f3n es ideal para las empresas que desean reducir los tiempos de transporte interno y aumentar la productividad global.<\/p>\n<p><strong>Especificaciones t\u00e9cnicas de MiR100<\/strong><\/p>\n<ul>\n<li>Capacit\u00e0 di Carico: fino a 100 kg<\/li>\n<li>Dimensioni: Lunghezza 900 mm, Larghezza 600 mm, Altezza 358 mm<\/li>\n<li>Peso: 70 kg<\/li>\n<li>Velocit\u00e0 Massima: 1,2 m\/s<\/li>\n<li>Autonomia della Batteria: fino a 10 ore di funzionamento continuo<\/li>\n<li>Tempo di Ricarica: circa 2 ore<\/li>\n<li>Sensori e Visione: copertura a 360\u00b0 con laser scanner, sensori a ultrasuoni e telecamere 3D per il rilevamento di ostacoli e persone<\/li>\n<\/ul>\n<p>En <strong>MiR100<\/strong> no es s\u00f3lo un robot, sino un sistema flexible que admite m\u00f3dulos superiores como transportadores de rodillos, cintas transportadoras y brazos rob\u00f3ticos, adapt\u00e1ndose perfectamente a las necesidades operativas espec\u00edficas de su empresa. Adem\u00e1s, es compatible con el <strong>Flota MiR<\/strong>, consentendo la gestione coordinata di pi\u00f9 robot all\u2019interno della stessa struttura. Equipaggiato con sensori avanzati e software di navigazione di ultima generazione, il <strong>MiR100<\/strong> es capaz de cartografiar su entorno, identificar rutas \u00f3ptimas y responder din\u00e1micamente a cambios u obst\u00e1culos inesperados. La cobertura sensorial de 360\u00b0 y las c\u00e1maras 3D garantizan operaciones seguras incluso en zonas compartidas con el personal.<\/p>\n<p>En <strong>MiR100<\/strong> ofrece una interfaz de usuario accesible a trav\u00e9s de un navegador web, lo que hace que la programaci\u00f3n sea intuitiva incluso para quienes carecen de conocimientos t\u00e9cnicos avanzados. El robot puede supervisarse y controlarse c\u00f3modamente desde dispositivos m\u00f3viles o de sobremesa, lo que aporta flexibilidad y facilidad de uso.<\/p>\n<p>La capacidad de integrarse perfectamente con los sistemas ERP existentes hace que el <strong>MiR100<\/strong> una risorsa fondamentale per automatizzare i processi logistici e aumentare l\u2019efficienza operativa. La batteria ad alta capacit\u00e0 garantisce un&#8217;autonomia prolungata, mentre il rapido tempo di ricarica e la possibilit\u00e0 di sostituzione veloce della batteria minimizzano i tempi di inattivit\u00e0. Investire nel <strong>MiR100<\/strong> significa elegir una soluci\u00f3n innovadora para la automatizaci\u00f3n de la log\u00edstica interna, que contribuye a reducir los costes operativos y a mejorar la eficacia global de los procesos empresariales.<\/div>\n<p><!-- .vgblk-rw-wrapper --><\/p>","protected":false},"excerpt":{"rendered":"<p class=\"\" data-start=\"61\" data-end=\"283\">MiR100 es un robot m\u00f3vil seguro y rentable que automatiza el transporte interno de piezas peque\u00f1as. Mejora los flujos de trabajo, aumenta la productividad y reduce los costes transportando de forma aut\u00f3noma hasta 100 kg. Puede equiparse con m\u00f3dulos personalizados como contenedores, bastidores o brazos rob\u00f3ticos, f\u00e1cilmente intercambiables para adaptarse a distintas tareas.<\/p>","protected":false},"featured_media":988294,"template":"","meta":[],"pwb-brand":[583],"product_brand":[],"product_cat":[614],"product_tag":[],"class_list":{"0":"post-988264","1":"product","2":"type-product","3":"status-publish","4":"has-post-thumbnail","6":"pwb-brand-mir","7":"product_cat-robot-mobili-amr-agv","9":"first","10":"instock","11":"featured","12":"shipping-taxable","13":"product-type-simple"},"brands":[{"id":583,"name":"MiR Mobile Industrial Robots","slug":"mir-1001"}],"_links":{"self":[{"href":"https:\/\/store.todsystem.com\/es\/wp-json\/wp\/v2\/product\/988264","targetHints":{"allow":["GET"]}}],"collection":[{"href":"https:\/\/store.todsystem.com\/es\/wp-json\/wp\/v2\/product"}],"about":[{"href":"https:\/\/store.todsystem.com\/es\/wp-json\/wp\/v2\/types\/product"}],"version-history":[{"count":16,"href":"https:\/\/store.todsystem.com\/es\/wp-json\/wp\/v2\/product\/988264\/revisions"}],"predecessor-version":[{"id":1015135,"href":"https:\/\/store.todsystem.com\/es\/wp-json\/wp\/v2\/product\/988264\/revisions\/1015135"}],"wp:featuredmedia":[{"embeddable":true,"href":"https:\/\/store.todsystem.com\/es\/wp-json\/wp\/v2\/media\/988294"}],"wp:attachment":[{"href":"https:\/\/store.todsystem.com\/es\/wp-json\/wp\/v2\/media?parent=988264"}],"wp:term":[{"taxonomy":"pwb-brand","embeddable":true,"href":"https:\/\/store.todsystem.com\/es\/wp-json\/wp\/v2\/pwb-brand?post=988264"},{"taxonomy":"product_brand","embeddable":true,"href":"https:\/\/store.todsystem.com\/es\/wp-json\/wp\/v2\/product_brand?post=988264"},{"taxonomy":"product_cat","embeddable":true,"href":"https:\/\/store.todsystem.com\/es\/wp-json\/wp\/v2\/product_cat?post=988264"},{"taxonomy":"product_tag","embeddable":true,"href":"https:\/\/store.todsystem.com\/es\/wp-json\/wp\/v2\/product_tag?post=988264"}],"curies":[{"name":"wp","href":"https:\/\/api.w.org\/{rel}","templated":true}]}}