{"id":1018676,"date":"2025-10-13T10:21:06","date_gmt":"2025-10-13T10:21:06","guid":{"rendered":"https:\/\/store.todsystem.com\/?post_type=product&#038;p=1018676"},"modified":"2025-10-22T15:38:23","modified_gmt":"2025-10-22T15:38:23","slug":"diana-7-agile-robots","status":"publish","type":"product","link":"https:\/\/store.todsystem.com\/es\/producto\/diana-7-agile-robots\/","title":{"rendered":"Diana 7 \u2013 Braccio robotico sensibile a 7 assi (licenza FCI inclusa)"},"content":{"rendered":"<div class=\"vgblk-rw-wrapper limit-wrapper\">\n<p class=\"my-2 [&amp;+p]:mt-4 [&amp;_strong:has(+br)]:inline-block [&amp;_strong:has(+br)]:pb-2\">Scopri Diana 7, il braccio robotico antropomorfico altamente destro e sensibile, progettato per soddisfare esigenze di automazione avanzata nei settori automotive, elettronica di consumo e molto altro. Dotato di sensori di coppia su tutti e sette gli assi, Diana 7 offre un controllo di forza estremamente preciso, supportato da un software AI-driven AgileCore che ne semplifica l\u2019installazione, programmazione e manutenzione.<\/p>\n<h2 class=\"mb-2 mt-4 font-display font-semimedium text-base first:mt-0\">Caratteristiche Distintive:<\/h2>\n<ul>\n<li>7 gradi di libert\u00e0 con cinematica antropomorfica per movimenti fluidi e naturali, anche in spazi ristretti o complessi<\/li>\n<li>Sensori di coppia in ogni asse che garantiscono elevata sensibilit\u00e0 e capacit\u00e0 di controllo della forza con precisione di 0,5 N per processi di assemblaggio delicati<\/li>\n<li>Ripetibilit\u00e0 di posizione di \u00b10,05 mm per massima accuratezza in ogni operazione<\/li>\n<li>Portata efficiente di 923 mm, ideale per manipolazione di oggetti a diverse distanze<\/li>\n<li>Capacit\u00e0 di carico fino a 7 kg, perfetto per la gestione di componenti vari per peso e dimensioni<\/li>\n<li>Design user-friendly con funzione di insegnamento intuitivo e manipolazione sicura che previene schiacciamenti e facilita l\u2019interazione uomo-robot<\/li>\n<li>Software AgileCore che consente una facile integrazione, configurazione e programmazione con strumenti potenti ed efficienti.\u200b<\/li>\n<\/ul>\n<h2 class=\"mb-2 mt-4 font-display font-semimedium text-base first:mt-0\">Applicazioni Ideali:<\/h2>\n<p class=\"my-2 [&amp;+p]:mt-4 [&amp;_strong:has(+br)]:inline-block [&amp;_strong:has(+br)]:pb-2\">Diana 7 \u00e8 indicata per ambienti industriali che richiedono alta precisione e versatilit\u00e0 come assembly complessi, automazione di processi in serie, gestione e movimentazione negli stabilimenti di produzione automotive e elettronica 3C.\u200b<\/p>\n<h2 class=\"mb-2 mt-4 font-display font-semimedium text-base first:mt-0\">Especificaciones t\u00e9cnicas principales:<\/h2>\n<ul>\n<li>7 assi motorizzati con sensori di coppia indipendenti<\/li>\n<li>Ripetibilit\u00e0: \u00b10,05 mm<\/li>\n<li>Payload massimo: 7 kg<\/li>\n<li>Portata: 923 mm<\/li>\n<li>Controllo della forza con accuratezza di 0,5 N<\/li>\n<li>Design antropomorfico e software AI-driven AgileCore integrato<\/li>\n<\/ul>\n<\/div>\n<p><!-- .vgblk-rw-wrapper --><\/p>","protected":false},"excerpt":{"rendered":"<p>Il Diana\u202f7 \u00e8 un robot collaborativo a 7 gradi di libert\u00e0 con sensori di coppia integrati su ogni giunto. Grazie alla sua struttura compatta e all&#8217;elevata sensibilit\u00e0, \u00e8 ideale per lavorare in ambienti condivisi con l\u2019uomo in totale sicurezza. Dotato di sensori di coppia su tutti e sette gli assi, Diana 7 offre un controllo di forza estremamente preciso, supportato da un software AI-driven AgileCore che ne semplifica l\u2019installazione, programmazione e manutenzione.<\/p>","protected":false},"featured_media":1019769,"template":"","meta":[],"pwb-brand":[683],"product_brand":[],"product_cat":[611],"product_tag":[],"class_list":{"0":"post-1018676","1":"product","2":"type-product","3":"status-publish","4":"has-post-thumbnail","6":"pwb-brand-agile-robots","7":"product_cat-bracci-robotici","9":"first","10":"instock","11":"shipping-taxable","12":"product-type-simple"},"brands":[{"id":683,"name":"Agile Robots","slug":"agile-robots"}],"_links":{"self":[{"href":"https:\/\/store.todsystem.com\/es\/wp-json\/wp\/v2\/product\/1018676","targetHints":{"allow":["GET"]}}],"collection":[{"href":"https:\/\/store.todsystem.com\/es\/wp-json\/wp\/v2\/product"}],"about":[{"href":"https:\/\/store.todsystem.com\/es\/wp-json\/wp\/v2\/types\/product"}],"version-history":[{"count":8,"href":"https:\/\/store.todsystem.com\/es\/wp-json\/wp\/v2\/product\/1018676\/revisions"}],"predecessor-version":[{"id":1019770,"href":"https:\/\/store.todsystem.com\/es\/wp-json\/wp\/v2\/product\/1018676\/revisions\/1019770"}],"wp:featuredmedia":[{"embeddable":true,"href":"https:\/\/store.todsystem.com\/es\/wp-json\/wp\/v2\/media\/1019769"}],"wp:attachment":[{"href":"https:\/\/store.todsystem.com\/es\/wp-json\/wp\/v2\/media?parent=1018676"}],"wp:term":[{"taxonomy":"pwb-brand","embeddable":true,"href":"https:\/\/store.todsystem.com\/es\/wp-json\/wp\/v2\/pwb-brand?post=1018676"},{"taxonomy":"product_brand","embeddable":true,"href":"https:\/\/store.todsystem.com\/es\/wp-json\/wp\/v2\/product_brand?post=1018676"},{"taxonomy":"product_cat","embeddable":true,"href":"https:\/\/store.todsystem.com\/es\/wp-json\/wp\/v2\/product_cat?post=1018676"},{"taxonomy":"product_tag","embeddable":true,"href":"https:\/\/store.todsystem.com\/es\/wp-json\/wp\/v2\/product_tag?post=1018676"}],"curies":[{"name":"wp","href":"https:\/\/api.w.org\/{rel}","templated":true}]}}