{"id":1018417,"date":"2025-07-22T10:52:56","date_gmt":"2025-07-22T10:52:56","guid":{"rendered":"https:\/\/store.todsystem.com\/?post_type=product&#038;p=1018417"},"modified":"2025-07-22T10:52:56","modified_gmt":"2025-07-22T10:52:56","slug":"jobot-amr","status":"publish","type":"product","link":"https:\/\/store.todsystem.com\/es\/producto\/jobot-amr\/","title":{"rendered":"Jobot AMR"},"content":{"rendered":"<div class=\"vgblk-rw-wrapper limit-wrapper\"><b>Jobot\u00ae<\/b> \u00e8 l&#8217;innovativo <b>Robot Mobile Autonomo (AMR)<\/b>, ideato e realizzato in Italia da Eutronica, per trasformare la logistica interna della tua azienda. Progettato per supportare e agevolare il lavoro umano, questo sistema di trasporto compatto ed efficiente si muove autonomamente all&#8217;interno di rotte programmate, eseguendo missioni di trasporto da stazioni di carico\/scarico a centri di lavoro.<\/p>\n<p>Ci\u00f2 che rende Jobot\u00ae eccezionale \u00e8 la sua <b>libert\u00e0 di movimento<\/b>: non necessita di cablaggi, bande magnetiche o guide fisiche. Grazie a un software di navigazione avanzato basato su scanner laser e monitoraggio continuo, Jobot\u00ae \u00e8 in grado di <b>mappare l&#8217;ambiente<\/b>, riconoscere la propria posizione, evitare ostacoli imprevisti e ricalcolare percorsi ottimali in tempo reale. Questo lo rende ideale anche per ambienti complessi, garantendo flessibilit\u00e0 e adattabilit\u00e0 al layout esistente senza la necessit\u00e0 di costose modifiche infrastrutturali.<\/p>\n<p>Con Jobot\u00ae, non solo <b>ridurrai i tempi di spostamento del personale<\/b>, ma ottimizzerai anche i tempi di attesa di materiali, componenti e attrezzature, accelerando i processi produttivi. Il suo <b>design made in Italy<\/b> unito alla sua economicit\u00e0 lo rende una soluzione accessibile anche per le piccole e medie imprese che desiderano innovare e automatizzare la propria logistica. La gestione intelligente della flotta, tramite un Fleet Management System, ottimizza l&#8217;impiego delle risorse e permette l&#8217;integrazione con sistemi aziendali come MES\/MOM, ERP o WMS, oltre a interfacciare l&#8217;AMR con sensori, porte automatiche e ascensori. Jobot\u00ae \u00e8 anche personalizzabile con accessori dedicati, inclusi quelli per la sanificazione degli ambienti, offrendo una soluzione versatile per ogni esigenza.<\/div>\n<p><!-- .vgblk-rw-wrapper --><\/p>","protected":false},"excerpt":{"rendered":"<p><b>Jobot\u00ae<\/b> \u00e8 il robot mobile autonomo (AMR) compatto ed efficiente, progettato e prodotto in Italia per rivoluzionare la tua logistica interna. Muovendosi liberamente e senza infrastrutture fisse, Jobot\u00ae ottimizza il trasporto di carichi leggeri, liberando il personale da mansioni ripetitive e a basso valore aggiunto.<\/p>","protected":false},"featured_media":1018418,"template":"","meta":[],"pwb-brand":[],"product_brand":[],"product_cat":[614],"product_tag":[],"class_list":{"0":"post-1018417","1":"product","2":"type-product","3":"status-publish","4":"has-post-thumbnail","6":"product_cat-robot-mobili-amr-agv","8":"first","9":"instock","10":"shipping-taxable","11":"product-type-simple"},"brands":[],"_links":{"self":[{"href":"https:\/\/store.todsystem.com\/es\/wp-json\/wp\/v2\/product\/1018417","targetHints":{"allow":["GET"]}}],"collection":[{"href":"https:\/\/store.todsystem.com\/es\/wp-json\/wp\/v2\/product"}],"about":[{"href":"https:\/\/store.todsystem.com\/es\/wp-json\/wp\/v2\/types\/product"}],"version-history":[{"count":2,"href":"https:\/\/store.todsystem.com\/es\/wp-json\/wp\/v2\/product\/1018417\/revisions"}],"predecessor-version":[{"id":1018422,"href":"https:\/\/store.todsystem.com\/es\/wp-json\/wp\/v2\/product\/1018417\/revisions\/1018422"}],"wp:featuredmedia":[{"embeddable":true,"href":"https:\/\/store.todsystem.com\/es\/wp-json\/wp\/v2\/media\/1018418"}],"wp:attachment":[{"href":"https:\/\/store.todsystem.com\/es\/wp-json\/wp\/v2\/media?parent=1018417"}],"wp:term":[{"taxonomy":"pwb-brand","embeddable":true,"href":"https:\/\/store.todsystem.com\/es\/wp-json\/wp\/v2\/pwb-brand?post=1018417"},{"taxonomy":"product_brand","embeddable":true,"href":"https:\/\/store.todsystem.com\/es\/wp-json\/wp\/v2\/product_brand?post=1018417"},{"taxonomy":"product_cat","embeddable":true,"href":"https:\/\/store.todsystem.com\/es\/wp-json\/wp\/v2\/product_cat?post=1018417"},{"taxonomy":"product_tag","embeddable":true,"href":"https:\/\/store.todsystem.com\/es\/wp-json\/wp\/v2\/product_tag?post=1018417"}],"curies":[{"name":"wp","href":"https:\/\/api.w.org\/{rel}","templated":true}]}}