{"id":1016831,"date":"2025-05-30T08:39:11","date_gmt":"2025-05-30T08:39:11","guid":{"rendered":"https:\/\/store.todsystem.com\/?post_type=product&#038;p=1016831"},"modified":"2025-06-11T10:37:36","modified_gmt":"2025-06-11T10:37:36","slug":"hikrobot-ctu-tp7-fw","status":"publish","type":"product","link":"https:\/\/store.todsystem.com\/es\/producto\/hikrobot-ctu-tp7-fw\/","title":{"rendered":"Hikrobot CTU TP7-FW"},"content":{"rendered":"<div class=\"vgblk-rw-wrapper limit-wrapper\">\n<h4>Especificaciones t\u00e9cnicas<\/h4>\n<p>Dimensioni L x l x h: 1940 x 1485 x 4825 mm<br \/>\nPortata nominale: 750 Kg<\/p><\/div>\n<p><!-- .vgblk-rw-wrapper --><\/p>","protected":false},"excerpt":{"rendered":"<p><strong>TP7-FH<\/strong> \u00e8 un&#8217;unit\u00e0 di trasferimento cartoni di elevata capacit\u00e0, progettata per la movimentazione di carichi pesanti in sistemi di magazzino verticale. Con una <strong>portata nominale di 700 Kg<\/strong> e dimensioni di <strong>1570 x 1385 x 4100 mm<\/strong> (L x l x h), questo modello \u00e8 una soluzione robusta per la logistica di materiali voluminosi. Le sue caratteristiche lo rendono ideale per applicazioni che richiedono grande potenza e capacit\u00e0 di sollevamento.<\/p>","protected":false},"featured_media":1016832,"template":"","meta":[],"pwb-brand":[607],"product_brand":[],"product_cat":[614],"product_tag":[],"class_list":{"0":"post-1016831","1":"product","2":"type-product","3":"status-publish","4":"has-post-thumbnail","6":"pwb-brand-hikrobot","7":"product_cat-robot-mobili-amr-agv","9":"first","10":"instock","11":"shipping-taxable","12":"product-type-simple"},"brands":[{"id":607,"name":"Hikrobot","slug":"hikrobot"}],"_links":{"self":[{"href":"https:\/\/store.todsystem.com\/es\/wp-json\/wp\/v2\/product\/1016831","targetHints":{"allow":["GET"]}}],"collection":[{"href":"https:\/\/store.todsystem.com\/es\/wp-json\/wp\/v2\/product"}],"about":[{"href":"https:\/\/store.todsystem.com\/es\/wp-json\/wp\/v2\/types\/product"}],"version-history":[{"count":2,"href":"https:\/\/store.todsystem.com\/es\/wp-json\/wp\/v2\/product\/1016831\/revisions"}],"predecessor-version":[{"id":1016834,"href":"https:\/\/store.todsystem.com\/es\/wp-json\/wp\/v2\/product\/1016831\/revisions\/1016834"}],"wp:featuredmedia":[{"embeddable":true,"href":"https:\/\/store.todsystem.com\/es\/wp-json\/wp\/v2\/media\/1016832"}],"wp:attachment":[{"href":"https:\/\/store.todsystem.com\/es\/wp-json\/wp\/v2\/media?parent=1016831"}],"wp:term":[{"taxonomy":"pwb-brand","embeddable":true,"href":"https:\/\/store.todsystem.com\/es\/wp-json\/wp\/v2\/pwb-brand?post=1016831"},{"taxonomy":"product_brand","embeddable":true,"href":"https:\/\/store.todsystem.com\/es\/wp-json\/wp\/v2\/product_brand?post=1016831"},{"taxonomy":"product_cat","embeddable":true,"href":"https:\/\/store.todsystem.com\/es\/wp-json\/wp\/v2\/product_cat?post=1016831"},{"taxonomy":"product_tag","embeddable":true,"href":"https:\/\/store.todsystem.com\/es\/wp-json\/wp\/v2\/product_tag?post=1016831"}],"curies":[{"name":"wp","href":"https:\/\/api.w.org\/{rel}","templated":true}]}}