{"id":1016792,"date":"2025-05-30T07:52:02","date_gmt":"2025-05-30T07:52:02","guid":{"rendered":"https:\/\/store.todsystem.com\/?post_type=product&#038;p=1016792"},"modified":"2025-06-11T10:33:14","modified_gmt":"2025-06-11T10:33:14","slug":"hikrobot-ctu-tp5-50dch","status":"publish","type":"product","link":"https:\/\/store.todsystem.com\/es\/producto\/hikrobot-ctu-tp5-50dch\/","title":{"rendered":"Hikrobot CTU TP5-50DCH"},"content":{"rendered":"<div class=\"vgblk-rw-wrapper limit-wrapper\">\n<h4>Especificaciones t\u00e9cnicas<\/h4>\n<p>Dimensioni L x l x h: 1882 x 950 x 6560 mm<br \/>\nPortata nominale: 300 Kg<br \/>\nNavigazione: V-SLAM \/ 2D barcode \/ L-SLAM<\/p><\/div>\n<p><!-- .vgblk-rw-wrapper --><\/p>","protected":false},"excerpt":{"rendered":"<p><strong>TP5-50DCH<\/strong> \u00e8 un&#8217;unit\u00e0 di trasferimento cartoni progettata per lo stoccaggio ad altissima densit\u00e0 e altezze elevate. Con una <strong>portata nominale di 300 Kg<\/strong> e dimensioni imponenti di <strong>1882 x 950 x 6560 mm<\/strong> (L x l x h), questo modello \u00e8 ottimizzato per massimizzare l&#8217;utilizzo dello spazio verticale. La navigazione affidabile tramite <strong>V-SLAM, 2D barcode e L-SLAM<\/strong> assicura operazioni precise e sicure anche a grandi altezze.<\/p>","protected":false},"featured_media":1016793,"template":"","meta":[],"pwb-brand":[607],"product_brand":[],"product_cat":[614],"product_tag":[],"class_list":{"0":"post-1016792","1":"product","2":"type-product","3":"status-publish","4":"has-post-thumbnail","6":"pwb-brand-hikrobot","7":"product_cat-robot-mobili-amr-agv","9":"first","10":"instock","11":"shipping-taxable","12":"product-type-simple"},"brands":[{"id":607,"name":"Hikrobot","slug":"hikrobot"}],"_links":{"self":[{"href":"https:\/\/store.todsystem.com\/es\/wp-json\/wp\/v2\/product\/1016792","targetHints":{"allow":["GET"]}}],"collection":[{"href":"https:\/\/store.todsystem.com\/es\/wp-json\/wp\/v2\/product"}],"about":[{"href":"https:\/\/store.todsystem.com\/es\/wp-json\/wp\/v2\/types\/product"}],"version-history":[{"count":2,"href":"https:\/\/store.todsystem.com\/es\/wp-json\/wp\/v2\/product\/1016792\/revisions"}],"predecessor-version":[{"id":1016805,"href":"https:\/\/store.todsystem.com\/es\/wp-json\/wp\/v2\/product\/1016792\/revisions\/1016805"}],"wp:featuredmedia":[{"embeddable":true,"href":"https:\/\/store.todsystem.com\/es\/wp-json\/wp\/v2\/media\/1016793"}],"wp:attachment":[{"href":"https:\/\/store.todsystem.com\/es\/wp-json\/wp\/v2\/media?parent=1016792"}],"wp:term":[{"taxonomy":"pwb-brand","embeddable":true,"href":"https:\/\/store.todsystem.com\/es\/wp-json\/wp\/v2\/pwb-brand?post=1016792"},{"taxonomy":"product_brand","embeddable":true,"href":"https:\/\/store.todsystem.com\/es\/wp-json\/wp\/v2\/product_brand?post=1016792"},{"taxonomy":"product_cat","embeddable":true,"href":"https:\/\/store.todsystem.com\/es\/wp-json\/wp\/v2\/product_cat?post=1016792"},{"taxonomy":"product_tag","embeddable":true,"href":"https:\/\/store.todsystem.com\/es\/wp-json\/wp\/v2\/product_tag?post=1016792"}],"curies":[{"name":"wp","href":"https:\/\/api.w.org\/{rel}","templated":true}]}}