{"id":1016409,"date":"2025-05-09T10:38:40","date_gmt":"2025-05-09T10:38:40","guid":{"rendered":"https:\/\/store.todsystem.com\/?post_type=product&#038;p=1016409"},"modified":"2025-06-12T07:01:22","modified_gmt":"2025-06-12T07:01:22","slug":"robot-cuadrupedo-puma-pro","status":"publish","type":"product","link":"https:\/\/store.todsystem.com\/es\/producto\/robot-cuadrupedo-puma-pro\/","title":{"rendered":"Robot cuadr\u00fapedo PUMA Pro"},"content":{"rendered":"<div class=\"vgblk-rw-wrapper limit-wrapper\">\n<h2>Especificaciones t\u00e9cnicas del robot cuadr\u00fapedo PUMA Pro<\/h2>\n<ul>\n<li><strong>Dimensiones:<\/strong>\u00a0800 mm \u00d7 500 mm \u00d7 600 mm<\/li>\n<li><strong>Peso:<\/strong>\u00a040 kg<\/li>\n<li><strong>Procesador:<\/strong>\u00a0Dos procesadores industriales octa-core de 64 bits<\/li>\n<li><strong>Memoria:<\/strong>\u00a016 GB de RAM, 128 GB de almacenamiento<\/li>\n<li><strong>Sensores:<\/strong>\n<ul>\n<li>2 \u00d7 LiDAR 48 l\u00edneas (96 l\u00edneas en total)<\/li>\n<li>2 \u00d7 c\u00e1maras gran angular<\/li>\n<li>Vista de 360\u00b0 con nube de puntos en tiempo real<\/li>\n<\/ul>\n<\/li>\n<li><strong>Protecci\u00f3n:<\/strong>\u00a0IP66 (resistente al polvo y al agua)<\/li>\n<li><strong>Temperatura de funcionamiento:<\/strong>\u00a0de -20\u00b0C a 55\u00b0C<\/li>\n<li><strong>Velocidad m\u00e1xima:<\/strong>\u00a05 m\/s (cabeza), 3 m\/s continuo<\/li>\n<li><strong>Capacidad para superar obst\u00e1culos:<\/strong>\u00a025 cm, pendientes de hasta 45\u00b0.<\/li>\n<li><strong>Autonom\u00eda:<\/strong>\u00a03 horas en uso est\u00e1ndar, hasta 24 horas con bater\u00edas intercambiables en caliente<\/li>\n<li><strong>Carga \u00fatil:<\/strong>\u00a012 kg nominal, hasta 50 kg m\u00e1ximo<\/li>\n<li><strong>Conectividad:<\/strong>\u00a0Gigabit Ethernet, USB 3.0, fuente de alimentaci\u00f3n de 24 V \/ 72 V (hasta 300 W)<\/li>\n<li><strong>Sistema de montaje:<\/strong>\u00a0gu\u00eda 270 mm \u00d7 165 mm<\/li>\n<\/ul>\n<\/div>\n<p><!-- .vgblk-rw-wrapper --><\/p>","protected":false},"excerpt":{"rendered":"<p data-sourcepos=\"3:1-3:93\"><strong>PUMA Pro: inteligencia integrada y rendimiento sin igual para la rob\u00f3tica industrial<\/strong><\/p>\n<p data-sourcepos=\"5:1-5:305\">El perro robot cuadr\u00fapedo industrial PUMA Pro de Deep Robotics establece nuevos est\u00e1ndares en el sector. Equipado con dos potentes procesadores octa-core de 64 bits, 16 GB de RAM y 128 GB de memoria, ofrece capacidades inform\u00e1ticas avanzadas para la percepci\u00f3n compleja, la navegaci\u00f3n aut\u00f3noma y la toma de decisiones en tiempo real.<\/p>\n<p data-sourcepos=\"7:1-7:398\">Dise\u00f1ado para funcionar en entornos dif\u00edciles, PUMA Pro utiliza dos LiDAR y c\u00e1maras gran angular para una percepci\u00f3n completa del entorno en 360\u00b0, esencial para una cartograf\u00eda precisa, una detecci\u00f3n fiable de obst\u00e1culos y una vigilancia eficaz. Su robusta construcci\u00f3n con certificaci\u00f3n IP66 garantiza un funcionamiento continuo incluso en presencia de polvo, humedad y temperaturas extremas.<\/p>\n<p data-sourcepos=\"9:1-9:287\">Gracias a la innovadora combinaci\u00f3n de ruedas integradas y patas articuladas, la PUMA Pro alcanza velocidades de hasta 5 m\/s, supera obst\u00e1culos de hasta 25 cm de altura, afronta pendientes de hasta 45\u00b0 y garantiza un funcionamiento continuo de hasta 3 horas (ampliable a 24 horas con bater\u00edas intercambiables en caliente).<\/p>\n<p data-sourcepos=\"11:1-11:321\">Optimizada para la integraci\u00f3n industrial, PUMA Pro ofrece diversas interfaces (Gigabit Ethernet, USB 3.0, fuente de alimentaci\u00f3n de 24V\/72V de hasta 300W) y un vers\u00e1til sistema de montaje para a\u00f1adir sensores, brazos rob\u00f3ticos o m\u00f3dulos personalizados, lo que la convierte en una plataforma adaptable para diversas aplicaciones industriales.<\/p>","protected":false},"featured_media":1016421,"template":"","meta":[],"pwb-brand":[591],"product_brand":[],"product_cat":[276],"product_tag":[],"class_list":{"0":"post-1016409","1":"product","2":"type-product","3":"status-publish","4":"has-post-thumbnail","6":"pwb-brand-deep-robotics","7":"product_cat-robot-quadrupedi","9":"first","10":"instock","11":"shipping-taxable","12":"product-type-simple"},"brands":[{"id":591,"name":"Rob\u00f3tica profunda","slug":"deep-robotics"}],"_links":{"self":[{"href":"https:\/\/store.todsystem.com\/es\/wp-json\/wp\/v2\/product\/1016409","targetHints":{"allow":["GET"]}}],"collection":[{"href":"https:\/\/store.todsystem.com\/es\/wp-json\/wp\/v2\/product"}],"about":[{"href":"https:\/\/store.todsystem.com\/es\/wp-json\/wp\/v2\/types\/product"}],"version-history":[{"count":2,"href":"https:\/\/store.todsystem.com\/es\/wp-json\/wp\/v2\/product\/1016409\/revisions"}],"predecessor-version":[{"id":1016425,"href":"https:\/\/store.todsystem.com\/es\/wp-json\/wp\/v2\/product\/1016409\/revisions\/1016425"}],"wp:featuredmedia":[{"embeddable":true,"href":"https:\/\/store.todsystem.com\/es\/wp-json\/wp\/v2\/media\/1016421"}],"wp:attachment":[{"href":"https:\/\/store.todsystem.com\/es\/wp-json\/wp\/v2\/media?parent=1016409"}],"wp:term":[{"taxonomy":"pwb-brand","embeddable":true,"href":"https:\/\/store.todsystem.com\/es\/wp-json\/wp\/v2\/pwb-brand?post=1016409"},{"taxonomy":"product_brand","embeddable":true,"href":"https:\/\/store.todsystem.com\/es\/wp-json\/wp\/v2\/product_brand?post=1016409"},{"taxonomy":"product_cat","embeddable":true,"href":"https:\/\/store.todsystem.com\/es\/wp-json\/wp\/v2\/product_cat?post=1016409"},{"taxonomy":"product_tag","embeddable":true,"href":"https:\/\/store.todsystem.com\/es\/wp-json\/wp\/v2\/product_tag?post=1016409"}],"curies":[{"name":"wp","href":"https:\/\/api.w.org\/{rel}","templated":true}]}}