{"id":1015161,"date":"2025-04-09T09:21:55","date_gmt":"2025-04-09T09:21:55","guid":{"rendered":"https:\/\/store.todsystem.com\/?post_type=product&#038;p=1015161"},"modified":"2025-06-17T09:19:26","modified_gmt":"2025-06-17T09:19:26","slug":"dobot-m1-pro","status":"publish","type":"product","link":"https:\/\/store.todsystem.com\/es\/producto\/dobot-m1-pro\/","title":{"rendered":"Brazo rob\u00f3tico Dobot M1 Pro SCARA"},"content":{"rendered":"<div class=\"vgblk-rw-wrapper limit-wrapper\">\n<p data-sourcepos=\"3:1-3:77\"><strong>Dobot M1 Pro: el robot colaborativo SCARA para la automatizaci\u00f3n inteligente<\/strong><\/p>\n<p data-sourcepos=\"5:1-5:63\"><strong>Revolucione su producci\u00f3n con precisi\u00f3n y flexibilidad<\/strong><\/p>\n<p data-sourcepos=\"7:1-7:277\">El Dobot M1 Pro es un robot colaborativo SCARA de \u00faltima generaci\u00f3n dise\u00f1ado para automatizar una amplia gama de procesos industriales con precisi\u00f3n, eficacia y seguridad. Ideal para peque\u00f1as y medianas empresas, ofrece una soluci\u00f3n de automatizaci\u00f3n inteligente y rentable.<\/p>\n<p data-sourcepos=\"9:1-9:31\"><strong>Caracter\u00edsticas principales:<\/strong><\/p>\n<ul data-sourcepos=\"11:1-19:0\">\n<li data-sourcepos=\"11:1-11:106\"><strong>Precisi\u00f3n y rapidez:<\/strong> Repetibilidad de \u00b10,02 mm y altas velocidades para operaciones r\u00e1pidas y precisas.<\/li>\n<li data-sourcepos=\"12:1-12:117\"><strong>Seguridad colaborativa:<\/strong> Sensores de colisi\u00f3n integrados para una colaboraci\u00f3n segura con operadores humanos.<\/li>\n<li data-sourcepos=\"13:1-13:130\"><strong>Facilidad de uso:<\/strong> Programaci\u00f3n intuitiva mediante software gr\u00e1fico (Blockly), scripting (LUA) o control manual (teach-in).<\/li>\n<li data-sourcepos=\"14:1-14:145\"><strong>Flexibilidad y versatilidad:<\/strong> Amplia gama de aplicaciones, desde la manipulaci\u00f3n de materiales al montaje, desde la inspecci\u00f3n a la soldadura.<\/li>\n<li data-sourcepos=\"15:1-15:114\"><strong>Integraci\u00f3n sencilla:<\/strong> Dise\u00f1o compacto con controlador integrado para una instalaci\u00f3n r\u00e1pida y plug-and-play.<\/li>\n<li data-sourcepos=\"16:1-16:158\"><strong>Conectividad avanzada:<\/strong> Compatibilidad con protocolos de comunicaci\u00f3n est\u00e1ndar (TCP\/IP, Modbus TCP, Modbus RTU) para facilitar la integraci\u00f3n con otros sistemas.<\/li>\n<li data-sourcepos=\"17:1-17:139\"><strong>Dise\u00f1o compacto:<\/strong> El dise\u00f1o del brazo de este robot se ha optimizado para que ocupe menos espacio y pueda funcionar en espacios reducidos.<\/li>\n<li data-sourcepos=\"18:1-19:0\"><strong>Seguimiento din\u00e1mico:<\/strong> La interfaz del codificador soporta el seguimiento del transportador, ajustando las trayectorias del robot en funci\u00f3n del movimiento del transportador.<\/li>\n<\/ul>\n<\/div>\n<p><!-- .vgblk-rw-wrapper --><\/p>","protected":false},"excerpt":{"rendered":"<p data-sourcepos=\"20:1-20:24\"><strong>Especificaciones t\u00e9cnicas:<\/strong><\/p>\n<ul data-sourcepos=\"22:1-28:0\">\n<li data-sourcepos=\"22:1-22:17\">Capacidad de carga: 400 mm<\/li>\n<li data-sourcepos=\"23:1-23:22\">Carga \u00fatil: 1,5 kg<\/li>\n<li data-sourcepos=\"24:1-24:24\">Repetibilidad: \u00b10,02 mm<\/li>\n<li data-sourcepos=\"25:1-25:45\">Velocidad m\u00e1xima de uni\u00f3n: hasta 1000\u00b0\/s<\/li>\n<li data-sourcepos=\"26:1-26:19\">N\u00famero de ejes: 4<\/li>\n<li data-sourcepos=\"27:1-28:0\">Comunicaci\u00f3n: TCP\/IP, Modbus TCP, Modbus RTU<\/li>\n<\/ul>\n<p data-sourcepos=\"29:1-29:17\"><strong>Aplicaciones:<\/strong><\/p>\n<ul data-sourcepos=\"31:1-38:0\">\n<li data-sourcepos=\"31:1-31:16\">Elegir y colocar<\/li>\n<li data-sourcepos=\"32:1-32:14\">Montaje<\/li>\n<li data-sourcepos=\"33:1-33:19\">Inspecci\u00f3n de calidad<\/li>\n<li data-sourcepos=\"34:1-34:11\">Soldadura<\/li>\n<li data-sourcepos=\"35:1-35:12\">Dispensaci\u00f3n<\/li>\n<li data-sourcepos=\"36:1-36:28\">Manipulaci\u00f3n de materiales<\/li>\n<li data-sourcepos=\"37:1-38:0\">Aplicaciones de laboratorio<\/li>\n<\/ul>","protected":false},"featured_media":1015274,"template":"","meta":[],"pwb-brand":[579],"product_brand":[],"product_cat":[613],"product_tag":[],"class_list":{"0":"post-1015161","1":"product","2":"type-product","3":"status-publish","4":"has-post-thumbnail","6":"pwb-brand-dobot","7":"product_cat-robot-scara-e-delta","9":"first","10":"instock","11":"shipping-taxable","12":"product-type-simple"},"brands":[{"id":579,"name":"Dobot","slug":"dobot"}],"_links":{"self":[{"href":"https:\/\/store.todsystem.com\/es\/wp-json\/wp\/v2\/product\/1015161","targetHints":{"allow":["GET"]}}],"collection":[{"href":"https:\/\/store.todsystem.com\/es\/wp-json\/wp\/v2\/product"}],"about":[{"href":"https:\/\/store.todsystem.com\/es\/wp-json\/wp\/v2\/types\/product"}],"version-history":[{"count":4,"href":"https:\/\/store.todsystem.com\/es\/wp-json\/wp\/v2\/product\/1015161\/revisions"}],"predecessor-version":[{"id":1016482,"href":"https:\/\/store.todsystem.com\/es\/wp-json\/wp\/v2\/product\/1015161\/revisions\/1016482"}],"wp:featuredmedia":[{"embeddable":true,"href":"https:\/\/store.todsystem.com\/es\/wp-json\/wp\/v2\/media\/1015274"}],"wp:attachment":[{"href":"https:\/\/store.todsystem.com\/es\/wp-json\/wp\/v2\/media?parent=1015161"}],"wp:term":[{"taxonomy":"pwb-brand","embeddable":true,"href":"https:\/\/store.todsystem.com\/es\/wp-json\/wp\/v2\/pwb-brand?post=1015161"},{"taxonomy":"product_brand","embeddable":true,"href":"https:\/\/store.todsystem.com\/es\/wp-json\/wp\/v2\/product_brand?post=1015161"},{"taxonomy":"product_cat","embeddable":true,"href":"https:\/\/store.todsystem.com\/es\/wp-json\/wp\/v2\/product_cat?post=1015161"},{"taxonomy":"product_tag","embeddable":true,"href":"https:\/\/store.todsystem.com\/es\/wp-json\/wp\/v2\/product_tag?post=1015161"}],"curies":[{"name":"wp","href":"https:\/\/api.w.org\/{rel}","templated":true}]}}