{"id":1014435,"date":"2025-01-21T11:25:56","date_gmt":"2025-01-21T11:25:56","guid":{"rendered":"https:\/\/store.todsystem.com\/?post_type=product&#038;p=1014435"},"modified":"2025-07-16T09:43:56","modified_gmt":"2025-07-16T09:43:56","slug":"robotiq-ax30","status":"publish","type":"product","link":"https:\/\/store.todsystem.com\/es\/producto\/robotiq-ax30\/","title":{"rendered":"Robot paletizador Robotiq AX30"},"content":{"rendered":"<div class=\"vgblk-rw-wrapper limit-wrapper\">El robot paletizador Robotiq AX30 representa la excelencia en automatizaci\u00f3n industrial, dise\u00f1ado para optimizar el proceso de paletizado. Gracias a su capacidad para aumentar la eficacia y reducir los tiempos de ciclo, este robot es la soluci\u00f3n ideal para las empresas que buscan mejorar su productividad. Descubramos juntos sus principales caracter\u00edsticas:<\/p>\n<p>Tipo de m\u00e1quina: Robot paletizador autom\u00e1tico<\/p>\n<p>El Robotiq AX30 es un robot paletizador totalmente autom\u00e1tico dise\u00f1ado para simplificar y agilizar todo el proceso de paletizado. Gracias a su programaci\u00f3n intuitiva, se integra f\u00e1cilmente en instalaciones de producci\u00f3n automatizadas, haciendo que el trabajo sea m\u00e1s fluido y productivo.<\/p>\n<p>Altura de paletizaci\u00f3n: flexibilidad y adaptabilidad<\/p>\n<p>Este robot tiene la capacidad de paletizar a una altura de hasta 2,5-3 metros, lo que le permite adaptarse a diferentes configuraciones de pal\u00e9s y necesidades de almacenamiento, para satisfacer cualquier requisito.<\/p>\n<p>Duraci\u00f3n del ciclo: Excelente velocidad<\/p>\n<p>La Robotiq AX30 est\u00e1 dise\u00f1ada para tiempos de ciclo r\u00e1pidos, que oscilan entre 9 y 12 segundos por ciclo, en funci\u00f3n de la carga y los ajustes. Esto la hace perfecta para empresas que necesitan eficiencia y velocidad en las operaciones de paletizado.<\/p>\n<p>Capacidad de carga: potente y precisa<\/p>\n<p>Con una capacidad de carga que oscila entre 10 kg y 30 kg por ciclo, la Robotiq AX30 es ideal para manipular cargas medias y pesadas, garantizando siempre una alta precisi\u00f3n y operaciones fiables.<\/p>\n<p>Tama\u00f1o de la paleta: m\u00e1xima compatibilidad<\/p>\n<p>La Robotiq AX30, que admite tama\u00f1os de palet est\u00e1ndar (por ejemplo, 800\u00d71200 mm, 1000\u00d71200 mm) y puede adaptarse para trabajar con palets personalizados o de mayor tama\u00f1o, est\u00e1 dise\u00f1ada para satisfacer las necesidades espec\u00edficas de cada cliente.<\/p>\n<p>Control y automatizaci\u00f3n: tecnolog\u00eda avanzada<\/p>\n<p>El robot est\u00e1 equipado con un avanzado sistema de control mediante PLC o controlador integrado, que facilita la programaci\u00f3n y optimizaci\u00f3n de las operaciones. La HMI (interfaz hombre-m\u00e1quina) permite una supervisi\u00f3n sencilla y ajustes r\u00e1pidos.<\/p>\n<p>Integraci\u00f3n con las l\u00edneas de producci\u00f3n: m\u00e1xima eficacia<\/p>\n<p>El Robotiq AX30 est\u00e1 dise\u00f1ado para integrarse perfectamente en las l\u00edneas de producci\u00f3n existentes. Puede conectarse a cintas transportadoras, sistemas de visi\u00f3n artificial y otras m\u00e1quinas de manipulaci\u00f3n, lo que mejora el flujo de materiales y aumenta la productividad general.<\/p>\n<p>Fiabilidad y mantenimiento: cada detalle cuenta<\/p>\n<p>Dise\u00f1ada para ofrecer una larga vida \u00fatil y un bajo mantenimiento, la Robotiq AX30 est\u00e1 fabricada con componentes robustos y garantiza un mantenimiento rutinario sencillo.<\/p>\n<p>Tipo de conectividad: Avanzada y flexible<\/p>\n<p>Gracias a la conectividad avanzada, que incluye Ethernet, Wi-Fi y Bluetooth, es posible controlar el robot a distancia y recopilar datos en tiempo real, optimizando a\u00fan m\u00e1s las operaciones de paletizado.<\/p>\n<p>Campos de aplicaci\u00f3n: versatilidad en acci\u00f3n<\/p>\n<p>El robot paletizador Robotiq AX30 encuentra aplicaci\u00f3n en numerosas industrias, entre ellas:<\/p>\n<ul>\n<li>Sector alimentario: optimiza la paletizaci\u00f3n de productos alimentarios variables.<\/li>\n<li>Sector de las bebidas: manipula botellas, latas y diversos tipos de envases.<\/li>\n<li>Industria qu\u00edmica: ideal para manipular productos envasados con precisi\u00f3n.<\/li>\n<li>Sector farmac\u00e9utico: paletizar medicamentos y productos sanitarios con precisi\u00f3n.<\/li>\n<li>Sector de la log\u00edstica y la distribuci\u00f3n: en almacenes y centros para mejorar el almacenamiento y el env\u00edo.<\/li>\n<li>Sector de la transformaci\u00f3n: manipulaci\u00f3n de cajas y envases de cart\u00f3n.<\/li>\n<li>Sector electr\u00f3nico: para el embalaje de componentes electr\u00f3nicos sensibles.<\/li>\n<\/ul>\n<p>Beneficios potenciales: Descubra las ventajas del Robotiq AX30<\/p>\n<ul>\n<li>Rapidez y precisi\u00f3n: mejora los tiempos de paletizaci\u00f3n y garantiza una gran precisi\u00f3n.<\/li>\n<li>Automatizaci\u00f3n: reduce los errores manuales y optimiza el flujo de trabajo.<\/li>\n<li>Flexibilidad: configurable para varios tipos de pal\u00e9s y productos.<\/li>\n<li>Seguridad: aumentar la seguridad en el trabajo reduciendo la intervenci\u00f3n manual.<\/li>\n<\/ul>\n<\/div>\n<p><!-- .vgblk-rw-wrapper --><\/p>","protected":false},"excerpt":{"rendered":"<p>Robot pallettizzatore <a href=\"https:\/\/store.todsystem.com\/es\/marca\/robotiq\/\">Robotiq<\/a> AX30: Soluzione automatica per la pallettizzazione con capacit\u00e0 di carico fino a 30 kg. Tempo di ciclo rapido (9-12 sec.) e connettivit\u00e0 avanzata via Ethernet, Wi-Fi o Bluetooth per controllo remoto e monitoraggio delle prestazioni.<\/p>","protected":false},"featured_media":1014433,"template":"","meta":[],"pwb-brand":[588],"product_brand":[],"product_cat":[615],"product_tag":[],"class_list":{"0":"post-1014435","1":"product","2":"type-product","3":"status-publish","4":"has-post-thumbnail","6":"pwb-brand-robotiq","7":"product_cat-applicazioni-industriali","9":"first","10":"instock","11":"shipping-taxable","12":"product-type-simple"},"brands":[{"id":588,"name":"Robotiq","slug":"robotiq"}],"_links":{"self":[{"href":"https:\/\/store.todsystem.com\/es\/wp-json\/wp\/v2\/product\/1014435","targetHints":{"allow":["GET"]}}],"collection":[{"href":"https:\/\/store.todsystem.com\/es\/wp-json\/wp\/v2\/product"}],"about":[{"href":"https:\/\/store.todsystem.com\/es\/wp-json\/wp\/v2\/types\/product"}],"version-history":[{"count":6,"href":"https:\/\/store.todsystem.com\/es\/wp-json\/wp\/v2\/product\/1014435\/revisions"}],"predecessor-version":[{"id":1018379,"href":"https:\/\/store.todsystem.com\/es\/wp-json\/wp\/v2\/product\/1014435\/revisions\/1018379"}],"wp:featuredmedia":[{"embeddable":true,"href":"https:\/\/store.todsystem.com\/es\/wp-json\/wp\/v2\/media\/1014433"}],"wp:attachment":[{"href":"https:\/\/store.todsystem.com\/es\/wp-json\/wp\/v2\/media?parent=1014435"}],"wp:term":[{"taxonomy":"pwb-brand","embeddable":true,"href":"https:\/\/store.todsystem.com\/es\/wp-json\/wp\/v2\/pwb-brand?post=1014435"},{"taxonomy":"product_brand","embeddable":true,"href":"https:\/\/store.todsystem.com\/es\/wp-json\/wp\/v2\/product_brand?post=1014435"},{"taxonomy":"product_cat","embeddable":true,"href":"https:\/\/store.todsystem.com\/es\/wp-json\/wp\/v2\/product_cat?post=1014435"},{"taxonomy":"product_tag","embeddable":true,"href":"https:\/\/store.todsystem.com\/es\/wp-json\/wp\/v2\/product_tag?post=1014435"}],"curies":[{"name":"wp","href":"https:\/\/api.w.org\/{rel}","templated":true}]}}