{"id":1014432,"date":"2025-01-21T11:21:05","date_gmt":"2025-01-21T11:21:05","guid":{"rendered":"https:\/\/store.todsystem.com\/?post_type=product&#038;p=1014432"},"modified":"2025-07-16T09:43:38","modified_gmt":"2025-07-16T09:43:38","slug":"robotiq-ax20","status":"publish","type":"product","link":"https:\/\/store.todsystem.com\/es\/producto\/robotiq-ax20\/","title":{"rendered":"Robot paletizador Robotiq AX20"},"content":{"rendered":"<div class=\"vgblk-rw-wrapper limit-wrapper\">El Robot Paletizador Robotiq AX20 es un dispositivo automatizado de \u00faltima generaci\u00f3n dise\u00f1ado para aumentar la eficacia de las operaciones de paletizado en diversas industrias. Con su funcionalidad inteligente, es la soluci\u00f3n ideal para mejorar los procesos de carga, descarga y manipulaci\u00f3n minimizando la intervenci\u00f3n humana. Descubra las extraordinarias caracter\u00edsticas del Robotiq AX20.<\/p>\n<p>M\u00e1quina autom\u00e1tica e intuitiva<\/p>\n<p>El Robotiq AX20 es un robot paletizador automatizado, dise\u00f1ado para reducir la intervenci\u00f3n humana y maximizar la eficiencia. Con una programaci\u00f3n sencilla e intuitiva, los operarios pueden configurar y optimizar r\u00e1pidamente los procesos de paletizado, reduciendo los tiempos de inactividad.<\/p>\n<p>Altura de paletizaci\u00f3n flexible<\/p>\n<p>Dise\u00f1ada para ofrecer una altura de paletizado variable, la Robotiq AX20 puede trabajar con palets de hasta 2 metros de altura. Esta caracter\u00edstica le permite adaptarse perfectamente a diferentes necesidades de almacenamiento y manipulaci\u00f3n.<\/p>\n<p>Tiempos de ciclo r\u00e1pidos<\/p>\n<p>La Robotiq AX20 tiene un tiempo de ciclo sorprendentemente r\u00e1pido, completando el proceso de paletizado (incluyendo carga, posicionamiento y descarga) en unos 10-12 segundos, dependiendo del tipo de carga y del ajuste de velocidad.<\/p>\n<p>Capacidad de carga adaptada a cada necesidad<\/p>\n<p>Con capacidad para manipular cargas de 1 kg a 20 kg por ciclo, el robot AX20 es ideal para aplicaciones que requieren precisi\u00f3n y velocidad, incluso con cargas ligeras.<\/p>\n<p>Compatibilidad con la paletizaci\u00f3n est\u00e1ndar<\/p>\n<p>La Robotiq AX20 es compatible con tama\u00f1os de palet est\u00e1ndar (por ejemplo, 800\u00d71200 mm y 1000\u00d71200 mm) y puede configurarse para palets personalizados o de mayor tama\u00f1o, lo que proporciona flexibilidad y adaptabilidad.<\/p>\n<p>Control de alta precisi\u00f3n y automatizaci\u00f3n<\/p>\n<p>Equipado con un avanzado sistema de control, el Robotiq AX20 incluye un PLC o controlador integrado. La programaci\u00f3n intuitiva y la interfaz hombre-m\u00e1quina (HMI) facilitan enormemente la supervisi\u00f3n y el ajuste de las operaciones.<\/p>\n<p>Integraci\u00f3n eficaz en las l\u00edneas de producci\u00f3n<\/p>\n<p>El Robotiq AX20 se integra perfectamente en las l\u00edneas de producci\u00f3n existentes, conect\u00e1ndose a cintas transportadoras, sistemas de visi\u00f3n artificial y otras m\u00e1quinas de manipulaci\u00f3n para garantizar un flujo de materiales optimizado.<\/p>\n<p>Fiabilidad y mantenimiento m\u00ednimo<\/p>\n<p>Dise\u00f1ado para ser muy fiable, el robot AX20 requiere un mantenimiento m\u00ednimo. Sus componentes duraderos garantizan una elevada vida \u00fatil incluso en entornos de trabajo intensivos.<\/p>\n<p>Conectividad avanzada<\/p>\n<p>Equipado con conectividad avanzada a trav\u00e9s de Ethernet, Wi-Fi y Bluetooth, el Robotiq AX20 permite el control remoto y la recopilaci\u00f3n de datos en tiempo real, lo que posibilita la supervisi\u00f3n y optimizaci\u00f3n del rendimiento.<\/p>\n<p>Campos de aplicaci\u00f3n Amplia gama<\/p>\n<p>El robot paletizador Robotiq AX20 es vers\u00e1til y adecuado para muchos sectores:<\/p>\n<ul>\n<li>Industria alimentaria: automatizaci\u00f3n de la manipulaci\u00f3n de alimentos.<\/li>\n<li>Sector de las bebidas: \u00f3ptimo para botellas y envases delicados.<\/li>\n<li>Sector qu\u00edmico: manipula productos qu\u00edmicos envasados.<\/li>\n<li>Sector farmac\u00e9utico: precisi\u00f3n en la paletizaci\u00f3n de medicamentos.<\/li>\n<li>Sector de la log\u00edstica y la distribuci\u00f3n: mejora de la gesti\u00f3n de mercanc\u00edas.<\/li>\n<li>Industria papelera: excelente para embalajes de cart\u00f3n.<\/li>\n<li>Sector electr\u00f3nico: seguro para el envasado de componentes electr\u00f3nicos.<\/li>\n<\/ul>\n<p>Ventajas del Robotiq AX20<\/p>\n<ul>\n<li>Rapidez y precisi\u00f3n: reducci\u00f3n del tiempo de paletizaci\u00f3n.<\/li>\n<li>Automatizaci\u00f3n: reducci\u00f3n de errores manuales.<\/li>\n<li>Flexibilidad: configuraci\u00f3n para varios pal\u00e9s y productos.<\/li>\n<li>Seguridad: menor intervenci\u00f3n humana en la elevaci\u00f3n de cargas.<\/li>\n<\/ul>\n<\/div>\n<p><!-- .vgblk-rw-wrapper --><\/p>","protected":false},"excerpt":{"rendered":"<p>Robot pallettizzatore <a href=\"https:\/\/store.todsystem.com\/es\/marca\/robotiq\/\">Robotiq<\/a> AX20: Soluzione automatica per la pallettizzazione, ideale per carichi fino a 20 kg. Velocit\u00e0 di ciclo rapida (10-12 sec.) e connettivit\u00e0 avanzata via Ethernet, Wi-Fi o Bluetooth per monitoraggio remoto e ottimizzazione delle operazioni.<\/p>","protected":false},"featured_media":1014438,"template":"","meta":[],"pwb-brand":[588],"product_brand":[],"product_cat":[615],"product_tag":[],"class_list":{"0":"post-1014432","1":"product","2":"type-product","3":"status-publish","4":"has-post-thumbnail","6":"pwb-brand-robotiq","7":"product_cat-applicazioni-industriali","9":"first","10":"instock","11":"shipping-taxable","12":"product-type-simple"},"brands":[{"id":588,"name":"Robotiq","slug":"robotiq"}],"_links":{"self":[{"href":"https:\/\/store.todsystem.com\/es\/wp-json\/wp\/v2\/product\/1014432","targetHints":{"allow":["GET"]}}],"collection":[{"href":"https:\/\/store.todsystem.com\/es\/wp-json\/wp\/v2\/product"}],"about":[{"href":"https:\/\/store.todsystem.com\/es\/wp-json\/wp\/v2\/types\/product"}],"version-history":[{"count":6,"href":"https:\/\/store.todsystem.com\/es\/wp-json\/wp\/v2\/product\/1014432\/revisions"}],"predecessor-version":[{"id":1018378,"href":"https:\/\/store.todsystem.com\/es\/wp-json\/wp\/v2\/product\/1014432\/revisions\/1018378"}],"wp:featuredmedia":[{"embeddable":true,"href":"https:\/\/store.todsystem.com\/es\/wp-json\/wp\/v2\/media\/1014438"}],"wp:attachment":[{"href":"https:\/\/store.todsystem.com\/es\/wp-json\/wp\/v2\/media?parent=1014432"}],"wp:term":[{"taxonomy":"pwb-brand","embeddable":true,"href":"https:\/\/store.todsystem.com\/es\/wp-json\/wp\/v2\/pwb-brand?post=1014432"},{"taxonomy":"product_brand","embeddable":true,"href":"https:\/\/store.todsystem.com\/es\/wp-json\/wp\/v2\/product_brand?post=1014432"},{"taxonomy":"product_cat","embeddable":true,"href":"https:\/\/store.todsystem.com\/es\/wp-json\/wp\/v2\/product_cat?post=1014432"},{"taxonomy":"product_tag","embeddable":true,"href":"https:\/\/store.todsystem.com\/es\/wp-json\/wp\/v2\/product_tag?post=1014432"}],"curies":[{"name":"wp","href":"https:\/\/api.w.org\/{rel}","templated":true}]}}