{"id":1014428,"date":"2025-01-21T11:09:46","date_gmt":"2025-01-21T11:09:46","guid":{"rendered":"https:\/\/store.todsystem.com\/?post_type=product&#038;p=1014428"},"modified":"2025-07-16T09:43:21","modified_gmt":"2025-07-16T09:43:21","slug":"robotiq-ax10","status":"publish","type":"product","link":"https:\/\/store.todsystem.com\/es\/producto\/robotiq-ax10\/","title":{"rendered":"Robot pallettizzatore Robotiq AX10"},"content":{"rendered":"<div class=\"vgblk-rw-wrapper limit-wrapper\">Il pallettizzatore Robotiq AX10 rappresenta una scelta ideale per ottimizzare le operazioni di pallettizzazione nella tua azienda. Che tu scelga la versione automatica o semiautomatica, questo pallettizzatore ha il potere di ridurre significativamente i tempi e i costi operativi grazie alla sua versatilit\u00e0, rendendolo perfetto per diverse applicazioni industriali.<\/p>\n<p>El AX10 est\u00e1 dise\u00f1ado para minimizar la intervenci\u00f3n humana; el operario se limita a cargar el material, mientras que el sistema gestiona de forma aut\u00f3noma la disposici\u00f3n de las cargas en el pal\u00e9, garantizando as\u00ed una importante eficiencia de producci\u00f3n.<\/p>\n<p>Il pallettizzatore AX10 pu\u00f2 raggiungere altezze di pallettizzazione fino a 2-2,5 metri o pi\u00f9, a seconda della configurazione e del tipo di carico. Questa caratteristica rende l&#8217;AX10 adatto a una vasta gamma di esigenze industriali. Grazie ai tempi di ciclo rapidi, variabili tra i 10 e i 15 secondi, il pallettizzatore AX10 assicura un processo di pallettizzazione snello e veloce, rispettando le esigenze di produzione pi\u00f9 elevate.<\/p>\n<p>Este modelo puede manejar cargas variables que van desde los 10 kg hasta m\u00e1s de 100 kg por ciclo, por lo que es adecuado para productos ligeros y pesados, en funci\u00f3n de sus necesidades.<\/p>\n<p>La AX10 admite tama\u00f1os de palet est\u00e1ndar (como 800\u00d71200 mm o 1000\u00d71200 mm) y puede configurarse a\u00fan m\u00e1s para palets personalizados o de mayor tama\u00f1o, adapt\u00e1ndose perfectamente a su sistema de trabajo.<\/p>\n<p>Equipaggiato con un controllo PLC (Programmable Logic Controller) e un&#8217;interfaccia HMI (Human-Machine Interface), l&#8217;AX10 offre la possibilit\u00e0 di regolare rapidamente parametri come velocit\u00e0 e altezza di pallettizzazione, migliorando ulteriormente l&#8217;efficienza operativa. Progettato per integrarsi senza soluzione di continuit\u00e0 con linee di produzione automatiche e semiautomatiche, l&#8217;AX10 si connette a nastri trasportatori, robot e altre macchine di movimentazione, ottimizzando cos\u00ec il flusso logistico.<\/p>\n<p>Realizzato per resistere a condizioni di lavoro estreme, il pallettizzatore AX10 offre una lunga durata operativa e richiede una manutenzione periodica minima, garantendo un investimento sicuro nel tempo. Con connettivit\u00e0 Ethernet, Wi-Fi e Bluetooth, l&#8217;AX10 consente un controllo remoto pratico e la raccolta dati in tempo reale, permettendo di monitorare facilmente le prestazioni e ottimizzare i parametri operativi da qualsiasi dispositivo connesso.<\/p>\n<p><strong>Campos de aplicaci\u00f3n: Adecuado para diversas aplicaciones industriales<\/strong><\/p>\n<p>El paletizador AX10 es adecuado para diversas industrias, entre ellas:<\/p>\n<ul>\n<li>Sector alimentario: manipulaci\u00f3n y paletizaci\u00f3n de productos alimentarios.<\/li>\n<li>Sector de las bebidas: manipulaci\u00f3n de botellas, latas y otros envases.<\/li>\n<li>Sector qu\u00edmico: paletizaci\u00f3n de productos qu\u00edmicos envasados.<\/li>\n<li>Sector farmac\u00e9utico: para medicamentos y productos sanitarios.<\/li>\n<li>Sector de la log\u00edstica y la distribuci\u00f3n: mejora de la eficacia operativa de los centros de distribuci\u00f3n.<\/li>\n<li>Sector de la transformaci\u00f3n: manipulaci\u00f3n de cajas de cart\u00f3n y envases.<\/li>\n<li>Sector electr\u00f3nico: paletizaci\u00f3n de aparatos y componentes electr\u00f3nicos.<\/li>\n<\/ul>\n<p><strong>Beneficios potenciales: eficacia y seguridad en el trabajo<\/strong><\/p>\n<ul>\n<li>Rapidez y precisi\u00f3n: reduce el tiempo de paletizaci\u00f3n y aumenta la precisi\u00f3n en la colocaci\u00f3n de la carga.<\/li>\n<li>Automatizaci\u00f3n: libera recursos humanos y reduce los errores manuales.<\/li>\n<li>Adaptabilidad: configurable para diferentes tipos de pal\u00e9s y productos.<\/li>\n<li>Seguridad: aumenta la seguridad en el lugar de trabajo al reducir la necesidad de intervenci\u00f3n manual.<\/li>\n<\/ul>\n<\/div>\n<p><!-- .vgblk-rw-wrapper --><\/p>","protected":false},"excerpt":{"rendered":"<p>Robot pallettizzatore <a href=\"https:\/\/store.todsystem.com\/es\/marca\/robotiq\/\">Robotiq<\/a> AX10: Soluzione automatica o semiautomatica, ideale per ottimizzare la pallettizzazione in vari settori. Capacit\u00e0 di carico fino a 100 kg e tempi di ciclo rapidi (10-15 sec.). Connettivit\u00e0 avanzata via Ethernet, Wi-Fi o Bluetooth per monitoraggio remoto e ottimizzazione delle prestazioni.<\/p>","protected":false},"featured_media":1014459,"template":"","meta":[],"pwb-brand":[588],"product_brand":[],"product_cat":[615],"product_tag":[],"class_list":{"0":"post-1014428","1":"product","2":"type-product","3":"status-publish","4":"has-post-thumbnail","6":"pwb-brand-robotiq","7":"product_cat-applicazioni-industriali","9":"first","10":"instock","11":"shipping-taxable","12":"product-type-simple"},"brands":[{"id":588,"name":"Robotiq","slug":"robotiq"}],"_links":{"self":[{"href":"https:\/\/store.todsystem.com\/es\/wp-json\/wp\/v2\/product\/1014428","targetHints":{"allow":["GET"]}}],"collection":[{"href":"https:\/\/store.todsystem.com\/es\/wp-json\/wp\/v2\/product"}],"about":[{"href":"https:\/\/store.todsystem.com\/es\/wp-json\/wp\/v2\/types\/product"}],"version-history":[{"count":7,"href":"https:\/\/store.todsystem.com\/es\/wp-json\/wp\/v2\/product\/1014428\/revisions"}],"predecessor-version":[{"id":1018377,"href":"https:\/\/store.todsystem.com\/es\/wp-json\/wp\/v2\/product\/1014428\/revisions\/1018377"}],"wp:featuredmedia":[{"embeddable":true,"href":"https:\/\/store.todsystem.com\/es\/wp-json\/wp\/v2\/media\/1014459"}],"wp:attachment":[{"href":"https:\/\/store.todsystem.com\/es\/wp-json\/wp\/v2\/media?parent=1014428"}],"wp:term":[{"taxonomy":"pwb-brand","embeddable":true,"href":"https:\/\/store.todsystem.com\/es\/wp-json\/wp\/v2\/pwb-brand?post=1014428"},{"taxonomy":"product_brand","embeddable":true,"href":"https:\/\/store.todsystem.com\/es\/wp-json\/wp\/v2\/product_brand?post=1014428"},{"taxonomy":"product_cat","embeddable":true,"href":"https:\/\/store.todsystem.com\/es\/wp-json\/wp\/v2\/product_cat?post=1014428"},{"taxonomy":"product_tag","embeddable":true,"href":"https:\/\/store.todsystem.com\/es\/wp-json\/wp\/v2\/product_tag?post=1014428"}],"curies":[{"name":"wp","href":"https:\/\/api.w.org\/{rel}","templated":true}]}}