{"id":1014341,"date":"2024-11-06T11:23:55","date_gmt":"2024-11-06T11:23:55","guid":{"rendered":"https:\/\/store.todsystem.com\/?post_type=product&#038;p=1014341"},"modified":"2025-06-11T11:09:35","modified_gmt":"2025-06-11T11:09:35","slug":"wenglor-bbzk005-camara-vision-artificial","status":"publish","type":"product","link":"https:\/\/store.todsystem.com\/es\/producto\/wenglor-bbzk005-camara-vision-artificial\/","title":{"rendered":"Wenglor BBZK005 C\u00e1mara de visi\u00f3n artificial"},"content":{"rendered":"<div class=\"vgblk-rw-wrapper limit-wrapper\">\n<div class=\"flex max-w-full flex-col flex-grow\">\n<div class=\"min-h-8 text-message flex w-full flex-col items-end gap-2 whitespace-normal break-words [.text-message+&amp;]:mt-5\" dir=\"auto\" data-message-author-role=\"assistant\" data-message-id=\"29f692b6-0d9c-4afe-962f-4feda6189853\" data-message-model-slug=\"gpt-4o-mini\">\n<div class=\"flex w-full flex-col gap-1 empty:hidden first:pt-[3px]\">\n<div class=\"markdown prose w-full break-words dark:prose-invert light\">\n<p>Descubra la poderosa <strong>BBZK005 C\u00e1mara de visi\u00f3n artificial<\/strong>la soluci\u00f3n perfecta para las necesidades industriales que requieren alta resoluci\u00f3n y calidad de imagen. Equipada con un sensor <strong>IMX226 CMOS<\/strong> de <strong>12 MP<\/strong> (4.024 x 3.036 p\u00edxeles), esta c\u00e1mara proporciona im\u00e1genes detalladas, lo que la hace ideal para el control de calidad y la automatizaci\u00f3n en los procesos de producci\u00f3n. Su sensor monocromo capta im\u00e1genes n\u00edtidas incluso en condiciones de iluminaci\u00f3n dif\u00edciles, lo que permite optimizar cada paso de trabajo.<\/p>\n<p>En <strong>Persiana enrollable<\/strong> avanzada garantiza la captura de im\u00e1genes fluidas sin distorsi\u00f3n, esencial en entornos din\u00e1micos donde el movimiento es constante. Gracias a la compatibilidad con <strong>PoE (alimentaci\u00f3n a trav\u00e9s de Ethernet)<\/strong>El <strong>BBZK005<\/strong> simplifica la instalaci\u00f3n al eliminar la necesidad de cables de alimentaci\u00f3n y datos independientes. Su <strong>carcasa compacta<\/strong> (29 x 57,7 x 29 mm) en <strong>aluminio con recubrimiento de polvo<\/strong> garantiza robustez y resistencia a entornos industriales, con protecci\u00f3n <strong>IP30<\/strong>.<\/p>\n<p>Con el <strong>Rosca de montaje C<\/strong>, esta c\u00e1mara ofrece la posibilidad de utilizar objetivos est\u00e1ndar, aumentando as\u00ed la versatilidad en el dise\u00f1o de sistemas de visi\u00f3n. Con una frecuencia de imagen de <strong>&lt; 9,7 fps<\/strong>es una opci\u00f3n excelente para aplicaciones que necesitan detalles precisos sin requerir flujos de v\u00eddeo de alta velocidad.<\/p>\n<h2>Caracter\u00edsticas principales:<\/h2>\n<ul>\n<li><strong>Sensor CMOS IMX226<\/strong> con resoluci\u00f3n <strong>12 MP<\/strong> (4.024 x 3.036 p\u00edxeles) para obtener im\u00e1genes excepcionalmente detalladas.<\/li>\n<li><strong>Persiana enrollable<\/strong> para adquisiciones r\u00e1pidas y sin distorsiones.<\/li>\n<li><strong>Rosca C-Mount<\/strong> para el uso de objetivos intercambiables.<\/li>\n<li><strong>PoE<\/strong> que facilita y agiliza la instalaci\u00f3n (un solo cable para datos y alimentaci\u00f3n).<\/li>\n<li>Caso <strong>compacto y resistente<\/strong> con grado de protecci\u00f3n <strong>IP30<\/strong>.<\/li>\n<li><strong>Interfaz Ethernet 1 Gigabit<\/strong> para transmisiones de datos r\u00e1pidas y estables.<\/li>\n<li>Adecuado para una amplia gama de temperaturas de funcionamiento: <strong>0 \u00b0C a 50 \u00b0C<\/strong>.<\/li>\n<\/ul>\n<h2>Principales ventajas:<\/h2>\n<ul>\n<li><strong>Alta resoluci\u00f3n<\/strong> de <strong>12 MP<\/strong>perfecto para aplicaciones que requieren un alto nivel de detalle.<\/li>\n<li><strong>Facilidad de instalaci\u00f3n<\/strong> gracias al apoyo <strong>PoE<\/strong>minimizar el cableado.<\/li>\n<li><strong>Versatilidad<\/strong> en el uso de lentes est\u00e1ndar debido a la rosca <strong>Montura C<\/strong>.<\/li>\n<li><strong>Resistente<\/strong> a entornos industriales con protecci\u00f3n <strong>IP30<\/strong>.<\/li>\n<li><strong>Fiabilidad<\/strong> en operaciones con un rango de temperatura entre <strong>0\u00b0C y 50\u00b0C<\/strong>.<\/li>\n<\/ul>\n<p>La <strong>BBZK005 C\u00e1mara de visi\u00f3n artificial<\/strong> representa la c\u00faspide de la tecnolog\u00eda para aplicaciones de visi\u00f3n artificial, ya que combina un sensor de alta calidad y una configuraci\u00f3n sencilla mediante <strong>PoE<\/strong>. Su robustez y flexibilidad durante la integraci\u00f3n hacen de este producto la elecci\u00f3n ideal para situaciones que requieren una precisi\u00f3n y un detalle extraordinarios. No pierda la oportunidad de mejorar sus procesos de producci\u00f3n.<\/p>\n<\/div>\n<\/div>\n<\/div>\n<\/div>\n<\/div>\n<p><!-- .vgblk-rw-wrapper --><\/p>","protected":false},"excerpt":{"rendered":"<p>La <strong>BBZK005 C\u00e1mara de visi\u00f3n artificial<\/strong> es una c\u00e1mara de alta resoluci\u00f3n con un sensor <strong>CMOS<\/strong> de <strong>12 MP<\/strong>perfecta para aplicaciones que requieren im\u00e1genes n\u00edtidas y precisas. Con una resoluci\u00f3n de <strong>4.024 x 3.036 p\u00edxeles<\/strong>, admite aplicaciones en condiciones de iluminaci\u00f3n dif\u00edciles gracias a su capacidad para capturar im\u00e1genes sin ruido. La conexi\u00f3n <strong>PoE<\/strong> Simplifica la instalaci\u00f3n, ya que s\u00f3lo requiere un cable para la alimentaci\u00f3n y los datos, mientras que su dise\u00f1o compacto y robusto facilita su integraci\u00f3n en los sistemas de visi\u00f3n artificial.<\/p>","protected":false},"featured_media":1014317,"template":"","meta":[],"pwb-brand":[],"product_brand":[],"product_cat":[617],"product_tag":[],"class_list":{"0":"post-1014341","1":"product","2":"type-product","3":"status-publish","4":"has-post-thumbnail","6":"product_cat-camere-industriali","8":"first","9":"instock","10":"shipping-taxable","11":"product-type-simple"},"brands":[],"_links":{"self":[{"href":"https:\/\/store.todsystem.com\/es\/wp-json\/wp\/v2\/product\/1014341","targetHints":{"allow":["GET"]}}],"collection":[{"href":"https:\/\/store.todsystem.com\/es\/wp-json\/wp\/v2\/product"}],"about":[{"href":"https:\/\/store.todsystem.com\/es\/wp-json\/wp\/v2\/types\/product"}],"version-history":[{"count":2,"href":"https:\/\/store.todsystem.com\/es\/wp-json\/wp\/v2\/product\/1014341\/revisions"}],"predecessor-version":[{"id":1014865,"href":"https:\/\/store.todsystem.com\/es\/wp-json\/wp\/v2\/product\/1014341\/revisions\/1014865"}],"wp:featuredmedia":[{"embeddable":true,"href":"https:\/\/store.todsystem.com\/es\/wp-json\/wp\/v2\/media\/1014317"}],"wp:attachment":[{"href":"https:\/\/store.todsystem.com\/es\/wp-json\/wp\/v2\/media?parent=1014341"}],"wp:term":[{"taxonomy":"pwb-brand","embeddable":true,"href":"https:\/\/store.todsystem.com\/es\/wp-json\/wp\/v2\/pwb-brand?post=1014341"},{"taxonomy":"product_brand","embeddable":true,"href":"https:\/\/store.todsystem.com\/es\/wp-json\/wp\/v2\/product_brand?post=1014341"},{"taxonomy":"product_cat","embeddable":true,"href":"https:\/\/store.todsystem.com\/es\/wp-json\/wp\/v2\/product_cat?post=1014341"},{"taxonomy":"product_tag","embeddable":true,"href":"https:\/\/store.todsystem.com\/es\/wp-json\/wp\/v2\/product_tag?post=1014341"}],"curies":[{"name":"wp","href":"https:\/\/api.w.org\/{rel}","templated":true}]}}