{"id":1014338,"date":"2024-11-06T11:23:14","date_gmt":"2024-11-06T11:23:14","guid":{"rendered":"https:\/\/store.todsystem.com\/?post_type=product&#038;p=1014338"},"modified":"2025-06-11T11:48:18","modified_gmt":"2025-06-11T11:48:18","slug":"wenglor-bb6k004-camara-de-vision-artificial","status":"publish","type":"product","link":"https:\/\/store.todsystem.com\/es\/producto\/wenglor-bb6k004-camara-de-vision-artificial\/","title":{"rendered":"C\u00e1mara de visi\u00f3n artificial Wenglor BB6K004"},"content":{"rendered":"<div class=\"vgblk-rw-wrapper limit-wrapper\"> <strong>C\u00e1mara BB6K004: soluci\u00f3n avanzada para visi\u00f3n artificial<\/strong><\/p>\n<p>La <strong>C\u00e1mara BB6K004<\/strong> es una opci\u00f3n fiable y de alta calidad para las industrias que requieren soluciones avanzadas de visi\u00f3n artificial. Gracias al sensor <strong>Sony Pregius CMOS<\/strong> y a una resoluci\u00f3n de <strong>5 MP<\/strong>Esta c\u00e1mara est\u00e1 dise\u00f1ada para entornos de trabajo exigentes y para la captura de im\u00e1genes a alta velocidad. La tecnolog\u00eda <strong>Persiana global<\/strong> garantiza im\u00e1genes n\u00edtidas incluso en situaciones de movimiento r\u00e1pido, llevando la precisi\u00f3n de visualizaci\u00f3n a un nivel superior. Adem\u00e1s, la compatibilidad con <strong>PoE<\/strong> y la conexi\u00f3n <strong>Ethernet<\/strong>BB6K004 simplifica la gesti\u00f3n de cables, por lo que es perfecto para instalaciones industriales modernas.<\/p>\n<h2>Caracter\u00edsticas principales de la c\u00e1mara BB6K004<\/h2>\n<ul>\n<li><strong>Persiana global<\/strong>: Captura de im\u00e1genes sin distorsiones, ideal para aplicaciones de movimiento r\u00e1pido.<\/li>\n<li><strong>Robusta carcasa de aluminio<\/strong>Dimensiones compactas (<strong>29 \u00d7 49,1 \u00d7 29 mm<\/strong>) dise\u00f1ados para soportar condiciones ambientales adversas.<\/li>\n<li><strong>Rosca C<\/strong>: Facilita el uso de varias lentes, ofreciendo una excelente flexibilidad de configuraci\u00f3n para sus necesidades espec\u00edficas.<\/li>\n<\/ul>\n<h2>Especificaciones \u00f3pticas detalladas<\/h2>\n<ul>\n<li><strong>Resoluci\u00f3n<\/strong>: <strong>5 MP<\/strong> (2448 \u00d7 2048 p\u00edxeles), con una relaci\u00f3n de aspecto de <strong>5:4<\/strong> para obtener im\u00e1genes detalladas de calidad superior.<\/li>\n<li><strong>Tama\u00f1o en p\u00edxeles<\/strong>: <strong>3,45 \u00d7 3,45 \u00b5m<\/strong>\u00f3ptima para una resoluci\u00f3n excelente.<\/li>\n<li><strong>Tipo de sensor<\/strong>CMOS <strong>Sony IMX264LQR-C<\/strong>Tama\u00f1o del sensor <strong>2\/3&#8243;<\/strong>para obtener im\u00e1genes coloridas y realistas.<\/li>\n<li><strong>Frecuencia de adquisici\u00f3n<\/strong>Hasta <strong>22 fps<\/strong>adecuado para situaciones de alta velocidad que requieren una respuesta r\u00e1pida.<\/li>\n<\/ul>\n<h2>Especificaciones el\u00e9ctricas y medioambientales<\/h2>\n<ul>\n<li><strong>Alimentaci\u00f3n<\/strong>: Operativo entre <strong>12 a 24 V CC<\/strong>con un consumo m\u00e1ximo de <strong>130 mA<\/strong> a 24 V.<\/li>\n<li><strong>Temperatura<\/strong>Operativo desde <strong>0\u00b0C a 55\u00b0C<\/strong> y para su almacenamiento por <strong>-20\u00b0C a 60\u00b0C<\/strong>adecuados para diversos entornos.<\/li>\n<li><strong>PoE est\u00e1ndar<\/strong>: Apoyos <strong>IEEE802.3af<\/strong> e <strong>IEEE802.3at<\/strong> (PoE Clases 2), para simplificar las conexiones y reducir los requisitos de cableado.<\/li>\n<\/ul>\n<h3>Funcionalidad avanzada<\/h3>\n<ul>\n<li><strong>Persiana global<\/strong>Perfecto para capturar im\u00e1genes de sujetos en movimiento sin distorsi\u00f3n.<\/li>\n<li><strong>Submuestreo<\/strong>Permite reducir la resoluci\u00f3n, optimizando el rendimiento en aplicaciones de velocidad.<\/li>\n<li><strong>Conectividad PoE y Ethernet<\/strong>Un \u00fanico cable Ethernet para alimentaci\u00f3n y datos, lo que simplifica la instalaci\u00f3n.<\/li>\n<\/ul>\n<h2>Especificaciones mec\u00e1nicas de la c\u00e1mara BB6K004<\/h2>\n<ul>\n<li><strong>Enhebrado de lentes<\/strong>Est\u00e1ndar de montura C para garantizar la compatibilidad con diferentes objetivos.<\/li>\n<li><strong>Material del malet\u00edn<\/strong>Aluminio con recubrimiento de polvo, duradero y apto para uso industrial.<\/li>\n<li><strong>Grado de protecci\u00f3n<\/strong>Clasificaci\u00f3n IP30, ideal para entornos interiores protegidos.<\/li>\n<li><strong>Conexiones<\/strong>HR25 8 patillas para E\/S y <strong>RJ45 de 8 patillas<\/strong> para conexi\u00f3n Ethernet.<\/li>\n<li><strong>Peso<\/strong>: S\u00f3lo <strong>51 g<\/strong>para una instalaci\u00f3n ligera y pr\u00e1ctica.<\/li>\n<\/ul>\n<\/div>\n<p><!-- .vgblk-rw-wrapper --><\/p>","protected":false},"excerpt":{"rendered":"<p>La <strong>C\u00e1mara Machine Vision BB6K004<\/strong> es una soluci\u00f3n avanzada para aplicaciones de visi\u00f3n en entornos industriales, dise\u00f1ada para ofrecer un alto rendimiento y una excelente calidad de imagen. Gracias al chip de imagen <strong>Sony Pregius<\/strong> y tecnolog\u00eda <strong>Persiana global<\/strong>esta c\u00e1mara es capaz de capturar im\u00e1genes n\u00edtidas y precisas incluso en condiciones de iluminaci\u00f3n dif\u00edciles y para objetos en r\u00e1pido movimiento.<\/p>","protected":false},"featured_media":1014272,"template":"","meta":[],"pwb-brand":[],"product_brand":[],"product_cat":[617],"product_tag":[],"class_list":{"0":"post-1014338","1":"product","2":"type-product","3":"status-publish","4":"has-post-thumbnail","6":"product_cat-camere-industriali","8":"first","9":"instock","10":"shipping-taxable","11":"product-type-simple"},"brands":[],"_links":{"self":[{"href":"https:\/\/store.todsystem.com\/es\/wp-json\/wp\/v2\/product\/1014338","targetHints":{"allow":["GET"]}}],"collection":[{"href":"https:\/\/store.todsystem.com\/es\/wp-json\/wp\/v2\/product"}],"about":[{"href":"https:\/\/store.todsystem.com\/es\/wp-json\/wp\/v2\/types\/product"}],"version-history":[{"count":3,"href":"https:\/\/store.todsystem.com\/es\/wp-json\/wp\/v2\/product\/1014338\/revisions"}],"predecessor-version":[{"id":1014866,"href":"https:\/\/store.todsystem.com\/es\/wp-json\/wp\/v2\/product\/1014338\/revisions\/1014866"}],"wp:featuredmedia":[{"embeddable":true,"href":"https:\/\/store.todsystem.com\/es\/wp-json\/wp\/v2\/media\/1014272"}],"wp:attachment":[{"href":"https:\/\/store.todsystem.com\/es\/wp-json\/wp\/v2\/media?parent=1014338"}],"wp:term":[{"taxonomy":"pwb-brand","embeddable":true,"href":"https:\/\/store.todsystem.com\/es\/wp-json\/wp\/v2\/pwb-brand?post=1014338"},{"taxonomy":"product_brand","embeddable":true,"href":"https:\/\/store.todsystem.com\/es\/wp-json\/wp\/v2\/product_brand?post=1014338"},{"taxonomy":"product_cat","embeddable":true,"href":"https:\/\/store.todsystem.com\/es\/wp-json\/wp\/v2\/product_cat?post=1014338"},{"taxonomy":"product_tag","embeddable":true,"href":"https:\/\/store.todsystem.com\/es\/wp-json\/wp\/v2\/product_tag?post=1014338"}],"curies":[{"name":"wp","href":"https:\/\/api.w.org\/{rel}","templated":true}]}}