{"id":1014333,"date":"2024-11-06T11:17:04","date_gmt":"2024-11-06T11:17:04","guid":{"rendered":"https:\/\/store.todsystem.com\/?post_type=product&#038;p=1014333"},"modified":"2025-06-11T11:48:27","modified_gmt":"2025-06-11T11:48:27","slug":"wenglor-bbzk004-camera-machine-vision","status":"publish","type":"product","link":"https:\/\/store.todsystem.com\/es\/producto\/wenglor-bbzk004-camera-machine-vision\/","title":{"rendered":"Wenglor BBZK004 C\u00e1mara de visi\u00f3n artificial"},"content":{"rendered":"<div class=\"vgblk-rw-wrapper limit-wrapper\">\n<h2>BBZK004 Camera Machine Vision: Precisione e Versatilit\u00e0 per Applicazioni Industriali<\/h2>\n<p>La <strong>Camera Machine Vision BBZK004<\/strong> \u00e8 progettata per soddisfare le esigenze delle applicazioni industriali che richiedono un\u2019elevata <strong>risoluzione<\/strong> e <strong>precisi\u00f3n<\/strong>. Con una risoluzione impressionante di <strong>2.448 x 2.048 p\u00edxeles<\/strong> (5 MP) y un <strong>relaci\u00f3n de aspecto 5:4<\/strong>, questa telecamera garantisce immagini dettagliate anche in condizioni di illuminazione sfavorevoli. Dotata del sensore <strong>Sony IMX264 CMOS<\/strong> a colori e di un innovativo <strong>Persiana global<\/strong>, \u00e8 in grado di minimizzare i disturbi nelle immagini, assicurando visualizzazioni chiare e nitide durante il movimento rapido.<\/p>\n<p>La <strong>BBZK004<\/strong> si distingue per la sua facilit\u00e0 di installazione, grazie al supporto per <strong>PoE<\/strong> (Power over Ethernet), che permette di utilizzare un solo cavo Ethernet sia per l&#8217;alimentazione che per il segnale. La sua struttura <strong>compacto<\/strong> (29 x 56,5 x 29 mm) en <strong>aluminio con recubrimiento de polvo<\/strong> e classificazione <strong>IP40<\/strong> la rendono resistente e perfetta per gli ambienti industriali. Inoltre, la <strong>Rosca de montaje C<\/strong> offre una notevole versatilit\u00e0, consentendo l&#8217;adattamento di diversi obiettivi per soddisfare le varie necessit\u00e0 di utilizzo.<\/p>\n<p>Con un <strong>frecuencia de im\u00e1genes<\/strong> fino a <strong>24,2 fps<\/strong>El <strong>BBZK004<\/strong> \u00e8 ottimale per applicazioni che richiedono un flusso stabilizzato di immagini, come il controllo qualit\u00e0 e la robotica, rendendola ideale per le pi\u00f9 svariate operazioni industriali di visione.<\/p>\n<h3>Caracter\u00edsticas principales:<\/h3>\n<ul>\n<li><strong>Sensor CMOS IMX264<\/strong> a colori con impressionante risoluzione <strong>5 MP<\/strong> (2.448 x 2.048 p\u00edxeles).<\/li>\n<li><strong>Persiana global<\/strong> per evitare distorsioni nelle immagini in movimento, garantendo immagini perfette.<\/li>\n<li>Struttura <strong>compacto y robusto<\/strong> en <strong>aluminio con recubrimiento de polvo<\/strong> con grado de protecci\u00f3n <strong>IP40<\/strong>.<\/li>\n<li><strong>Soporte PoE<\/strong> per semplificare l&#8217;installazione riducendo il cablaggio.<\/li>\n<li><strong>Interfaz Ethernet 1 Gigabit<\/strong> per una trasmissione dati eccellente e veloce.<\/li>\n<li><strong>Rosca C-Mount<\/strong> che consente un\u2019ampia possibilit\u00e0 di adattamento degli obiettivi.<\/li>\n<li>Funci\u00f3n <strong>desencadena<\/strong> e <strong>salida de flash<\/strong> per integrazioni senza soluzione di continuit\u00e0 in sistemi automatizzati.<\/li>\n<\/ul>\n<h3>Vantaggi Principali:<\/h3>\n<ul>\n<li><strong>Immagini di alta qualit\u00e0<\/strong> grazie alla tecnologia avanzata del sensore e al <strong>Persiana global<\/strong>.<\/li>\n<li><strong>Facilit\u00e0 d&#8217;integrazione<\/strong> con sistema Ethernet e supporto per PoE, per installazioni rapide.<\/li>\n<li><strong>Versatilidad<\/strong> con opzioni di obiettivi intercambiabili e costruzione robusta.<\/li>\n<li><strong>Fiabilidad<\/strong> anche in condizioni ambientali difficili, con protezione IP40 e un range di temperatura operativa da <strong>-30\u00b0C a +60\u00b0C<\/strong>.<\/li>\n<\/ul>\n<p>Descubre la <strong>BBZK004 C\u00e1mara de visi\u00f3n artificial<\/strong> e porta la tua applicazione di visione industriale al livello successivo. Con risoluzione elevata, sensore avanzato e un&#8217;installazione semplificata tramite <strong>Ethernet<\/strong> e <strong>PoE<\/strong>, \u00e8 la scelta ideale per ambienti dinamici e integrazioni avanzate nei sistemi di controllo qualit\u00e0 e automazione.<\/p>\n<\/div>\n<p><!-- .vgblk-rw-wrapper --><\/p>","protected":false},"excerpt":{"rendered":"<p>La <strong>BBZK004 C\u00e1mara de visi\u00f3n artificial<\/strong> est\u00e1 dise\u00f1ado para aplicaciones de visi\u00f3n artificial de alto rendimiento, con un sensor <strong>CMOS<\/strong> avanzado ofreciendo una resoluci\u00f3n de <strong>5 MP<\/strong>. Equipado con un <strong>Persiana global<\/strong>garantiza im\u00e1genes claras y precisas incluso en entornos din\u00e1micos. La conexi\u00f3n <strong>Ethernet<\/strong> de <strong>1 Gigabit<\/strong> y apoyo <strong>PoE<\/strong> simplifican la instalaci\u00f3n, reduciendo la necesidad de cables independientes. El dise\u00f1o compacto y el roscado <strong>Montura C<\/strong> hacen que la c\u00e1mara sea vers\u00e1til y f\u00e1cil de integrar en diversos sistemas de visi\u00f3n.<\/p>","protected":false},"featured_media":1014317,"template":"","meta":[],"pwb-brand":[],"product_brand":[],"product_cat":[617],"product_tag":[],"class_list":{"0":"post-1014333","1":"product","2":"type-product","3":"status-publish","4":"has-post-thumbnail","6":"product_cat-camere-industriali","8":"first","9":"instock","10":"shipping-taxable","11":"product-type-simple"},"brands":[],"_links":{"self":[{"href":"https:\/\/store.todsystem.com\/es\/wp-json\/wp\/v2\/product\/1014333","targetHints":{"allow":["GET"]}}],"collection":[{"href":"https:\/\/store.todsystem.com\/es\/wp-json\/wp\/v2\/product"}],"about":[{"href":"https:\/\/store.todsystem.com\/es\/wp-json\/wp\/v2\/types\/product"}],"version-history":[{"count":3,"href":"https:\/\/store.todsystem.com\/es\/wp-json\/wp\/v2\/product\/1014333\/revisions"}],"predecessor-version":[{"id":1014867,"href":"https:\/\/store.todsystem.com\/es\/wp-json\/wp\/v2\/product\/1014333\/revisions\/1014867"}],"wp:featuredmedia":[{"embeddable":true,"href":"https:\/\/store.todsystem.com\/es\/wp-json\/wp\/v2\/media\/1014317"}],"wp:attachment":[{"href":"https:\/\/store.todsystem.com\/es\/wp-json\/wp\/v2\/media?parent=1014333"}],"wp:term":[{"taxonomy":"pwb-brand","embeddable":true,"href":"https:\/\/store.todsystem.com\/es\/wp-json\/wp\/v2\/pwb-brand?post=1014333"},{"taxonomy":"product_brand","embeddable":true,"href":"https:\/\/store.todsystem.com\/es\/wp-json\/wp\/v2\/product_brand?post=1014333"},{"taxonomy":"product_cat","embeddable":true,"href":"https:\/\/store.todsystem.com\/es\/wp-json\/wp\/v2\/product_cat?post=1014333"},{"taxonomy":"product_tag","embeddable":true,"href":"https:\/\/store.todsystem.com\/es\/wp-json\/wp\/v2\/product_tag?post=1014333"}],"curies":[{"name":"wp","href":"https:\/\/api.w.org\/{rel}","templated":true}]}}