{"id":1014299,"date":"2024-11-06T10:06:36","date_gmt":"2024-11-06T10:06:36","guid":{"rendered":"https:\/\/store.todsystem.com\/?post_type=product&#038;p=1014299"},"modified":"2025-06-11T11:49:31","modified_gmt":"2025-06-11T11:49:31","slug":"wenglor-bbvk008-camara-de-vision-artificial","status":"publish","type":"product","link":"https:\/\/store.todsystem.com\/es\/producto\/wenglor-bbvk008-camara-de-vision-artificial\/","title":{"rendered":"Wenglor BBVK008 C\u00e1mara de visi\u00f3n artificial"},"content":{"rendered":"<div class=\"vgblk-rw-wrapper limit-wrapper\">\n<div class=\"product-description\">\n<h2>Descubra la c\u00e1mara BBVK008: la soluci\u00f3n ideal para visi\u00f3n industrial<\/h2>\n<p>La <strong>C\u00e1mara BBVK008<\/strong> es una elecci\u00f3n excelente para cualquiera que busque visi\u00f3n artificial de alta resoluci\u00f3n. Con im\u00e1genes de alta calidad, un dise\u00f1o compacto y robusto y procedimientos de integraci\u00f3n sencillos, es perfecta para el control de calidad, la inspecci\u00f3n y todas las aplicaciones que requieran un nivel de detalle incre\u00edble y fiabilidad en entornos extremos.<\/p>\n<h2>Caracter\u00edsticas principales<\/h2>\n<ul>\n<li><strong>Chip de imagen con obturador global<\/strong>Esta tecnolog\u00eda permite capturar im\u00e1genes din\u00e1micas sin distorsi\u00f3n alguna, perfectas para movimientos r\u00e1pidos.<\/li>\n<li><strong>Tama\u00f1o compacto y estructura duradera<\/strong>: Con medidas de <strong>29 \u00d7 64,4 \u00d7 29 mm<\/strong>, la c\u00e1mara est\u00e1 dise\u00f1ada para resistir condiciones duras, ofreciendo una durabilidad excepcional.<\/li>\n<li><strong>Rosca C-Mount<\/strong>Compatible con una amplia gama de lentes, esta caracter\u00edstica ofrece versatilidad en aplicaciones industriales.<\/li>\n<\/ul>\n<h2>Especificaciones \u00f3pticas avanzadas<\/h2>\n<ul>\n<li><strong>Resoluci\u00f3n ultra alta<\/strong>: Con <strong>24,5 MP<\/strong> (5320 x 4600 p\u00edxeles), garantiza la captura de detalles extremadamente finos.<\/li>\n<li><strong>Tama\u00f1o de p\u00edxel y sensor<\/strong>P\u00edxeles de <strong>2,74 x 2,74 \u00b5m<\/strong> y el <strong>1\/2&#8243;<\/strong> garantizan im\u00e1genes claras y n\u00edtidas en todas las condiciones.<\/li>\n<li><strong>Frecuencia de im\u00e1genes<\/strong>Hasta <strong>4,5 fps<\/strong>ideal para la supervisi\u00f3n est\u00e1tica y las aplicaciones de baja velocidad.<\/li>\n<\/ul>\n<h2>Especificaciones el\u00e9ctricas optimizadas<\/h2>\n<ul>\n<li><strong>Fuente de alimentaci\u00f3n flexible<\/strong>Funciona con una tensi\u00f3n de entrada de <strong>12 a 24 V CC<\/strong> y consume menos de 130 mA a 24 V, lo que reduce los costes energ\u00e9ticos.<\/li>\n<li><strong>Resistencia t\u00e9rmica<\/strong>Funciona en una amplia gama de temperaturas, desde <strong>-20\u00b0C a 55\u00b0C<\/strong>y puede almacenarse entre <strong>-30\u00b0C y 60\u00b0C<\/strong>con tolerancia a la humedad de <strong>20% a 95%<\/strong>.<\/li>\n<li><strong>PoE est\u00e1ndar<\/strong>Cumple <strong>IEEE802.3af<\/strong>para una instalaci\u00f3n r\u00e1pida y sencilla con un solo cable.<\/li>\n<\/ul>\n<h2>Funcionalidad avanzada<\/h2>\n<ul>\n<li><strong>Obturador global eficiente<\/strong>Esta tecnolog\u00eda elimina la distorsi\u00f3n de la imagen, por lo que es ideal para aplicaciones de alta velocidad.<\/li>\n<li><strong>Soporte PoE<\/strong>Simplifica mucho la instalaci\u00f3n, ya que s\u00f3lo requiere un cable para la alimentaci\u00f3n y la transferencia de datos.<\/li>\n<li><strong>Interfaz Ethernet renovada<\/strong>Dise\u00f1ado para garantizar transferencias de im\u00e1genes r\u00e1pidas y fiables.<\/li>\n<\/ul>\n<h2>Especificaciones mec\u00e1nicas de alta calidad<\/h2>\n<ul>\n<li><strong>Roscado para objetivos con montura C<\/strong>: Garantiza una f\u00e1cil compatibilidad con diversos objetivos industriales.<\/li>\n<li><strong>Material duradero<\/strong>Fabricado en aluminio con recubrimiento de polvo, resiste eficazmente las influencias externas.<\/li>\n<li><strong>Certificaci\u00f3n IP67<\/strong>Ofrece una protecci\u00f3n total contra el polvo y el agua, por lo que es ideal para entornos industriales dif\u00edciles.<\/li>\n<li><strong>Conexiones vers\u00e1tiles<\/strong>Puerto M8 \u00d7 1 de 8 patillas para conexiones y puerto M12 \u00d7 1 de 8 patillas (codificaci\u00f3n X) para Ethernet.<\/li>\n<li><strong>Ligero 67 g<\/strong>: Facilita la integraci\u00f3n en brazos rob\u00f3ticos y sistemas de visi\u00f3n automatizados.<\/li>\n<\/ul>\n<\/div>\n<\/div>\n<p><!-- .vgblk-rw-wrapper --><\/p>","protected":false},"excerpt":{"rendered":"<p>La <strong>C\u00e1mara de visi\u00f3n artificial BBVK008<\/strong> est\u00e1 dise\u00f1ada para aplicaciones de visi\u00f3n artificial que requieren gran calidad y detalle. Equipada con una interfaz Ethernet de 1 gigabit y compatibilidad con PoE, permite una conexi\u00f3n r\u00e1pida y sencilla con un solo cable. Su dise\u00f1o compacto y su robusta estructura de aluminio facilitan la integraci\u00f3n de esta c\u00e1mara en diversos entornos industriales. Gracias al avanzado sensor CMOS Sony IMX540, garantiza una alta resoluci\u00f3n y una excelente calidad de imagen incluso en condiciones de iluminaci\u00f3n dif\u00edciles.<\/p>","protected":false},"featured_media":1014312,"template":"","meta":[],"pwb-brand":[],"product_brand":[],"product_cat":[617],"product_tag":[],"class_list":{"0":"post-1014299","1":"product","2":"type-product","3":"status-publish","4":"has-post-thumbnail","6":"product_cat-camere-industriali","8":"first","9":"instock","10":"shipping-taxable","11":"product-type-simple"},"brands":[],"_links":{"self":[{"href":"https:\/\/store.todsystem.com\/es\/wp-json\/wp\/v2\/product\/1014299","targetHints":{"allow":["GET"]}}],"collection":[{"href":"https:\/\/store.todsystem.com\/es\/wp-json\/wp\/v2\/product"}],"about":[{"href":"https:\/\/store.todsystem.com\/es\/wp-json\/wp\/v2\/types\/product"}],"version-history":[{"count":2,"href":"https:\/\/store.todsystem.com\/es\/wp-json\/wp\/v2\/product\/1014299\/revisions"}],"predecessor-version":[{"id":1014876,"href":"https:\/\/store.todsystem.com\/es\/wp-json\/wp\/v2\/product\/1014299\/revisions\/1014876"}],"wp:featuredmedia":[{"embeddable":true,"href":"https:\/\/store.todsystem.com\/es\/wp-json\/wp\/v2\/media\/1014312"}],"wp:attachment":[{"href":"https:\/\/store.todsystem.com\/es\/wp-json\/wp\/v2\/media?parent=1014299"}],"wp:term":[{"taxonomy":"pwb-brand","embeddable":true,"href":"https:\/\/store.todsystem.com\/es\/wp-json\/wp\/v2\/pwb-brand?post=1014299"},{"taxonomy":"product_brand","embeddable":true,"href":"https:\/\/store.todsystem.com\/es\/wp-json\/wp\/v2\/product_brand?post=1014299"},{"taxonomy":"product_cat","embeddable":true,"href":"https:\/\/store.todsystem.com\/es\/wp-json\/wp\/v2\/product_cat?post=1014299"},{"taxonomy":"product_tag","embeddable":true,"href":"https:\/\/store.todsystem.com\/es\/wp-json\/wp\/v2\/product_tag?post=1014299"}],"curies":[{"name":"wp","href":"https:\/\/api.w.org\/{rel}","templated":true}]}}