{"id":1014296,"date":"2024-11-06T10:08:03","date_gmt":"2024-11-06T10:08:03","guid":{"rendered":"https:\/\/store.todsystem.com\/?post_type=product&#038;p=1014296"},"modified":"2025-06-11T11:49:24","modified_gmt":"2025-06-11T11:49:24","slug":"wenglor-bbvk007","status":"publish","type":"product","link":"https:\/\/store.todsystem.com\/es\/producto\/wenglor-bbvk007\/","title":{"rendered":"Wenglor BBVK007"},"content":{"rendered":"<div class=\"vgblk-rw-wrapper limit-wrapper\">\n<div class=\"flex max-w-full flex-col flex-grow\">\n<div class=\"min-h-8 text-message flex w-full flex-col items-end gap-2 whitespace-normal break-words [.text-message+&amp;]:mt-5\" dir=\"auto\" data-message-author-role=\"assistant\" data-message-id=\"4e85816c-36d7-4fec-b2bc-e6e1da671682\" data-message-model-slug=\"gpt-4o\">\n<div class=\"flex w-full flex-col gap-1 empty:hidden first:pt-[3px]\">\n<div class=\"markdown prose w-full break-words dark:prose-invert light\">\n<h2>BBVK007: La c\u00e1mara de visi\u00f3n industrial de alta calidad<\/h2>\n<p>Descubre la <strong>BBVK007<\/strong>la habitaci\u00f3n perfecta para su <strong>aplicaciones de visi\u00f3n industrial<\/strong> que requieren im\u00e1genes de alta resoluci\u00f3n y una adquisici\u00f3n r\u00e1pida. Equipada con un potente <strong>Sensor CMOS Sony IMX540<\/strong>Esta c\u00e1mara captura im\u00e1genes monocromas asombrosas con una resoluci\u00f3n de <strong>5320 \u00d7 4600 p\u00edxeles<\/strong>. Gracias a la <strong>Persiana global<\/strong>puedes obtener im\u00e1genes n\u00edtidas incluso con sujetos en movimiento.<\/p>\n<p>El robusto dise\u00f1o, con un <strong>Carcasa de aluminio IP67<\/strong>garantiza la resistencia al polvo y al agua, lo que hace que esta c\u00e1mara sea ideal para entornos industriales exigentes. Su tama\u00f1o compacto (29 \u00d7 64,4 \u00d7 29 mm) facilita su integraci\u00f3n incluso en espacios reducidos y complejos.<\/p>\n<h2>Caracter\u00edsticas principales de BBVK007:<\/h2>\n<ul>\n<li><strong>Sensor avanzado y alta resoluci\u00f3n<\/strong>: Sensor CMOS IMX540 de Sony, con una extraordinaria resoluci\u00f3n de 24,5 MP y p\u00edxeles de 2,74 \u00d7 2,74 \u00b5m, para un nivel de detalle excepcional.<\/li>\n<li><strong>Interfaz pr\u00e1ctica<\/strong>Gigabit Ethernet compatible <strong>PoE (alimentaci\u00f3n a trav\u00e9s de Ethernet)<\/strong>facilitando la instalaci\u00f3n y reduciendo los costes.<\/li>\n<li><strong>Protecci\u00f3n duradera<\/strong>: Carcasa de aluminio con protecci\u00f3n IP67, perfecta para funcionar en condiciones adversas.<\/li>\n<li><strong>Condiciones \u00f3ptimas de funcionamiento<\/strong>Operativa de -20\u00b0C a +55\u00b0C con humedad de 20% a 95%, adapt\u00e1ndose a diversos entornos de trabajo.<\/li>\n<li><strong>Facilidad de conexi\u00f3n<\/strong>Un \u00fanico cable PoE para la conexi\u00f3n de alimentaci\u00f3n y datos, lo que simplifica el cableado.<\/li>\n<\/ul>\n<h2>Principales ventajas de Room BBVK007:<\/h2>\n<ul>\n<li><strong>Im\u00e1genes de alta calidad<\/strong>La resoluci\u00f3n avanzada y el obturador global garantizan im\u00e1genes detalladas incluso en movimiento, lo que la hace ideal para inspecciones de precisi\u00f3n.<\/li>\n<li><strong>M\u00e1xima flexibilidad de integraci\u00f3n<\/strong>Compatible con objetivos intercambiables y opciones de montaje flexibles para adaptarse a cualquier configuraci\u00f3n.<\/li>\n<li><strong>Dise\u00f1o robusto para entornos dif\u00edciles<\/strong>Dise\u00f1ada para resistir, la protecci\u00f3n IP67 hace que BBVK007 sea perfecta para su uso en entornos de trabajo extremos.<\/li>\n<\/ul>\n<p>La <strong>BBVK007 C\u00e1mara de visi\u00f3n industrial<\/strong> es la elecci\u00f3n ideal para quienes buscan alto rendimiento, facilidad de instalaci\u00f3n y una construcci\u00f3n robusta capaz de funcionar en condiciones ambientales exigentes.<\/p>\n<\/div>\n<\/div>\n<\/div>\n<\/div>\n<\/div>\n<p><!-- .vgblk-rw-wrapper --><\/p>","protected":false},"excerpt":{"rendered":"<p>La <strong>C\u00e1mara de visi\u00f3n artificial BBVK007<\/strong> es una soluci\u00f3n avanzada para la adquisici\u00f3n de im\u00e1genes de alta resoluci\u00f3n en aplicaciones de visi\u00f3n artificial. Equipado con un <strong>Sensor CMOS Sony IMX540<\/strong> y un obturador global, ofrece una resoluci\u00f3n de <strong>24,5 MP<\/strong> para obtener im\u00e1genes n\u00edtidas y sin ruido, incluso en entornos de iluminaci\u00f3n variable. Gracias a la <strong>Gigabit Ethernet<\/strong> con soporte PoE, la conexi\u00f3n se realiza a trav\u00e9s de un \u00fanico cable, lo que facilita la instalaci\u00f3n.<\/p>","protected":false},"featured_media":1014312,"template":"","meta":[],"pwb-brand":[],"product_brand":[],"product_cat":[617],"product_tag":[],"class_list":{"0":"post-1014296","1":"product","2":"type-product","3":"status-publish","4":"has-post-thumbnail","6":"product_cat-camere-industriali","8":"first","9":"instock","10":"shipping-taxable","11":"product-type-simple"},"brands":[],"_links":{"self":[{"href":"https:\/\/store.todsystem.com\/es\/wp-json\/wp\/v2\/product\/1014296","targetHints":{"allow":["GET"]}}],"collection":[{"href":"https:\/\/store.todsystem.com\/es\/wp-json\/wp\/v2\/product"}],"about":[{"href":"https:\/\/store.todsystem.com\/es\/wp-json\/wp\/v2\/types\/product"}],"version-history":[{"count":3,"href":"https:\/\/store.todsystem.com\/es\/wp-json\/wp\/v2\/product\/1014296\/revisions"}],"predecessor-version":[{"id":1014875,"href":"https:\/\/store.todsystem.com\/es\/wp-json\/wp\/v2\/product\/1014296\/revisions\/1014875"}],"wp:featuredmedia":[{"embeddable":true,"href":"https:\/\/store.todsystem.com\/es\/wp-json\/wp\/v2\/media\/1014312"}],"wp:attachment":[{"href":"https:\/\/store.todsystem.com\/es\/wp-json\/wp\/v2\/media?parent=1014296"}],"wp:term":[{"taxonomy":"pwb-brand","embeddable":true,"href":"https:\/\/store.todsystem.com\/es\/wp-json\/wp\/v2\/pwb-brand?post=1014296"},{"taxonomy":"product_brand","embeddable":true,"href":"https:\/\/store.todsystem.com\/es\/wp-json\/wp\/v2\/product_brand?post=1014296"},{"taxonomy":"product_cat","embeddable":true,"href":"https:\/\/store.todsystem.com\/es\/wp-json\/wp\/v2\/product_cat?post=1014296"},{"taxonomy":"product_tag","embeddable":true,"href":"https:\/\/store.todsystem.com\/es\/wp-json\/wp\/v2\/product_tag?post=1014296"}],"curies":[{"name":"wp","href":"https:\/\/api.w.org\/{rel}","templated":true}]}}