{"id":1014290,"date":"2024-11-06T09:53:27","date_gmt":"2024-11-06T09:53:27","guid":{"rendered":"https:\/\/store.todsystem.com\/?post_type=product&#038;p=1014290"},"modified":"2025-06-11T11:49:56","modified_gmt":"2025-06-11T11:49:56","slug":"camara-de-vision-artificial-wenglor-bbvk004","status":"publish","type":"product","link":"https:\/\/store.todsystem.com\/es\/producto\/camara-de-vision-artificial-wenglor-bbvk004\/","title":{"rendered":"C\u00e1mara de visi\u00f3n artificial Wenglor BBVK004"},"content":{"rendered":"<div class=\"vgblk-rw-wrapper limit-wrapper\"> <strong>BBVK004 C\u00e1mara de visi\u00f3n artificial: C\u00e1mara industrial de alta resoluci\u00f3n<\/strong> <\/p>\n<p>La <strong>BBVK004 C\u00e1mara de visi\u00f3n artificial<\/strong> es la soluci\u00f3n ideal para quienes buscan una c\u00e1mara de alto rendimiento para entornos industriales. Con una resoluci\u00f3n de 5 MP, conectividad PoE fiable y un vers\u00e1til conjunto de funciones, esta c\u00e1mara es perfecta para aplicaciones de automatizaci\u00f3n, inspecci\u00f3n y control de calidad en entornos exigentes. Gracias a su dise\u00f1o compacto y robusto, se integra f\u00e1cilmente en una gran variedad de configuraciones industriales, ofreciendo una calidad de imagen muy alta y un rendimiento excepcional.<\/p>\n<h2>Caracter\u00edsticas principales de la c\u00e1mara BBVK004<\/h2>\n<ul>\n<li><strong>Sensor CMOS con obturador global:<\/strong> Equipado con un sensor de color <strong>Sony IMX547<\/strong>Esta c\u00e1mara captura im\u00e1genes n\u00edtidas incluso en condiciones de movimiento r\u00e1pido, eliminando la distorsi\u00f3n de la imagen.<\/li>\n<li><strong>Dise\u00f1o compacto y flexible:<\/strong> Con unas dimensiones de s\u00f3lo <strong>29 \u00d7 64,4 \u00d7 29 mm<\/strong>pueden montarse en diferentes posiciones y orientaciones, adapt\u00e1ndose perfectamente a los requisitos de su planta industrial.<\/li>\n<li><strong>Compatibilidad con objetivos de montura C:<\/strong> Gracias a la rosca est\u00e1ndar de la montura C, puede elegir entre una amplia gama de objetivos para satisfacer necesidades de imagen espec\u00edficas.<\/li>\n<\/ul>\n<h2>Especificaciones \u00f3pticas<\/h2>\n<ul>\n<li><strong>Resoluci\u00f3n de imagen:<\/strong> Consigue una alta definici\u00f3n de <strong>5 MP<\/strong> (2448 x 2048 p\u00edxeles), lo que garantiza im\u00e1genes de alta calidad para aplicaciones industriales cr\u00edticas.<\/li>\n<li><strong>Dimensiones en p\u00edxeles:<\/strong> Con p\u00edxeles de <strong>2,74 x 2,74 \u00b5m<\/strong> y un sensor de <strong>1\/1.8&#8243;<\/strong>esta c\u00e1mara proporciona detalles claros y bien definidos.<\/li>\n<li><strong>Frecuencia de im\u00e1genes:<\/strong> Funciona hasta <strong>22 fotogramas por segundo (fps)<\/strong>lo que la hace ideal para aplicaciones de velocidad moderada.<\/li>\n<\/ul>\n<h2>Especificaciones el\u00e9ctricas<\/h2>\n<ul>\n<li><strong>Fuente de alimentaci\u00f3n eficiente:<\/strong> Funciona con un rango de alimentaci\u00f3n de <strong>12-24 V CC<\/strong> y bajo consumo de corriente (<130 mA a 24 V) per un uso energetico ottimale.<\/li>\n<li><strong>Resistencia medioambiental:<\/strong> Perfectas para condiciones extremas, estas c\u00e1maras funcionan entre <strong>-20\u00b0C y 55\u00b0C<\/strong> y puede ser almacenado por <strong>-30\u00b0C a 60\u00b0C<\/strong>con una tolerancia a la humedad de entre <strong>20% y el 95%<\/strong>.<\/li>\n<li><strong>Compatibilidad PoE:<\/strong> Gracias a la compatibilidad con PoE (IEEE802.3af), puede simplificar la gesti\u00f3n de la alimentaci\u00f3n y los datos con un solo cable Ethernet.<\/li>\n<\/ul>\n<h2>Funcionalidad avanzada<\/h2>\n<ul>\n<li><strong>Persiana global:<\/strong> Garantiza la captura perfecta de im\u00e1genes n\u00edtidas, esenciales para aplicaciones din\u00e1micas sin distorsi\u00f3n.<\/li>\n<li><strong>Interfaz Fast Ethernet:<\/strong> La transmisi\u00f3n r\u00e1pida de datos a trav\u00e9s de Ethernet admite perfectamente las operaciones en tiempo real.<\/li>\n<li><strong>Gesti\u00f3n simplificada:<\/strong> Con la funcionalidad PoE, puede reducir el desorden de cables y simplificar la instalaci\u00f3n.<\/li>\n<\/ul>\n<h2>Especificaciones mec\u00e1nicas<\/h2>\n<ul>\n<li><strong>Compatibilidad de lentes:<\/strong> La rosca con montura C ofrece una amplia gama de objetivos industriales para cualquier necesidad de captura de im\u00e1genes.<\/li>\n<li><strong>Cuerpo robusto:<\/strong> Fabricado en aluminio con recubrimiento de polvo y protecci\u00f3n IP67, es resistente al polvo y la humedad, perfecto para entornos industriales dif\u00edciles.<\/li>\n<li><strong>Interfaces de conexi\u00f3n:<\/strong> Incluye un conector <strong>M8 8 polos<\/strong> para GPIO y un conector Ethernet <strong>M12 de 8 polos<\/strong>garantizando conexiones fiables incluso en situaciones dif\u00edciles.<\/li>\n<li><strong>Ligero:<\/strong> Con un peso de s\u00f3lo 67 g, ofrece una f\u00e1cil instalaci\u00f3n en diversos equipos.<\/li>\n<\/ul>\n<p>Esta c\u00e1mara industrial est\u00e1 dise\u00f1ada para ofrecer eficacia, calidad y versatilidad, lo que la convierte en la elecci\u00f3n perfecta para sus aplicaciones de visi\u00f3n artificial.<\/p><\/div>\n<p><!-- .vgblk-rw-wrapper --><\/p>","protected":false},"excerpt":{"rendered":"<p>La <strong>C\u00e1mara de visi\u00f3n artificial BBVK004<\/strong> est\u00e1 dise\u00f1ada para la captura de im\u00e1genes de alta precisi\u00f3n en aplicaciones de visi\u00f3n artificial. Con su interfaz Ethernet de 1 gigabit y su compatibilidad con alimentaci\u00f3n a trav\u00e9s de Ethernet (PoE), esta c\u00e1mara permite la transmisi\u00f3n de datos y la alimentaci\u00f3n el\u00e9ctrica a trav\u00e9s de un \u00fanico cable, lo que simplifica la instalaci\u00f3n y la integraci\u00f3n. Su dise\u00f1o compacto y robusto con conexi\u00f3n roscada de montura C permite una instalaci\u00f3n flexible en distintos entornos. Equipada con tecnolog\u00eda de sensor CMOS avanzada, la BBVK004 garantiza im\u00e1genes n\u00edtidas y de alta resoluci\u00f3n incluso en condiciones de iluminaci\u00f3n dif\u00edciles.<\/p>","protected":false},"featured_media":1014312,"template":"","meta":[],"pwb-brand":[],"product_brand":[],"product_cat":[617],"product_tag":[],"class_list":{"0":"post-1014290","1":"product","2":"type-product","3":"status-publish","4":"has-post-thumbnail","6":"product_cat-camere-industriali","8":"first","9":"instock","10":"shipping-taxable","11":"product-type-simple"},"brands":[],"_links":{"self":[{"href":"https:\/\/store.todsystem.com\/es\/wp-json\/wp\/v2\/product\/1014290","targetHints":{"allow":["GET"]}}],"collection":[{"href":"https:\/\/store.todsystem.com\/es\/wp-json\/wp\/v2\/product"}],"about":[{"href":"https:\/\/store.todsystem.com\/es\/wp-json\/wp\/v2\/types\/product"}],"version-history":[{"count":2,"href":"https:\/\/store.todsystem.com\/es\/wp-json\/wp\/v2\/product\/1014290\/revisions"}],"predecessor-version":[{"id":1014879,"href":"https:\/\/store.todsystem.com\/es\/wp-json\/wp\/v2\/product\/1014290\/revisions\/1014879"}],"wp:featuredmedia":[{"embeddable":true,"href":"https:\/\/store.todsystem.com\/es\/wp-json\/wp\/v2\/media\/1014312"}],"wp:attachment":[{"href":"https:\/\/store.todsystem.com\/es\/wp-json\/wp\/v2\/media?parent=1014290"}],"wp:term":[{"taxonomy":"pwb-brand","embeddable":true,"href":"https:\/\/store.todsystem.com\/es\/wp-json\/wp\/v2\/pwb-brand?post=1014290"},{"taxonomy":"product_brand","embeddable":true,"href":"https:\/\/store.todsystem.com\/es\/wp-json\/wp\/v2\/product_brand?post=1014290"},{"taxonomy":"product_cat","embeddable":true,"href":"https:\/\/store.todsystem.com\/es\/wp-json\/wp\/v2\/product_cat?post=1014290"},{"taxonomy":"product_tag","embeddable":true,"href":"https:\/\/store.todsystem.com\/es\/wp-json\/wp\/v2\/product_tag?post=1014290"}],"curies":[{"name":"wp","href":"https:\/\/api.w.org\/{rel}","templated":true}]}}