{"id":1014278,"date":"2024-11-06T09:40:32","date_gmt":"2024-11-06T09:40:32","guid":{"rendered":"https:\/\/store.todsystem.com\/?post_type=product&#038;p=1014278"},"modified":"2025-06-11T11:50:12","modified_gmt":"2025-06-11T11:50:12","slug":"zebra-3s80","status":"publish","type":"product","link":"https:\/\/store.todsystem.com\/es\/producto\/zebra-3s80\/","title":{"rendered":"Zebra 3S80"},"content":{"rendered":"<div class=\"vgblk-rw-wrapper limit-wrapper\">\n<div class=\"flex max-w-full flex-col flex-grow\">\n<div class=\"min-h-8 text-message flex w-full flex-col items-end gap-2 whitespace-normal break-words [.text-message+&amp;]:mt-5\" dir=\"auto\" data-message-author-role=\"assistant\" data-message-id=\"5a66f7fb-5af8-43ee-b5d4-31c38ea106f7\" data-message-model-slug=\"gpt-4o\">\n<div class=\"flex w-full flex-col gap-1 empty:hidden first:pt-[3px]\">\n<div class=\"markdown prose w-full break-words dark:prose-invert light\">\n<p>Descubre la <strong>Sensor 3D Zebra 3S80<\/strong>, la soluzione ideale per le tue applicazioni industriali ad alta precisione. Progettato per l\u2019ispezione e la misurazione di oggetti su linee di produzione, il <strong>3S80<\/strong> si distingue per la <strong>tecnologia avanzata a luce strutturata parallela<\/strong> che offre una risoluzione d\u2019immagine senza pari. Grazie alla sua capacit\u00e0 di catturare scene dinamiche in ambienti industriali, questo sensore garantisce prestazioni elevate con una velocit\u00e0 di scansione impressionante di <strong>45 ms<\/strong>, riuscendo a registrare fino a <strong>2 millones de puntos (1680 x 1200)<\/strong>.<\/p>\n<p>La struttura del sensore previene la <strong>desenfoque de movimiento<\/strong>, un problema comune quando si tratta di oggetti in rapido movimento su nastri trasportatori. Con la visualizzazione delle nuvole di punti dettagliate e colorate, puoi eseguire analisi approfondite, ottimizzando la qualit\u00e0 delle operazioni di ispezione automatizzata.<\/p>\n<h2>Specifiche Tecniche del Sensore 3D Zebra 3S80:<\/h2>\n<ul>\n<li><strong>Software Aurora Focus<\/strong>: Ogni modello include il <strong>Software Aurora Design Assistant\u2122<\/strong> o <strong>Aurora Vision Studio\u2122 (en ingl\u00e9s)<\/strong>, offrendo strumenti completi per l\u2019acquisizione, l&#8217;elaborazione e la visualizzazione delle immagini.<\/li>\n<li><strong>Tecnologia di Rilevamento 3D<\/strong>: La luce strutturata parallela garantisce risoluzione e precisione ottimali, ideale per scene in movimento.<\/li>\n<li><strong>Raggio di Scansione<\/strong>: Il 3S80 \u00e8 disponibile in due versioni:\n<ul>\n<li><strong>3S80-4L<\/strong>: Distancia de funcionamiento de <strong>778-3.034 mm<\/strong> (30,6\"-119,4\").<\/li>\n<li><strong>3S80-4M<\/strong>: Distancia de funcionamiento de <strong>497-939 mm<\/strong> (19,6\"-37\").<\/li>\n<\/ul>\n<\/li>\n<li><strong>Conectividad<\/strong>: Supporto per collegamento dati tramite Ethernet 1 Gbit, per un trasferimento rapido di immagini e dati.<\/li>\n<\/ul>\n<h2>Vantaggi Del Sensore 3D Zebra 3S80:<\/h2>\n<ul>\n<li><strong>Velocit\u00e0 e Alta Risoluzione<\/strong>: Tecnologia all\u2019avanguardia per catturare dettagli elevati, anche con oggetti in movimento rapido, riducendo al minimo le sfocature.<\/li>\n<li><strong>Software Versatile<\/strong>: Aurara offre strumenti per ogni fase del processo di ispezione, dalla configurazione iniziale all\u2019analisi dettagliata.<\/li>\n<li><strong>Soluzione Scalabile<\/strong>: Disponibile in vari modelli per adattarsi a diverse distanze di acquisizione e condizioni industriali.<\/li>\n<\/ul>\n<p>El sensor <strong>Zebra 3S80<\/strong> \u00e8 un dispositivo 3D innovativo che soddisfa le esigenze delle linee di produzione moderne, fornendo dati di alta qualit\u00e0 necessari per applicazioni che richiedono precisione e velocit\u00e0.<\/p>\n<\/div>\n<\/div>\n<\/div>\n<\/div>\n<\/div>\n<p><!-- .vgblk-rw-wrapper --><\/p>","protected":false},"excerpt":{"rendered":"<p>En <strong>Sensor 3D Zebra 3S80<\/strong> utiliza una avanzada tecnolog\u00eda de luz estructurada paralela para capturar escenas din\u00e1micas con una resoluci\u00f3n inigualable. Ideal para inspecci\u00f3n y medici\u00f3n en fabricaci\u00f3n, la 3S80 puede capturar hasta 2 millones de puntos 3D en solo 45 ms, creando nubes de puntos detalladas y coloridas, que garantizan la precisi\u00f3n incluso con objetos que se mueven r\u00e1pidamente en cintas transportadoras.<\/p>","protected":false},"featured_media":1014282,"template":"","meta":[],"pwb-brand":[],"product_brand":[],"product_cat":[617],"product_tag":[],"class_list":{"0":"post-1014278","1":"product","2":"type-product","3":"status-publish","4":"has-post-thumbnail","6":"product_cat-camere-industriali","8":"first","9":"instock","10":"shipping-taxable","11":"product-type-simple"},"brands":[],"_links":{"self":[{"href":"https:\/\/store.todsystem.com\/es\/wp-json\/wp\/v2\/product\/1014278","targetHints":{"allow":["GET"]}}],"collection":[{"href":"https:\/\/store.todsystem.com\/es\/wp-json\/wp\/v2\/product"}],"about":[{"href":"https:\/\/store.todsystem.com\/es\/wp-json\/wp\/v2\/types\/product"}],"version-history":[{"count":3,"href":"https:\/\/store.todsystem.com\/es\/wp-json\/wp\/v2\/product\/1014278\/revisions"}],"predecessor-version":[{"id":1014881,"href":"https:\/\/store.todsystem.com\/es\/wp-json\/wp\/v2\/product\/1014278\/revisions\/1014881"}],"wp:featuredmedia":[{"embeddable":true,"href":"https:\/\/store.todsystem.com\/es\/wp-json\/wp\/v2\/media\/1014282"}],"wp:attachment":[{"href":"https:\/\/store.todsystem.com\/es\/wp-json\/wp\/v2\/media?parent=1014278"}],"wp:term":[{"taxonomy":"pwb-brand","embeddable":true,"href":"https:\/\/store.todsystem.com\/es\/wp-json\/wp\/v2\/pwb-brand?post=1014278"},{"taxonomy":"product_brand","embeddable":true,"href":"https:\/\/store.todsystem.com\/es\/wp-json\/wp\/v2\/product_brand?post=1014278"},{"taxonomy":"product_cat","embeddable":true,"href":"https:\/\/store.todsystem.com\/es\/wp-json\/wp\/v2\/product_cat?post=1014278"},{"taxonomy":"product_tag","embeddable":true,"href":"https:\/\/store.todsystem.com\/es\/wp-json\/wp\/v2\/product_tag?post=1014278"}],"curies":[{"name":"wp","href":"https:\/\/api.w.org\/{rel}","templated":true}]}}