{"id":1014261,"date":"2024-11-06T09:29:10","date_gmt":"2024-11-06T09:29:10","guid":{"rendered":"https:\/\/store.todsystem.com\/?post_type=product&#038;p=1014261"},"modified":"2025-06-11T11:50:38","modified_gmt":"2025-06-11T11:50:38","slug":"zebra-3s40","status":"publish","type":"product","link":"https:\/\/store.todsystem.com\/es\/producto\/zebra-3s40\/","title":{"rendered":"Zebra 3S40"},"content":{"rendered":"<div class=\"vgblk-rw-wrapper limit-wrapper\">&nbsp;<\/p>\n<div class=\"flex max-w-full flex-col flex-grow\">\n<div class=\"min-h-8 text-message flex w-full flex-col items-end gap-2 whitespace-normal break-words [.text-message+&amp;]:mt-5\" dir=\"auto\" data-message-author-role=\"assistant\" data-message-id=\"de518e75-0dd8-47a4-a66f-9ffe56afcbcd\" data-message-model-slug=\"gpt-4o\">\n<div class=\"flex w-full flex-col gap-1 empty:hidden first:pt-[3px]\">\n<div class=\"markdown prose w-full break-words dark:prose-invert light\">\n<h2>Scopri il Sensore 3D Zebra 3S40 per l&#8217;Industria<\/h2>\n<p>En <strong>Sensor 3D Zebra 3S40<\/strong> \u00e8 l&#8217;alleato ideale per la <strong>gestione e l&#8217;ispezione di articoli di grandi dimensioni<\/strong> all&#8217;interno di ambienti industriali. Questo dispositivo innovativo potenzia l&#8217;efficienza delle operazioni automatizzate, come la <strong>depallettizzazione<\/strong> e le ispezioni statiche, grazie alla sua avanzata <strong>tecnolog\u00eda de luz estructurada<\/strong>.<\/p>\n<p>Raccogliendo fino a <strong>1,5 millones de puntos (1440 x 1080)<\/strong> in appena <strong>450 ms<\/strong>, il 3S40 crea affascinanti nuvole di punti che consentono misurazioni precise a livello di pixel, rendendolo uno strumento indispensabile per le aziende che cercano di ottimizzare i processi produttivi.<\/p>\n<h2>Caratteristiche Tecniche del Sensore 3D Zebra 3S40<\/h2>\n<ul>\n<li><strong>Software Aurora<\/strong>: comprende <em>Aurora Design Assistant\u2122 (Asistente de dise\u00f1o Aurora)<\/em> e <em>Aurora Vision Studio\u2122 (en ingl\u00e9s)<\/em>, strumenti essenziali per acquisire, elaborare e analizzare immagini in modo efficace.<\/li>\n<li><strong>Tecnolog\u00eda de detecci\u00f3n 3D<\/strong>: utilizza la luce strutturata per offrire acquisizioni dettagliate di oggetti statici, garantendo precisione nelle misurazioni.<\/li>\n<li><strong>Radio de exploraci\u00f3n<\/strong>: opera in un esteso raggio di <strong>870-2250 mm (34,3\u201d-88,5\u201d)<\/strong>, perfetto per l&#8217;ispezione di articoli voluminosi.<\/li>\n<li><strong>Conectividad<\/strong>: connessione Ethernet 1 Gbit per un trasferimento dati ultra-veloce in tempo reale.<\/li>\n<\/ul>\n<h2>Vantaggi del Sensore 3D Zebra 3S40<\/h2>\n<ul>\n<li><strong>Alta precisione e velocit\u00e0<\/strong>: grazie alla sua tecnologia, il 3S40 acquisisce rapidamente e con precisione oggetti di grandi dimensioni, semplificando cos\u00ec le operazioni di <strong>control de calidad<\/strong>.<\/li>\n<li><strong>Facilidad de integraci\u00f3n<\/strong>: il software Aurora offre un&#8217;interfaccia intuitiva, facilitando l&#8217;implementazione e la personalizzazione nel tuo ambiente produttivo.<\/li>\n<li><strong>Robustezza per ambienti complessi<\/strong>: progettato per resistere a condizioni operative difficili grazie alla soppressione della luce ambientale e a un design industriale robusto.<\/li>\n<\/ul>\n<p>En <strong>Sensor 3D Zebra 3S40<\/strong> \u00e8 un dispositivo versatile e potente, perfetto per le modernissime linee di produzione. Migliora l&#8217;efficienza e la precisione delle operazioni di rilevazione tridimensionale, automazione e controllo qualit\u00e0, rendendolo un investimento strategico per la tua azienda.<\/p>\n<\/div>\n<\/div>\n<\/div>\n<\/div>\n<\/div>\n<p><!-- .vgblk-rw-wrapper --><\/p>","protected":false},"excerpt":{"rendered":"<p>El sensor <strong>3D Zebra 3S40<\/strong> es una soluci\u00f3n avanzada para aplicaciones industriales que requieren precisi\u00f3n y fiabilidad, como la despaletizaci\u00f3n, la medici\u00f3n est\u00e1tica y la inspecci\u00f3n de objetos voluminosos. Equipado con tecnolog\u00eda de luz estructurada, el 3S40 adquiere hasta 1,5 millones de puntos en menos de medio segundo, generando nubes de puntos muy detalladas para mediciones con precisi\u00f3n de p\u00edxel.<\/p>","protected":false},"featured_media":1014275,"template":"","meta":[],"pwb-brand":[],"product_brand":[],"product_cat":[617],"product_tag":[],"class_list":{"0":"post-1014261","1":"product","2":"type-product","3":"status-publish","4":"has-post-thumbnail","6":"product_cat-camere-industriali","8":"first","9":"instock","10":"shipping-taxable","11":"product-type-simple"},"brands":[],"_links":{"self":[{"href":"https:\/\/store.todsystem.com\/es\/wp-json\/wp\/v2\/product\/1014261","targetHints":{"allow":["GET"]}}],"collection":[{"href":"https:\/\/store.todsystem.com\/es\/wp-json\/wp\/v2\/product"}],"about":[{"href":"https:\/\/store.todsystem.com\/es\/wp-json\/wp\/v2\/types\/product"}],"version-history":[{"count":5,"href":"https:\/\/store.todsystem.com\/es\/wp-json\/wp\/v2\/product\/1014261\/revisions"}],"predecessor-version":[{"id":1017034,"href":"https:\/\/store.todsystem.com\/es\/wp-json\/wp\/v2\/product\/1014261\/revisions\/1017034"}],"wp:featuredmedia":[{"embeddable":true,"href":"https:\/\/store.todsystem.com\/es\/wp-json\/wp\/v2\/media\/1014275"}],"wp:attachment":[{"href":"https:\/\/store.todsystem.com\/es\/wp-json\/wp\/v2\/media?parent=1014261"}],"wp:term":[{"taxonomy":"pwb-brand","embeddable":true,"href":"https:\/\/store.todsystem.com\/es\/wp-json\/wp\/v2\/pwb-brand?post=1014261"},{"taxonomy":"product_brand","embeddable":true,"href":"https:\/\/store.todsystem.com\/es\/wp-json\/wp\/v2\/product_brand?post=1014261"},{"taxonomy":"product_cat","embeddable":true,"href":"https:\/\/store.todsystem.com\/es\/wp-json\/wp\/v2\/product_cat?post=1014261"},{"taxonomy":"product_tag","embeddable":true,"href":"https:\/\/store.todsystem.com\/es\/wp-json\/wp\/v2\/product_tag?post=1014261"}],"curies":[{"name":"wp","href":"https:\/\/api.w.org\/{rel}","templated":true}]}}