{"id":1014256,"date":"2024-11-06T09:15:10","date_gmt":"2024-11-06T09:15:10","guid":{"rendered":"https:\/\/store.todsystem.com\/?post_type=product&#038;p=1014256"},"modified":"2025-06-11T11:50:53","modified_gmt":"2025-06-11T11:50:53","slug":"zebra-altiz","status":"publish","type":"product","link":"https:\/\/store.todsystem.com\/es\/producto\/zebra-altiz\/","title":{"rendered":"Zebra AltiZ"},"content":{"rendered":"<div class=\"vgblk-rw-wrapper limit-wrapper\"><strong>Zebra AltiZ: Sensor de escaneado 3D avanzado<\/strong> es la soluci\u00f3n definitiva para las industrias que requieren precisi\u00f3n en las condiciones m\u00e1s cr\u00edticas y dif\u00edciles. Con un dise\u00f1o robusto y un rendimiento superior, este innovador sensor es capaz de recopilar datos precisos esenciales para una gran variedad de aplicaciones, desde la supervisi\u00f3n medioambiental hasta la automatizaci\u00f3n industrial.<\/p>\n<h2>Principales caracter\u00edsticas t\u00e9cnicas<\/h2>\n<ul>\n<li><strong>Software:<\/strong> Zebra Aurora\u2122: la plataforma ideal para gestionar sus proyectos de escaneado 3D.<\/li>\n<li><strong>Soporte de software:<\/strong> Incluimos Zebra Aurora Imaging Library\u2122, un completo kit de desarrollo de software (SDK), y Zebra Aurora Design Assistant\u2122, un intuitivo IDE basado en diagramas de flujo.<\/li>\n<li><strong>Vivienda:<\/strong> Fabricado en aluminio macizo con clasificaci\u00f3n IP67, perfecto para soportar entornos duros y dif\u00edciles.<\/li>\n<li><strong>E\/S digitales:<\/strong> Perfectamente compatible con tensiones de 24 V.<\/li>\n<li><strong>Perfil de velocidad:<\/strong> Alcanza una velocidad m\u00e1xima de 11.000 elementos por segundo, lo que garantiza exploraciones r\u00e1pidas y precisas.<\/li>\n<li><strong>Conectividad:<\/strong> Admite Power-over-Ethernet (PoE), interfaz GigE Vision y conectores M12 para facilitar la integraci\u00f3n.<\/li>\n<\/ul>\n<h2>Excelente rendimiento en escaneado 3D<\/h2>\n<p>En <strong>Zebra AltiZ<\/strong> ofrece un rendimiento sin precedentes en la topograf\u00eda 3D, gracias a su extraordinaria velocidad de perfilado. Los algoritmos integrados generan perfiles, mapas de profundidad y nubes de puntos precisos, lo que permite recopilar datos fiables incluso en condiciones de oclusi\u00f3n \u00f3ptica. Este nivel de precisi\u00f3n es crucial para aplicaciones en las que la seguridad y la fiabilidad son primordiales.<\/p>\n<h2>Tecnolog\u00eda punta<\/h2>\n<p>La avanzada tecnolog\u00eda de detecci\u00f3n y navegaci\u00f3n del <strong>Zebra AltiZ<\/strong> integra sistemas como SLAM y visi\u00f3n 3D. Los sofisticados algoritmos no solo proporcionan datos de alta fidelidad, sino que tambi\u00e9n garantizan la seguridad operativa con funciones como la detecci\u00f3n autom\u00e1tica de obst\u00e1culos y los botones de emergencia integrados, optimizando a\u00fan m\u00e1s la experiencia del usuario.<\/p>\n<h2>Invierta en el futuro con Zebra AltiZ<\/h2>\n<p>Elija el <strong>Zebra AltiZ<\/strong> significa invertir en tecnolog\u00eda innovadora que ofrece un rendimiento excepcional en escenarios complejos. Su durabilidad y sus avanzadas funciones lo convierten en la opci\u00f3n perfecta para las empresas que buscan mejorar su eficacia operativa mediante la automatizaci\u00f3n y la digitalizaci\u00f3n. No pierda la oportunidad de llevar su negocio al siguiente nivel con este extraordinario sensor de escaneado 3D.<\/div>\n<p><!-- .vgblk-rw-wrapper --><\/p>","protected":false},"excerpt":{"rendered":"<p><strong>Zebra AltiZ<\/strong> es un sensor 3D avanzado dise\u00f1ado para garantizar exploraciones precisas y fiables en entornos complejos. Gracias a su tecnolog\u00eda de c\u00e1mara dual y l\u00e1ser \u00fanico, reduce las oclusiones \u00f3pticas y proporciona datos 3D de alta calidad. Ideal para aplicaciones en entornos dif\u00edciles, Zebra AltiZ ofrece un alto rendimiento con una velocidad m\u00e1xima de perfilado de 11.000 elementos por segundo, lo que lo convierte en la opci\u00f3n perfecta para sus necesidades de automatizaci\u00f3n industrial.<\/p>","protected":false},"featured_media":1014263,"template":"","meta":[],"pwb-brand":[],"product_brand":[],"product_cat":[617],"product_tag":[],"class_list":{"0":"post-1014256","1":"product","2":"type-product","3":"status-publish","4":"has-post-thumbnail","6":"product_cat-camere-industriali","8":"first","9":"instock","10":"shipping-taxable","11":"product-type-simple"},"brands":[],"_links":{"self":[{"href":"https:\/\/store.todsystem.com\/es\/wp-json\/wp\/v2\/product\/1014256","targetHints":{"allow":["GET"]}}],"collection":[{"href":"https:\/\/store.todsystem.com\/es\/wp-json\/wp\/v2\/product"}],"about":[{"href":"https:\/\/store.todsystem.com\/es\/wp-json\/wp\/v2\/types\/product"}],"version-history":[{"count":6,"href":"https:\/\/store.todsystem.com\/es\/wp-json\/wp\/v2\/product\/1014256\/revisions"}],"predecessor-version":[{"id":1017039,"href":"https:\/\/store.todsystem.com\/es\/wp-json\/wp\/v2\/product\/1014256\/revisions\/1017039"}],"wp:featuredmedia":[{"embeddable":true,"href":"https:\/\/store.todsystem.com\/es\/wp-json\/wp\/v2\/media\/1014263"}],"wp:attachment":[{"href":"https:\/\/store.todsystem.com\/es\/wp-json\/wp\/v2\/media?parent=1014256"}],"wp:term":[{"taxonomy":"pwb-brand","embeddable":true,"href":"https:\/\/store.todsystem.com\/es\/wp-json\/wp\/v2\/pwb-brand?post=1014256"},{"taxonomy":"product_brand","embeddable":true,"href":"https:\/\/store.todsystem.com\/es\/wp-json\/wp\/v2\/product_brand?post=1014256"},{"taxonomy":"product_cat","embeddable":true,"href":"https:\/\/store.todsystem.com\/es\/wp-json\/wp\/v2\/product_cat?post=1014256"},{"taxonomy":"product_tag","embeddable":true,"href":"https:\/\/store.todsystem.com\/es\/wp-json\/wp\/v2\/product_tag?post=1014256"}],"curies":[{"name":"wp","href":"https:\/\/api.w.org\/{rel}","templated":true}]}}