{"id":1014241,"date":"2024-11-06T08:58:33","date_gmt":"2024-11-06T08:58:33","guid":{"rendered":"https:\/\/store.todsystem.com\/?post_type=product&#038;p=1014241"},"modified":"2025-06-11T11:51:36","modified_gmt":"2025-06-11T11:51:36","slug":"zebra-vs20","status":"publish","type":"product","link":"https:\/\/store.todsystem.com\/es\/producto\/zebra-vs20\/","title":{"rendered":"Zebra VS20"},"content":{"rendered":"<div class=\"vgblk-rw-wrapper limit-wrapper\"><strong>C\u00e1mara inteligente Zebra VS20: optimice su producci\u00f3n<\/strong><\/p>\n<p>La <strong>VS20<\/strong> de Zebra es la c\u00e1mara de visi\u00f3n digital inteligente m\u00e1s compacta de su clase, perfecta para una integraci\u00f3n r\u00e1pida y perfecta en los sistemas existentes. Este innovador dispositivo ofrece soluciones avanzadas para garantizar la calidad de los productos y mejorar la eficiencia de la producci\u00f3n en entornos industriales.<\/p>\n<h2>Principales caracter\u00edsticas t\u00e9cnicas<\/h2>\n<ul>\n<li><strong>Software Aurora\u2122:<\/strong> Una interfaz intuitiva que facilita la configuraci\u00f3n, implantaci\u00f3n y gesti\u00f3n del <strong>VS20<\/strong>.<\/li>\n<li><strong>Funciones exclusivas de Zebra:<\/strong> Equipada con tecnolog\u00edas de vanguardia como ImagePerfect y Golden Image Compare para una captura de im\u00e1genes \u00f3ptima.<\/li>\n<li><strong>Actualizaciones de licencias:<\/strong> Integra a la perfecci\u00f3n nuevas herramientas de visi\u00f3n avanzadas con actualizaciones de software r\u00e1pidas y sencillas.<\/li>\n<li><strong>Protocolos de comunicaci\u00f3n:<\/strong> Es compatible con varios protocolos, como Ethernet\/IP, PROFINET, Modbus TCP, TCP\/IP y CC-Link, lo que proporciona la m\u00e1xima flexibilidad en las conexiones.<\/li>\n<\/ul>\n<h2>Rendimiento superior<\/h2>\n<p>La <strong>VS20<\/strong> ofrece una fiabilidad superior en la captura de im\u00e1genes. Gracias a la funci\u00f3n ImagePerfect, el dispositivo toma tres im\u00e1genes diferentes para cada elemento, lo que facilita el an\u00e1lisis comparativo instant\u00e1neo. La exclusiva funci\u00f3n Golden Image Compare permite intervenir r\u00e1pidamente en el diagn\u00f3stico de problemas de inspecci\u00f3n, minimizando el tiempo de inactividad y maximizando la productividad.<\/p>\n<h2>Tecnolog\u00eda avanzada<\/h2>\n<p>Equipado con sistemas de detecci\u00f3n de obst\u00e1culos y tecnolog\u00edas avanzadas de visi\u00f3n digital, el <strong>VS20<\/strong> garantiza un funcionamiento seguro durante el control de calidad. Los s\u00f3lidos protocolos de comunicaci\u00f3n y los sistemas de emergencia integrados garantizan un funcionamiento continuo y seguro, protegiendo el proceso de producci\u00f3n.<\/p>\n<h2>Por qu\u00e9 elegir el VS20 de Zebra<\/h2>\n<p>Elija el <strong>VS20<\/strong> significa invertir en un dispositivo dise\u00f1ado para mejorar la eficacia operativa y garantizar altos niveles de calidad y fiabilidad. Con la posibilidad de actualizar el software, el <strong>VS20<\/strong> representa una inversi\u00f3n segura para las empresas dispuestas a optimizar los costes de producci\u00f3n y aumentar la satisfacci\u00f3n del cliente sin necesidad de sustituir todo el sistema.<\/p>\n<p><video src=\"link_al_tuo_video.mp4\" controls=\"controls\" width=\"300\" height=\"150\"><\/video><\/p>\n<p>Mejore su producci\u00f3n con el VS20 de Zebra, la soluci\u00f3n perfecta para un control de calidad avanzado y la m\u00e1xima eficiencia operativa.<\/p><\/div>\n<p><!-- .vgblk-rw-wrapper --><\/p>","protected":false},"excerpt":{"rendered":"<p>En\u00a0<strong>VS20<\/strong> compact es un sensor de visi\u00f3n digital inteligente dise\u00f1ado para optimizar el control de calidad en las l\u00edneas de producci\u00f3n. Gracias a su versatilidad y a sus avanzadas opciones de conectividad, puede integrarse f\u00e1cilmente en su PLC o red host, garantizando procesos empresariales eficientes y automatizados. Desarrollado por la potente plataforma de software Aurora de Zebra, <strong>VS20<\/strong>\u00a0ofrece una alta calidad de imagen, una mayor automatizaci\u00f3n y la posibilidad de actualizar el software para obtener funciones avanzadas. Ideal para entornos de producci\u00f3n que requieren control y precisi\u00f3n.<\/p>","protected":false},"featured_media":1014243,"template":"","meta":[],"pwb-brand":[],"product_brand":[],"product_cat":[617],"product_tag":[],"class_list":{"0":"post-1014241","1":"product","2":"type-product","3":"status-publish","4":"has-post-thumbnail","6":"product_cat-camere-industriali","8":"first","9":"instock","10":"shipping-taxable","11":"product-type-simple"},"brands":[],"_links":{"self":[{"href":"https:\/\/store.todsystem.com\/es\/wp-json\/wp\/v2\/product\/1014241","targetHints":{"allow":["GET"]}}],"collection":[{"href":"https:\/\/store.todsystem.com\/es\/wp-json\/wp\/v2\/product"}],"about":[{"href":"https:\/\/store.todsystem.com\/es\/wp-json\/wp\/v2\/types\/product"}],"version-history":[{"count":4,"href":"https:\/\/store.todsystem.com\/es\/wp-json\/wp\/v2\/product\/1014241\/revisions"}],"predecessor-version":[{"id":1017042,"href":"https:\/\/store.todsystem.com\/es\/wp-json\/wp\/v2\/product\/1014241\/revisions\/1017042"}],"wp:featuredmedia":[{"embeddable":true,"href":"https:\/\/store.todsystem.com\/es\/wp-json\/wp\/v2\/media\/1014243"}],"wp:attachment":[{"href":"https:\/\/store.todsystem.com\/es\/wp-json\/wp\/v2\/media?parent=1014241"}],"wp:term":[{"taxonomy":"pwb-brand","embeddable":true,"href":"https:\/\/store.todsystem.com\/es\/wp-json\/wp\/v2\/pwb-brand?post=1014241"},{"taxonomy":"product_brand","embeddable":true,"href":"https:\/\/store.todsystem.com\/es\/wp-json\/wp\/v2\/product_brand?post=1014241"},{"taxonomy":"product_cat","embeddable":true,"href":"https:\/\/store.todsystem.com\/es\/wp-json\/wp\/v2\/product_cat?post=1014241"},{"taxonomy":"product_tag","embeddable":true,"href":"https:\/\/store.todsystem.com\/es\/wp-json\/wp\/v2\/product_tag?post=1014241"}],"curies":[{"name":"wp","href":"https:\/\/api.w.org\/{rel}","templated":true}]}}