{"id":1014231,"date":"2024-11-05T14:19:29","date_gmt":"2024-11-05T14:19:29","guid":{"rendered":"https:\/\/store.todsystem.com\/?post_type=product&#038;p=1014231"},"modified":"2025-09-29T10:04:54","modified_gmt":"2025-09-29T10:04:54","slug":"cognex-3d-a5000","status":"publish","type":"product","link":"https:\/\/store.todsystem.com\/es\/producto\/cognex-3d-a5000\/","title":{"rendered":"COGNEX 3D-A5000\u00a0"},"content":{"rendered":"<div class=\"vgblk-rw-wrapper limit-wrapper\"><strong>Cognex 3D-A5000: Telecamera 3D per Applicazioni Industriali<\/strong><\/p>\n<p>Descubre la <strong>3D-A5000 de Cognex<\/strong>, una telecamera 3D all\u2019avanguardia per la cattura delle immagini, perfetta per le tue esigenze industriali. Questa innovativa telecamera \u00e8 progettata per garantire risultati di alta precisione e ripetibilit\u00e0, essenziali nei processi di produzione e assemblaggio. Ideale per settori come automotive, beni di consumo e logistica, il Cognex 3D-A5000 rappresenta un potente strumento per migliorare l&#8217;efficienza operativa della tua azienda.<\/p>\n<p><strong>Principales caracter\u00edsticas t\u00e9cnicas<\/strong><\/p>\n<ul>\n<li><strong>Dimensiones:<\/strong> 324 x 137 x 97 mm<\/li>\n<li><strong>Peso:<\/strong> 3,0 kg<\/li>\n<li><strong>Temperatura de funcionamiento:<\/strong> 0-40 \u00b0C (32-104 \u00b0F)<\/li>\n<li><strong>Temperatura de almacenamiento:<\/strong> -10-60 \u00b0C (14-140 \u00b0F)<\/li>\n<li><strong>Humedad de funcionamiento:<\/strong> &lt;85% (sin condensaci\u00f3n)<\/li>\n<li><strong>Protecci\u00f3n:<\/strong> Grado de protecci\u00f3n IP65<\/li>\n<li><strong>Fuerza de impacto:<\/strong> 50 gs (impulso semisenoidal de 11 ms)<\/li>\n<li><strong>Vibraci\u00f3n:<\/strong> 4 g (10-120 Hz durante 30 minutos)<\/li>\n<li><strong>Energ\u00eda:<\/strong> Tensi\u00f3n: +24 V CC (22-26 V CC); Corriente: 6,0 A m\u00e1x.<\/li>\n<li><strong>Tiempo de adquisici\u00f3n:<\/strong> 200 milisegundos<\/li>\n<li><strong>Software:<\/strong> VisionPro<\/li>\n<li><strong>Interfaz:<\/strong> 10 Gigabit Ethernet<\/li>\n<li><strong>Certificaciones:<\/strong> CE, FCC, KCC, TUV SUD NRTL, RoHS<\/li>\n<\/ul>\n<p><strong>Rendimiento superior<\/strong><\/p>\n<p>En <strong>3D-A5000 de Cognex<\/strong> offre un\u2019impressionante velocit\u00e0 di acquisizione: solo 200 millisecondi. Questo ti permette di eseguire pi\u00f9 ispezioni 3D in un intervallo di tempo ridotto. Grazie alla tecnologia 3D LightBurst, puoi acquisire immagini di nuvola di punti 3D con oltre 1,5 milioni di punti dati, producendo immagini ad alta risoluzione che ottimizzano la verifica e la misurazione. Riduci i tempi di ciclo e incrementa l&#8217;efficienza anche nelle applicazioni pi\u00f9 critiche.<\/p>\n<p><strong>Tecnologia Innovativa per la Sicurezza<\/strong><\/p>\n<p>Equipaggiato con sistemi all&#8217;avanguardia per la navigazione e il rilevamento degli ostacoli, il <strong>3D-A5000 de Cognex<\/strong> garantisce operazioni sicure anche in ambienti complessi. I suoi sensori e il celebre Strumento PatMax 3D assicurano immagini di alta qualit\u00e0 e alti standard di sicurezza, grazie alla presenza di pulsanti di emergenza e sistemi anti-collisione.<\/p>\n<p><strong>Perch\u00e9 Scegliere il Cognex 3D-A5000?<\/strong><\/p>\n<p>La sinergia tra prestazioni elevate, funzionalit\u00e0 innovative e robustezza rende il <strong>3D-A5000 de Cognex<\/strong> la scelta perfetta per le aziende che necessitano di soluzioni precise e performanti nel campo della visione industriale. Investire in questo dispositivo significa puntare su un miglioramento significativo della qualit\u00e0 e dell&#8217;efficienza nella tua produzione.<\/div>\n<p><!-- .vgblk-rw-wrapper --><\/p>","protected":false},"excerpt":{"rendered":"<p><strong>3D-A5000 de Cognex<\/strong>\u00a0es una c\u00e1mara de escaneado 3D de alta resoluci\u00f3n dise\u00f1ada para optimizar las operaciones industriales. Gracias a la tecnolog\u00eda 3D LightBurst, captura im\u00e1genes con una velocidad y precisi\u00f3n extraordinarias, mejorando la productividad en los procesos de inspecci\u00f3n de ensamblajes, medici\u00f3n de l\u00edneas y guiado rob\u00f3tico. Su dise\u00f1o robusto, con clasificaci\u00f3n IP65, la hace ideal para entornos industriales dif\u00edciles, garantizando resultados fiables incluso en condiciones desfavorables.<\/p>","protected":false},"featured_media":1014235,"template":"","meta":[],"pwb-brand":[686],"product_brand":[],"product_cat":[617],"product_tag":[],"class_list":{"0":"post-1014231","1":"product","2":"type-product","3":"status-publish","4":"has-post-thumbnail","6":"pwb-brand-cognex","7":"product_cat-camere-industriali","9":"first","10":"instock","11":"shipping-taxable","12":"product-type-simple"},"brands":[{"id":686,"name":"Cognex","slug":"cognex"}],"_links":{"self":[{"href":"https:\/\/store.todsystem.com\/es\/wp-json\/wp\/v2\/product\/1014231","targetHints":{"allow":["GET"]}}],"collection":[{"href":"https:\/\/store.todsystem.com\/es\/wp-json\/wp\/v2\/product"}],"about":[{"href":"https:\/\/store.todsystem.com\/es\/wp-json\/wp\/v2\/types\/product"}],"version-history":[{"count":4,"href":"https:\/\/store.todsystem.com\/es\/wp-json\/wp\/v2\/product\/1014231\/revisions"}],"predecessor-version":[{"id":1019093,"href":"https:\/\/store.todsystem.com\/es\/wp-json\/wp\/v2\/product\/1014231\/revisions\/1019093"}],"wp:featuredmedia":[{"embeddable":true,"href":"https:\/\/store.todsystem.com\/es\/wp-json\/wp\/v2\/media\/1014235"}],"wp:attachment":[{"href":"https:\/\/store.todsystem.com\/es\/wp-json\/wp\/v2\/media?parent=1014231"}],"wp:term":[{"taxonomy":"pwb-brand","embeddable":true,"href":"https:\/\/store.todsystem.com\/es\/wp-json\/wp\/v2\/pwb-brand?post=1014231"},{"taxonomy":"product_brand","embeddable":true,"href":"https:\/\/store.todsystem.com\/es\/wp-json\/wp\/v2\/product_brand?post=1014231"},{"taxonomy":"product_cat","embeddable":true,"href":"https:\/\/store.todsystem.com\/es\/wp-json\/wp\/v2\/product_cat?post=1014231"},{"taxonomy":"product_tag","embeddable":true,"href":"https:\/\/store.todsystem.com\/es\/wp-json\/wp\/v2\/product_tag?post=1014231"}],"curies":[{"name":"wp","href":"https:\/\/api.w.org\/{rel}","templated":true}]}}