{"id":1014223,"date":"2024-11-05T14:18:44","date_gmt":"2024-11-05T14:18:44","guid":{"rendered":"https:\/\/store.todsystem.com\/?post_type=product&#038;p=1014223"},"modified":"2025-09-29T10:04:24","modified_gmt":"2025-09-29T10:04:24","slug":"cognex-serie-l68","status":"publish","type":"product","link":"https:\/\/store.todsystem.com\/es\/producto\/cognex-serie-l68\/","title":{"rendered":"COGNEX SERIE L68"},"content":{"rendered":"<div class=\"vgblk-rw-wrapper limit-wrapper\">La serie L68 de sensores l\u00e1ser 3D de desplazamiento est\u00e1 dise\u00f1ada para garantizar un alto rendimiento en aplicaciones de inspecci\u00f3n y medici\u00f3n que requieren precisi\u00f3n y velocidad. Estos sensores combinan la triangulaci\u00f3n l\u00e1ser con la tecnolog\u00eda de imagen avanzada para generar representaciones tridimensionales precisas de las superficies, midiendo detalles como la anchura, la altura y la inclinaci\u00f3n con una precisi\u00f3n de hasta unos pocos micr\u00f3metros.<\/p>\n<p>Gracias a la tecnolog\u00eda l\u00e1ser azul integrada, que genera im\u00e1genes 3D de hasta 4000 puntos con una resoluci\u00f3n vertical inferior a 0,5 \u00b5m, la serie L68 es ideal para detectar caracter\u00edsticas complejas, superficies reflectantes y defectos m\u00e1s peque\u00f1os que los sensores 3D convencionales. Cada unidad se calibra individualmente en f\u00e1brica para corregir las distorsiones de perspectiva, las desviaciones y las no linealidades del l\u00e1ser, lo que garantiza mediciones de gran precisi\u00f3n.<\/p>\n<p>Su dise\u00f1o compacto y robusto, con protecci\u00f3n IP65, permite su instalaci\u00f3n en las condiciones industriales m\u00e1s exigentes. Con una velocidad de escaneado de hasta 40 kHz y una velocidad de procesamiento de 163 millones de puntos por segundo, estos sensores satisfacen las necesidades de productividad de las l\u00edneas modernas, mientras que la conectividad Gigabit Ethernet simplifica la integraci\u00f3n en los sistemas existentes.<\/p>\n<p><strong>Caracter\u00edsticas principales:<\/strong><\/p>\n<ul>\n<li><strong>Precisi\u00f3n avanzada<\/strong>medici\u00f3n microm\u00e9trica de longitud, anchura, altura e inclinaci\u00f3n.<\/li>\n<li><strong>Calibraci\u00f3n preestablecida<\/strong>Las unidades se calibran en f\u00e1brica para eliminar los errores de distorsi\u00f3n.<\/li>\n<li><strong>Im\u00e1genes 3D detalladas<\/strong>adquisici\u00f3n de hasta 4000 puntos para aplicaciones de alta precisi\u00f3n.<\/li>\n<li><strong>Dise\u00f1o compacto y robusto<\/strong>Protecci\u00f3n IP65, ideal para entornos industriales dif\u00edciles.<\/li>\n<li><strong>Facilidad de integraci\u00f3n<\/strong>Interfaz Gigabit Ethernet y configuraci\u00f3n plug-and-play.<\/li>\n<\/ul>\n<p><strong>Especificaciones t\u00e9cnicas:<\/strong><\/p>\n<ul>\n<li><strong>Resoluci\u00f3n<\/strong>vertical 0,9-1,4 \u00b5m; lateral 5,0-7,0 \u00b5m<\/li>\n<li><strong>Velocidad de exploraci\u00f3n<\/strong>hasta 40 kHz<\/li>\n<li><strong>Clase l\u00e1ser<\/strong>: 2 est\u00e1ndar, 3R opcional<\/li>\n<li><strong>Rango de medici\u00f3n<\/strong>20 mm<\/li>\n<li><strong>Grado de protecci\u00f3n<\/strong>IP65<\/li>\n<li><strong>Alimentaci\u00f3n<\/strong>: 24 V CC, consumo 10 W<\/li>\n<li><strong>Velocidad de adquisici\u00f3n 3D<\/strong>hasta 163 millones de puntos por segundo<\/li>\n<\/ul>\n<p>La serie L68 es una soluci\u00f3n vers\u00e1til para aplicaciones industriales de visi\u00f3n 3D, que ofrece a los fabricantes una herramienta asequible y fiable para automatizar la inspecci\u00f3n y el control de calidad en las l\u00edneas de producci\u00f3n.<\/p><\/div>\n<p><!-- .vgblk-rw-wrapper --><\/p>","protected":false},"excerpt":{"rendered":"<p>Los sensores de desplazamiento l\u00e1ser 3D de la serie L68 garantizan alta velocidad y precisi\u00f3n en aplicaciones industriales, produciendo detalladas representaciones tridimensionales para medir caracter\u00edsticas microm\u00e9tricas como longitud, altura e inclinaci\u00f3n. Con tecnolog\u00eda de triangulaci\u00f3n l\u00e1ser y un dise\u00f1o compacto IP65, estos sensores optimizan la inspecci\u00f3n, el guiado rob\u00f3tico y la medici\u00f3n incluso en entornos dif\u00edciles.<\/p>\n<h3><\/h3>","protected":false},"featured_media":1014237,"template":"","meta":[],"pwb-brand":[686],"product_brand":[],"product_cat":[617],"product_tag":[],"class_list":{"0":"post-1014223","1":"product","2":"type-product","3":"status-publish","4":"has-post-thumbnail","6":"pwb-brand-cognex","7":"product_cat-camere-industriali","9":"first","10":"instock","11":"shipping-taxable","12":"product-type-simple"},"brands":[{"id":686,"name":"Cognex","slug":"cognex"}],"_links":{"self":[{"href":"https:\/\/store.todsystem.com\/es\/wp-json\/wp\/v2\/product\/1014223","targetHints":{"allow":["GET"]}}],"collection":[{"href":"https:\/\/store.todsystem.com\/es\/wp-json\/wp\/v2\/product"}],"about":[{"href":"https:\/\/store.todsystem.com\/es\/wp-json\/wp\/v2\/types\/product"}],"version-history":[{"count":5,"href":"https:\/\/store.todsystem.com\/es\/wp-json\/wp\/v2\/product\/1014223\/revisions"}],"predecessor-version":[{"id":1019092,"href":"https:\/\/store.todsystem.com\/es\/wp-json\/wp\/v2\/product\/1014223\/revisions\/1019092"}],"wp:featuredmedia":[{"embeddable":true,"href":"https:\/\/store.todsystem.com\/es\/wp-json\/wp\/v2\/media\/1014237"}],"wp:attachment":[{"href":"https:\/\/store.todsystem.com\/es\/wp-json\/wp\/v2\/media?parent=1014223"}],"wp:term":[{"taxonomy":"pwb-brand","embeddable":true,"href":"https:\/\/store.todsystem.com\/es\/wp-json\/wp\/v2\/pwb-brand?post=1014223"},{"taxonomy":"product_brand","embeddable":true,"href":"https:\/\/store.todsystem.com\/es\/wp-json\/wp\/v2\/product_brand?post=1014223"},{"taxonomy":"product_cat","embeddable":true,"href":"https:\/\/store.todsystem.com\/es\/wp-json\/wp\/v2\/product_cat?post=1014223"},{"taxonomy":"product_tag","embeddable":true,"href":"https:\/\/store.todsystem.com\/es\/wp-json\/wp\/v2\/product_tag?post=1014223"}],"curies":[{"name":"wp","href":"https:\/\/api.w.org\/{rel}","templated":true}]}}