{"id":1014218,"date":"2024-11-05T14:09:12","date_gmt":"2024-11-05T14:09:12","guid":{"rendered":"https:\/\/store.todsystem.com\/?post_type=product&#038;p=1014218"},"modified":"2025-09-29T10:05:29","modified_gmt":"2025-09-29T10:05:29","slug":"cognex-in-sight-l38","status":"publish","type":"product","link":"https:\/\/store.todsystem.com\/es\/producto\/cognex-in-sight-l38\/","title":{"rendered":"COGNEX In-Sight L38"},"content":{"rendered":"<div class=\"vgblk-rw-wrapper limit-wrapper\"><strong>In-Sight L38<\/strong>\u00a0representa la excelencia en el campo de la visi\u00f3n artificial, combinando tecnolog\u00edas \u00f3pticas avanzadas e inteligencia artificial. Este sistema est\u00e1 dise\u00f1ado para operaciones de inspecci\u00f3n, medici\u00f3n y guiado, garantizando que cada producto supera los criterios de calidad. Es perfecto para aplicaciones que requieren una supervisi\u00f3n estricta y continua, especialmente en entornos de producci\u00f3n y l\u00edneas de montaje.<\/p>\n<p><strong>Principales caracter\u00edsticas t\u00e9cnicas<\/strong><\/p>\n<ul>\n<li><strong>Capacidad de carga:<\/strong>\u00a0No aplicable (producto de visi\u00f3n 3D)<\/li>\n<li><strong>Duraci\u00f3n de la bater\u00eda:<\/strong>\u00a0No aplicable (requiere alimentaci\u00f3n continua)<\/li>\n<li><strong>Tiempo de carga:<\/strong>\u00a0No aplicable<\/li>\n<li><strong>Velocidad m\u00e1xima de escaneado:<\/strong>\u00a0Hasta 7 kHz (hasta 10 kHz tras reducir el rango de medici\u00f3n)<\/li>\n<li><strong>Dimensiones:<\/strong>\u00a0Variable seg\u00fan la configuraci\u00f3n (150,5 x 101 x 45 mm - 250,5 x 101 x 45 mm)<\/li>\n<li><strong>Peso:<\/strong>\u00a00,94 kg o 1,28 kg seg\u00fan el modelo<\/li>\n<li><strong>Protecci\u00f3n del medio ambiente:<\/strong>\u00a0IP65, apto para funcionar en entornos hostiles<\/li>\n<\/ul>\n<p><strong>Rendimiento<\/strong><\/p>\n<p><strong>In-Sight L38<\/strong>\u00a0mejora la eficacia operativa de las inspecciones gracias a su capacidad para capturar im\u00e1genes detalladas y analizar la informaci\u00f3n de profundidad. Mediante el uso de IA avanzada, el sistema aprende y se adapta, ofreciendo una optimizaci\u00f3n constante del rendimiento. Adem\u00e1s, tambi\u00e9n puede detectar anomal\u00edas nunca vistas, garantizando as\u00ed la mejora continua de los procesos de inspecci\u00f3n.<\/p>\n<p><strong>Tecnolog\u00eda<\/strong><\/p>\n<p>El sistema incorpora una \u00f3ptica avanzada sin necesidad de iluminaci\u00f3n externa, con l\u00edneas l\u00e1ser de alta potencia que mejoran el contraste en diversas superficies. Su tecnolog\u00eda integrada de navegaci\u00f3n y visi\u00f3n, combinada con sistemas de correcci\u00f3n de errores, garantizan una detecci\u00f3n precisa y segura, reduciendo el riesgo de error humano durante las operaciones.<\/p>\n<p><strong>Conclusiones<\/strong><\/p>\n<p>Elija <strong>In-Sight L38<\/strong>\u00a0significa optar por un sistema que mejora la fiabilidad y la productividad de la inspecci\u00f3n industrial. Gracias a su r\u00e1pida y sencilla implantaci\u00f3n, este robot es una soluci\u00f3n de automatizaci\u00f3n escalable, ideal para empresas que persiguen altos est\u00e1ndares de calidad y la mejora continua de sus operaciones.<\/div>\n<p><!-- .vgblk-rw-wrapper --><\/p>","protected":false},"excerpt":{"rendered":"<p><strong>In-Sight L38<\/strong>\u00a0es un sistema de visi\u00f3n 3D de \u00faltima generaci\u00f3n dise\u00f1ado para una inspecci\u00f3n industrial fiable y detallada. Mediante la integraci\u00f3n de potentes sistemas \u00f3pticos e inteligencia artificial, el L38 proporciona im\u00e1genes 3D de alta precisi\u00f3n que permiten realizar sofisticados an\u00e1lisis de las caracter\u00edsticas de los productos. Es ideal para entornos industriales en los que son esenciales unos elevados est\u00e1ndares de calidad.<\/p>","protected":false},"featured_media":1014225,"template":"","meta":[],"pwb-brand":[686],"product_brand":[],"product_cat":[617],"product_tag":[],"class_list":{"0":"post-1014218","1":"product","2":"type-product","3":"status-publish","4":"has-post-thumbnail","6":"pwb-brand-cognex","7":"product_cat-camere-industriali","9":"first","10":"instock","11":"shipping-taxable","12":"product-type-simple"},"brands":[{"id":686,"name":"Cognex","slug":"cognex"}],"_links":{"self":[{"href":"https:\/\/store.todsystem.com\/es\/wp-json\/wp\/v2\/product\/1014218","targetHints":{"allow":["GET"]}}],"collection":[{"href":"https:\/\/store.todsystem.com\/es\/wp-json\/wp\/v2\/product"}],"about":[{"href":"https:\/\/store.todsystem.com\/es\/wp-json\/wp\/v2\/types\/product"}],"version-history":[{"count":4,"href":"https:\/\/store.todsystem.com\/es\/wp-json\/wp\/v2\/product\/1014218\/revisions"}],"predecessor-version":[{"id":1019095,"href":"https:\/\/store.todsystem.com\/es\/wp-json\/wp\/v2\/product\/1014218\/revisions\/1019095"}],"wp:featuredmedia":[{"embeddable":true,"href":"https:\/\/store.todsystem.com\/es\/wp-json\/wp\/v2\/media\/1014225"}],"wp:attachment":[{"href":"https:\/\/store.todsystem.com\/es\/wp-json\/wp\/v2\/media?parent=1014218"}],"wp:term":[{"taxonomy":"pwb-brand","embeddable":true,"href":"https:\/\/store.todsystem.com\/es\/wp-json\/wp\/v2\/pwb-brand?post=1014218"},{"taxonomy":"product_brand","embeddable":true,"href":"https:\/\/store.todsystem.com\/es\/wp-json\/wp\/v2\/product_brand?post=1014218"},{"taxonomy":"product_cat","embeddable":true,"href":"https:\/\/store.todsystem.com\/es\/wp-json\/wp\/v2\/product_cat?post=1014218"},{"taxonomy":"product_tag","embeddable":true,"href":"https:\/\/store.todsystem.com\/es\/wp-json\/wp\/v2\/product_tag?post=1014218"}],"curies":[{"name":"wp","href":"https:\/\/api.w.org\/{rel}","templated":true}]}}