{"id":1014211,"date":"2024-11-05T14:02:38","date_gmt":"2024-11-05T14:02:38","guid":{"rendered":"https:\/\/store.todsystem.com\/?post_type=product&#038;p=1014211"},"modified":"2025-09-29T10:06:17","modified_gmt":"2025-09-29T10:06:17","slug":"cognex-in-sight-8000","status":"publish","type":"product","link":"https:\/\/store.todsystem.com\/es\/producto\/cognex-in-sight-8000\/","title":{"rendered":"COGNEX In-Sight 8000"},"content":{"rendered":"<div class=\"vgblk-rw-wrapper limit-wrapper\">La serie <strong>In-Sight 8000<\/strong> es una familia de sistemas de visi\u00f3n industrial compactos y aut\u00f3nomos dise\u00f1ados para aplicaciones de inspecci\u00f3n de alta precisi\u00f3n y control de calidad. Con unas dimensiones tan reducidas como 35 mm x 32 mm x 76 mm, estos sistemas ofrecen una soluci\u00f3n vers\u00e1til para l\u00edneas de producci\u00f3n de alta densidad y espacio limitado. Equipados con alimentaci\u00f3n a trav\u00e9s de Ethernet (PoE) y comunicaci\u00f3n Gigabit Ethernet, ofrecen una conectividad r\u00e1pida y fiable, ideal para entornos industriales exigentes. Los modelos var\u00edan en cuanto a resoluci\u00f3n y velocidad de captura, adapt\u00e1ndose perfectamente a una serie de requisitos de visualizaci\u00f3n en blanco y negro o en color.<\/p>\n<p><strong>Especificaciones t\u00e9cnicas<\/strong><\/p>\n<ul>\n<li><strong>Dimensiones<\/strong>: 35 mm x 32 mm x 76 mm (varios modelos)<\/li>\n<li><strong>Peso<\/strong>De 78 g a 192 g seg\u00fan el modelo<\/li>\n<li><strong>Tipo de imagen<\/strong>: Modelos disponibles en blanco y negro y en color<\/li>\n<li><strong>Resoluci\u00f3n<\/strong>Hasta 5 MP (2592 x 1944)<\/li>\n<li><strong>Tipo de sensor<\/strong>CMOS con obturador global o giratorio, seg\u00fan el modelo<\/li>\n<li><strong>Alimentaci\u00f3n<\/strong>Alimentaci\u00f3n a trav\u00e9s de Ethernet (PoE) de clase 2 \u00f3 3, seg\u00fan el modelo<\/li>\n<li><strong>Velocidad de la red<\/strong>10\/1000\/1000 Mbps (Gigabit)<\/li>\n<\/ul>\n<p><strong>Rendimiento de la visi\u00f3n<\/strong><\/p>\n<ul>\n<li><strong>Tasa de adquisici\u00f3n<\/strong>Hasta 217 fps en blanco y negro y 135 fps en color, seg\u00fan la resoluci\u00f3n.<\/li>\n<li><strong>Compatible con HDR<\/strong>Disponible en algunos modelos en blanco y negro.<\/li>\n<li><strong>Tipo de lente<\/strong>Montura C, para integrar f\u00e1cilmente objetivos personalizados.<\/li>\n<\/ul>\n<p><strong>Caracter\u00edsticas distintivas<\/strong><\/p>\n<ul>\n<li><strong>Instalaci\u00f3n flexible<\/strong>Puede montarse en \u00e1ngulos de hasta 45 grados utilizando herramientas de calibraci\u00f3n no lineal.<\/li>\n<li><strong>Facilidad de uso<\/strong>Configuraci\u00f3n intuitiva mediante el software In-Sight Explorer, que ofrece tanto el modo guiado como opciones avanzadas a trav\u00e9s de hojas de c\u00e1lculo.<\/li>\n<li><strong>Herramientas avanzadas<\/strong>Incluye funciones como TestRun para la validaci\u00f3n y Cognex Connect para la comunicaci\u00f3n y la supervisi\u00f3n de la producci\u00f3n.<\/li>\n<li><strong>E\/S integradas<\/strong>Caracter\u00edsticas: Entradas y salidas de alta velocidad, incluidos disparadores dedicados y posibilidad de ampliaci\u00f3n mediante m\u00f3dulos externos.<\/li>\n<\/ul>\n<p><strong>Aplicaciones<\/strong><\/p>\n<p>Los sistemas In-Sight 8000 est\u00e1n dise\u00f1ados para:<\/p>\n<ul>\n<li>Inspecci\u00f3n y control de calidad: detecci\u00f3n de defectos superficiales y dimensiones incorrectas en los componentes.<\/li>\n<li>Mediciones geom\u00e9tricas: an\u00e1lisis preciso de formas y posiciones.<\/li>\n<li>Guiado de sistemas automatizados y robots: alineaci\u00f3n y montaje de componentes de alta precisi\u00f3n.<\/li>\n<li>Lectura de caracteres alfanum\u00e9ricos y c\u00f3digos: control de calidad y trazabilidad de los productos.<\/li>\n<\/ul>\n<p><strong>Accesorios y garant\u00eda<\/strong><\/p>\n<ul>\n<li><strong>Protocolos industriales compatibles<\/strong>OPC UA, Ethernet\/IP, PROFINET Clase B, Modbus TCP y otros, lo que garantiza la compatibilidad con una amplia gama de sistemas.<\/li>\n<li><strong>Garant\u00eda<\/strong>Asistencia de mantenimiento y actualizaciones incluidas durante un a\u00f1o.<\/li>\n<\/ul>\n<\/div>\n<p><!-- .vgblk-rw-wrapper --><\/p>","protected":false},"excerpt":{"rendered":"<p>Los sistemas de visi\u00f3n de la serie In-Sight 8000 proporcionan una soluci\u00f3n de vanguardia para la inspecci\u00f3n industrial y el control de calidad, con un dise\u00f1o ultracompacto que facilita la integraci\u00f3n en espacios reducidos. Estos sistemas aut\u00f3nomos combinan un alto rendimiento con una versatilidad inigualable, lo que los hace ideales para una gran variedad de aplicaciones industriales.<\/p>","protected":false},"featured_media":1014219,"template":"","meta":[],"pwb-brand":[686],"product_brand":[],"product_cat":[617],"product_tag":[],"class_list":{"0":"post-1014211","1":"product","2":"type-product","3":"status-publish","4":"has-post-thumbnail","6":"pwb-brand-cognex","7":"product_cat-camere-industriali","9":"first","10":"instock","11":"shipping-taxable","12":"product-type-simple"},"brands":[{"id":686,"name":"Cognex","slug":"cognex"}],"_links":{"self":[{"href":"https:\/\/store.todsystem.com\/es\/wp-json\/wp\/v2\/product\/1014211","targetHints":{"allow":["GET"]}}],"collection":[{"href":"https:\/\/store.todsystem.com\/es\/wp-json\/wp\/v2\/product"}],"about":[{"href":"https:\/\/store.todsystem.com\/es\/wp-json\/wp\/v2\/types\/product"}],"version-history":[{"count":4,"href":"https:\/\/store.todsystem.com\/es\/wp-json\/wp\/v2\/product\/1014211\/revisions"}],"predecessor-version":[{"id":1019097,"href":"https:\/\/store.todsystem.com\/es\/wp-json\/wp\/v2\/product\/1014211\/revisions\/1019097"}],"wp:featuredmedia":[{"embeddable":true,"href":"https:\/\/store.todsystem.com\/es\/wp-json\/wp\/v2\/media\/1014219"}],"wp:attachment":[{"href":"https:\/\/store.todsystem.com\/es\/wp-json\/wp\/v2\/media?parent=1014211"}],"wp:term":[{"taxonomy":"pwb-brand","embeddable":true,"href":"https:\/\/store.todsystem.com\/es\/wp-json\/wp\/v2\/pwb-brand?post=1014211"},{"taxonomy":"product_brand","embeddable":true,"href":"https:\/\/store.todsystem.com\/es\/wp-json\/wp\/v2\/product_brand?post=1014211"},{"taxonomy":"product_cat","embeddable":true,"href":"https:\/\/store.todsystem.com\/es\/wp-json\/wp\/v2\/product_cat?post=1014211"},{"taxonomy":"product_tag","embeddable":true,"href":"https:\/\/store.todsystem.com\/es\/wp-json\/wp\/v2\/product_tag?post=1014211"}],"curies":[{"name":"wp","href":"https:\/\/api.w.org\/{rel}","templated":true}]}}