{"id":1014199,"date":"2024-11-05T13:51:35","date_gmt":"2024-11-05T13:51:35","guid":{"rendered":"https:\/\/store.todsystem.com\/?post_type=product&#038;p=1014199"},"modified":"2025-09-29T10:02:17","modified_gmt":"2025-09-29T10:02:17","slug":"cognex-in-sight-2800","status":"publish","type":"product","link":"https:\/\/store.todsystem.com\/es\/producto\/cognex-in-sight-2800\/","title":{"rendered":"COGNEX In-Sight 2800 Sistema di visione"},"content":{"rendered":"<div class=\"vgblk-rw-wrapper limit-wrapper\">El sistema de visi\u00f3n<strong> In-Sight 2800<\/strong> combina l\u2019intelligenza artificiale (IA) e gli strumenti di visione tradizionali basati su regole, offrendo una soluzione versatile e semplice da implementare per applicazioni di automazione. Progettato per migliorare la qualit\u00e0 dei prodotti e ottimizzare l\u2019efficienza operativa, In-Sight 2800 \u00e8 adatto a diverse applicazioni, dalla classificazione dei componenti al controllo della qualit\u00e0.<\/p>\n<p><strong>Versiones disponibles<\/strong><\/p>\n<ul>\n<li><strong>In-Sight 2800<\/strong><\/li>\n<li><strong>In-Sight 2801<\/strong><\/li>\n<li><strong>In-Sight 2802<\/strong><\/li>\n<\/ul>\n<p><strong>Caracter\u00edsticas principales<\/strong><\/p>\n<ul>\n<li><strong>Profondit\u00e0 di Colore<\/strong>: Monocromatico e a colori<\/li>\n<li><strong>Sensore d\u2019Immagine<\/strong>: 1\/2,8&#8243; CMOS, diagonale 6,17 mm, pixel da 2,8 \u00b5m<\/li>\n<li><strong>Risoluzione Immagini<\/strong>:\n<ul>\n<li>In-Sight 2800: SVGA (720&#215;540)<\/li>\n<li>In-Sight 2801: 1.6 MP (1440&#215;1080)<\/li>\n<li>In-Sight 2802: 2 MP (1920&#215;1080)<\/li>\n<\/ul>\n<\/li>\n<li><strong>Velocit\u00e0 di Acquisizione<\/strong>: fino a 45 Hz<\/li>\n<li><strong>Illuminazione Integrata<\/strong>: Multi-Torcia con LED RGBW ad alta potenza, ottimizzata per diverse condizioni di illuminazione<\/li>\n<li><strong>Tecnologia High Dynamic Range (HDR)<\/strong>: Aumenta la qualit\u00e0 e il contrasto delle immagini per rilevare difetti impercettibili<\/li>\n<li><strong>Opzioni di Lenti<\/strong>:\n<ul>\n<li>Multi-Torcia: 8, 12, 16 mm con messa a fuoco manuale o lente liquida ad alta velocit\u00e0<\/li>\n<li>Mini: 6,2 mm (focalizzazione rapida) o 16 mm<\/li>\n<\/ul>\n<\/li>\n<li><strong>Interfaccia Utente<\/strong>:\n<ul>\n<li>Ambiente di sviluppo EasyBuilder per configurazioni intuitive e veloci<\/li>\n<li>Foglio di calcolo (solo per In-Sight 2802) per applicazioni avanzate e personalizzate<\/li>\n<\/ul>\n<\/li>\n<li><strong>Comunicaciones<\/strong>: Ethernet con supporto per TCP\/IP, PROFINET, EtherNet\/IP, SLMP, OPC\/UA, FTP<\/li>\n<li><strong>Protecci\u00f3n<\/strong>: IP67, resistente a polvere e liquidi<\/li>\n<li><strong>Alimentaci\u00f3n<\/strong>: 24 V \u00b110%, consumo massimo \u22647,5 W<\/li>\n<li><strong>Material<\/strong>: ABS, acrilico, lega di alluminio, zinco, acciaio inossidabile<\/li>\n<li><strong>Peso<\/strong>: da 141 g (6,2 mm) a 290 g (Multi-Torcia)<\/li>\n<\/ul>\n<p><strong>Aplicaciones<\/strong><\/p>\n<p>Il sistema di visione In-Sight 2800 \u00e8 ideale per numerose applicazioni di controllo qualit\u00e0, tra cui:<\/p>\n<ul>\n<li><strong>Settore Automotive<\/strong>: Ispezione di guarnizioni, verifica dei cuscinetti e inserimento dei connettori.<\/li>\n<li><strong>Beni di Consumo<\/strong>: Classificazione di profumi, controllo della presenza di etichette e chiusura dei deodoranti.<\/li>\n<li><strong>Elettronica<\/strong>: Ispezione di componenti su circuiti stampati.<\/li>\n<li><strong>Agroalimentare<\/strong>: Verifica dei sigilli delle bottiglie e lettura di date di scadenza su superfici curve.<\/li>\n<li><strong>Farmaceutica<\/strong>: Controllo qualit\u00e0 blister e lettura di codici su etichette di vaccini per assicurare conformit\u00e0 normativa.<\/li>\n<\/ul>\n<p><strong>Conclusiones<\/strong><\/p>\n<p>Il sistema In-Sight 2800 della Cognex \u00e8 una soluzione di visione affidabile e versatile per l&#8217;automazione della qualit\u00e0 e della tracciabilit\u00e0. Grazie alla sua modularit\u00e0, agli algoritmi basati su intelligenza artificiale e alla facilit\u00e0 d&#8217;uso dell\u2019interfaccia EasyBuilder, si adatta a una vasta gamma di applicazioni, rendendolo uno strumento potente e intuitivo per produttori di ogni settore.<\/p>\n<p>&nbsp;<\/p><\/div>\n<p><!-- .vgblk-rw-wrapper --><\/p>","protected":false},"excerpt":{"rendered":"<p>Il sistema di visione In-Sight 2800 combina intelligenza artificiale e strumenti di visione tradizionali per automatizzare con precisione i controlli qualit\u00e0. Perfetto per rilevare difetti, leggere testi e classificare oggetti, si adatta facilmente a diverse esigenze produttive grazie alla configurazione modulare e all\u2019interfaccia intuitiva EasyBuilder. Le lenti multi-Torcia con illuminazione integrata assicurano un\u2019analisi chiara e affidabile, offrendo alle aziende una soluzione potente, flessibile e accessibile per ottimizzare le linee di produzione.<\/p>","protected":false},"featured_media":1014222,"template":"","meta":[],"pwb-brand":[686],"product_brand":[],"product_cat":[617],"product_tag":[],"class_list":{"0":"post-1014199","1":"product","2":"type-product","3":"status-publish","4":"has-post-thumbnail","6":"pwb-brand-cognex","7":"product_cat-camere-industriali","9":"first","10":"instock","11":"shipping-taxable","12":"product-type-simple"},"brands":[{"id":686,"name":"Cognex","slug":"cognex"}],"_links":{"self":[{"href":"https:\/\/store.todsystem.com\/es\/wp-json\/wp\/v2\/product\/1014199","targetHints":{"allow":["GET"]}}],"collection":[{"href":"https:\/\/store.todsystem.com\/es\/wp-json\/wp\/v2\/product"}],"about":[{"href":"https:\/\/store.todsystem.com\/es\/wp-json\/wp\/v2\/types\/product"}],"version-history":[{"count":9,"href":"https:\/\/store.todsystem.com\/es\/wp-json\/wp\/v2\/product\/1014199\/revisions"}],"predecessor-version":[{"id":1019090,"href":"https:\/\/store.todsystem.com\/es\/wp-json\/wp\/v2\/product\/1014199\/revisions\/1019090"}],"wp:featuredmedia":[{"embeddable":true,"href":"https:\/\/store.todsystem.com\/es\/wp-json\/wp\/v2\/media\/1014222"}],"wp:attachment":[{"href":"https:\/\/store.todsystem.com\/es\/wp-json\/wp\/v2\/media?parent=1014199"}],"wp:term":[{"taxonomy":"pwb-brand","embeddable":true,"href":"https:\/\/store.todsystem.com\/es\/wp-json\/wp\/v2\/pwb-brand?post=1014199"},{"taxonomy":"product_brand","embeddable":true,"href":"https:\/\/store.todsystem.com\/es\/wp-json\/wp\/v2\/product_brand?post=1014199"},{"taxonomy":"product_cat","embeddable":true,"href":"https:\/\/store.todsystem.com\/es\/wp-json\/wp\/v2\/product_cat?post=1014199"},{"taxonomy":"product_tag","embeddable":true,"href":"https:\/\/store.todsystem.com\/es\/wp-json\/wp\/v2\/product_tag?post=1014199"}],"curies":[{"name":"wp","href":"https:\/\/api.w.org\/{rel}","templated":true}]}}