{"id":1014198,"date":"2024-11-05T13:53:13","date_gmt":"2024-11-05T13:53:13","guid":{"rendered":"https:\/\/store.todsystem.com\/?post_type=product&#038;p=1014198"},"modified":"2025-09-29T10:07:17","modified_gmt":"2025-09-29T10:07:17","slug":"cognex-in-sight-snapp","status":"publish","type":"product","link":"https:\/\/store.todsystem.com\/es\/producto\/cognex-in-sight-snapp\/","title":{"rendered":"COGNEX In-Sight SnAPP"},"content":{"rendered":"<div class=\"vgblk-rw-wrapper limit-wrapper\">El sensor <em>In-Sight SnAPP<\/em> es una soluci\u00f3n avanzada y vers\u00e1til para automatizar tareas de detecci\u00f3n y control de calidad en entornos industriales. Mediante inteligencia artificial preentrenada y an\u00e1lisis basados en im\u00e1genes, es capaz de gestionar tareas complejas como la detecci\u00f3n de anomal\u00edas, la reducci\u00f3n de falsos positivos\/negativos y la identificaci\u00f3n de caracter\u00edsticas o piezas en distintas posiciones. Estos sensores son ideales para mejorar la calidad de los productos y optimizar el rendimiento de las m\u00e1quinas.<\/p>\n<p>El sistema tambi\u00e9n ofrece una configuraci\u00f3n r\u00e1pida e intuitiva a trav\u00e9s de una interfaz web, lo que elimina la necesidad de instalar software espec\u00edfico. El dispositivo puede conectarse y gestionarse a distancia, lo que facilita la instalaci\u00f3n incluso a usuarios no expertos y permite adaptar f\u00e1cilmente nuevas aplicaciones de producci\u00f3n sin tener que sustituir el hardware. La flexibilidad del sensor permite sustituir varios instrumentos de detecci\u00f3n, como fotoc\u00e9lulas o sensores l\u00e1ser, por una \u00fanica soluci\u00f3n de visi\u00f3n avanzada, lo que facilita la integraci\u00f3n y el mantenimiento predictivo.<\/p>\n<p>Especificaciones t\u00e9cnicas principales:<\/p>\n<ul>\n<li><strong>Peso<\/strong>141 g (objetivo de 6,2 mm); 169 g (objetivo de 16 mm); 50 g m\u00e1s para la configuraci\u00f3n en \u00e1ngulo recto<\/li>\n<li><strong>Alimentaci\u00f3n<\/strong>: 24 V CC \u00b110%, o USB 5V (consumo \u22647,5W)<\/li>\n<li><strong>Temperatura de funcionamiento<\/strong>0 a 40 \u00b0C; clase IP67 de resistencia al polvo y al agua<\/li>\n<li><strong>Capacidad de almacenamiento<\/strong>admite hasta 20 aplicaciones diferentes<\/li>\n<li><strong>Resoluci\u00f3n y sensor de imagen<\/strong>: CMOS de 1\/2,8\u2033 con p\u00edxeles de 2,8 \u03bcm, resoluci\u00f3n de 1440 x 1080 (1,6 MP)<\/li>\n<li><strong>Conectividad<\/strong>Ethernet 10\/100\/1000 full\/half d\u00faplex para una conexi\u00f3n r\u00e1pida y estable<\/li>\n<\/ul>\n<p>In-Sight SnAPP se presta a ampliar las posibilidades de automatizaci\u00f3n en el control de calidad, contribuyendo a la eficacia de la l\u00ednea de producci\u00f3n y minimizando los errores manuales.<\/p><\/div>\n<p><!-- .vgblk-rw-wrapper --><\/p>","protected":false},"excerpt":{"rendered":"<p>Il sensore di visione In-Sight SnAPP di Cognex automatizza rapidamente il controllo qualit\u00e0 e supporta i processi produttivi senza richiedere competenze tecniche. Sfruttando l&#8217;IA pre-addestrata e l&#8217;interfaccia utente intuitiva, \u00e8 in grado di gestire varie applicazioni di ispezione, migliorando la precisione e riducendo errori grazie alla rilevazione accurata e alla gestione delle variazioni.<\/p>\n<h3><\/h3>","protected":false},"featured_media":1014217,"template":"","meta":[],"pwb-brand":[686],"product_brand":[],"product_cat":[617],"product_tag":[],"class_list":{"0":"post-1014198","1":"product","2":"type-product","3":"status-publish","4":"has-post-thumbnail","6":"pwb-brand-cognex","7":"product_cat-camere-industriali","9":"first","10":"instock","11":"shipping-taxable","12":"product-type-simple"},"brands":[{"id":686,"name":"Cognex","slug":"cognex"}],"_links":{"self":[{"href":"https:\/\/store.todsystem.com\/es\/wp-json\/wp\/v2\/product\/1014198","targetHints":{"allow":["GET"]}}],"collection":[{"href":"https:\/\/store.todsystem.com\/es\/wp-json\/wp\/v2\/product"}],"about":[{"href":"https:\/\/store.todsystem.com\/es\/wp-json\/wp\/v2\/types\/product"}],"version-history":[{"count":6,"href":"https:\/\/store.todsystem.com\/es\/wp-json\/wp\/v2\/product\/1014198\/revisions"}],"predecessor-version":[{"id":1017047,"href":"https:\/\/store.todsystem.com\/es\/wp-json\/wp\/v2\/product\/1014198\/revisions\/1017047"}],"wp:featuredmedia":[{"embeddable":true,"href":"https:\/\/store.todsystem.com\/es\/wp-json\/wp\/v2\/media\/1014217"}],"wp:attachment":[{"href":"https:\/\/store.todsystem.com\/es\/wp-json\/wp\/v2\/media?parent=1014198"}],"wp:term":[{"taxonomy":"pwb-brand","embeddable":true,"href":"https:\/\/store.todsystem.com\/es\/wp-json\/wp\/v2\/pwb-brand?post=1014198"},{"taxonomy":"product_brand","embeddable":true,"href":"https:\/\/store.todsystem.com\/es\/wp-json\/wp\/v2\/product_brand?post=1014198"},{"taxonomy":"product_cat","embeddable":true,"href":"https:\/\/store.todsystem.com\/es\/wp-json\/wp\/v2\/product_cat?post=1014198"},{"taxonomy":"product_tag","embeddable":true,"href":"https:\/\/store.todsystem.com\/es\/wp-json\/wp\/v2\/product_tag?post=1014198"}],"curies":[{"name":"wp","href":"https:\/\/api.w.org\/{rel}","templated":true}]}}