{"id":1014162,"date":"2024-11-05T10:38:34","date_gmt":"2024-11-05T10:38:34","guid":{"rendered":"https:\/\/store.todsystem.com\/?post_type=product&#038;p=1014162"},"modified":"2025-09-29T10:07:04","modified_gmt":"2025-09-29T10:07:04","slug":"cognex-in-sight-3800","status":"publish","type":"product","link":"https:\/\/store.todsystem.com\/es\/producto\/cognex-in-sight-3800\/","title":{"rendered":"COGNEX In-Sight 3800"},"content":{"rendered":"<div class=\"vgblk-rw-wrapper limit-wrapper\">El sistema de visi\u00f3n multifuncional COGNEX In-Sight 3800 satisface todas las necesidades de visi\u00f3n artificial. Caracterizado por su alta velocidad, alta resoluci\u00f3n y flexibilidad, este avanzado sistema ofrece soluciones potentes y f\u00e1ciles de usar para inspecciones automatizadas.<\/p>\n<p><strong>Especificaciones t\u00e9cnicas<\/strong><\/p>\n<p><strong>Modelos disponibles:<\/strong><br \/>\nIS3801M, IS3801C, IS3803M, IS3803C, IS3805M, IS3805C, IS3808M, IS3808C, IS3812M, IS3812C, IS3816M, IS3816C<\/p>\n<p><strong>Profundidad de color:<\/strong><br \/>\nMonocromo: 8 bits<br \/>\nEn color: 24 bits<\/p>\n<p><strong>Resoluci\u00f3n m\u00e1xima de la imagen (p\u00edxeles):<\/strong><\/p>\n<ul>\n<li>IS3801M: 1440 x 1080<\/li>\n<li>IS3801C: 2048 x 1536<\/li>\n<li>IS3803M: 2048 x 1536<\/li>\n<li>IS3803C: 2048 x 1536<\/li>\n<li>IS3805M: 2592 x 1944<\/li>\n<li>IS3805C: 2592 x 1944<\/li>\n<li>IS3808M: 3264 x 2448<\/li>\n<li>IS3808C: 3264 x 2448<\/li>\n<li>IS3812M: 4096 x 3000<\/li>\n<li>IS3812C: 4096 x 3000<\/li>\n<li>IS3816M: 5320 x 3032<\/li>\n<li>IS3816C: 5320 x 3032<\/li>\n<\/ul>\n<p><strong>Velocidad de adquisici\u00f3n (fps):<\/strong><\/p>\n<ul>\n<li>IS3801M: hasta 125 fps<\/li>\n<li>IS3801C: hasta 56 fps<\/li>\n<li>IS3803M: hasta 65 fps<\/li>\n<li>IS3803C: hasta 30 fps<\/li>\n<li>IS3805M: hasta 30 fps<\/li>\n<li>IS3805C: hasta 10 fps<\/li>\n<li>IS3808M: hasta 12 fps<\/li>\n<li>IS3808C: hasta 5 fps<\/li>\n<li>IS3812M: hasta 5 fps<\/li>\n<li>IS3812C: hasta 2 fps<\/li>\n<li>IS3816M: hasta 2 fps<\/li>\n<li>IS3816C: hasta 0,5 fps<\/li>\n<\/ul>\n<p><strong>Sensor de imagen:<\/strong><br \/>\nTipo: obturador global CMOS<br \/>\nFormato: de 1\/2,3 pulgadas a 1,1 pulgadas<\/p>\n<p><strong>Velocidad de obturaci\u00f3n electr\u00f3nica:<\/strong><br \/>\nDe 19,1 microsegundos a 200.000 microsegundos (seg\u00fan el modelo)<\/p>\n<p><strong>Memoria interna:<\/strong><\/p>\n<ul>\n<li>Memoria flash: 7,2 GB (no vol\u00e1til)<\/li>\n<li>SDRAM: 512 MB<\/li>\n<\/ul>\n<p><strong>Conectividad:<\/strong><\/p>\n<ul>\n<li>Puertos: 2 x Ethernet 10\/100\/1000 BaseT, 1 x USB-C<\/li>\n<li>Protocolos compatibles: TCP\/IP, PROFINET, EtherNet\/IP, ModbusTCP<\/li>\n<\/ul>\n<p><strong>Fuente de alimentaci\u00f3n:<\/strong><\/p>\n<ul>\n<li>Tensi\u00f3n: 24 VDC \u00b110%<\/li>\n<li>Corriente m\u00e1xima: 2,0 A<\/li>\n<li>Potencia de salida: 24 V CC a 1,0 A<\/li>\n<\/ul>\n<p><strong>Estructura del dispositivo:<\/strong><br \/>\nMaterial: zinc fundido a presi\u00f3n pintado<br \/>\nFijaci\u00f3n: 4 orificios roscados M3<\/p>\n<p><strong>Peso:<\/strong><\/p>\n<ul>\n<li>Sin accesorios: 570 g<\/li>\n<li>Con iluminaci\u00f3n y objetivos de alta velocidad: hasta 970 g<\/li>\n<\/ul>\n<p><strong>Condiciones operativas:<\/strong><\/p>\n<ul>\n<li>Temperatura de funcionamiento: de 0 \u00b0C a 40 \u00b0C<\/li>\n<li>Temperatura de almacenamiento: de -20 \u00b0C a 80 \u00b0C<\/li>\n<li>Humedad relativa: &lt; 95% (sin condensaci\u00f3n)<\/li>\n<\/ul>\n<p><strong>Cumplimiento de la normativa:<\/strong><br \/>\nCE, FCC, KCC, T\u00dcV S\u00dcD NRTL, EU RoHS, China RoHS<\/p>\n<p><strong>Caracter\u00edsticas principales<\/strong><\/p>\n<ul>\n<li><strong>Rendimiento superior:<\/strong> Con el doble de potencia de procesamiento que los modelos anteriores, la In-Sight 3800 est\u00e1 dise\u00f1ada para optimizar la productividad adapt\u00e1ndose a velocidades de l\u00ednea m\u00e1s altas. Su capacidad para generar im\u00e1genes de alta resoluci\u00f3n y alto contraste permite detectar incluso los defectos m\u00e1s peque\u00f1os.<\/li>\n<li><strong>Automatizaci\u00f3n inteligente:<\/strong> Incluye innovadoras herramientas de aprendizaje de bordes, accesibles para todos, que simplifican la automatizaci\u00f3n mediante una formaci\u00f3n intuitiva basada en ejemplos. Esto permite una amplia gama de aplicaciones, desde la detecci\u00f3n de defectos hasta la lectura de caracteres.<\/li>\n<li><strong>Herramientas basadas en reglas:<\/strong> Adem\u00e1s de las herramientas de aprendizaje de bordes, el sistema ofrece un completo conjunto de herramientas basadas en reglas para medici\u00f3n, recuento, lectura de c\u00f3digos y operaciones l\u00f3gicas, que proporcionan flexibilidad y precisi\u00f3n en las inspecciones.<\/li>\n<li><strong>Iluminaci\u00f3n avanzada:<\/strong> La iluminaci\u00f3n multicolor y HDR+ mejoran la generaci\u00f3n de im\u00e1genes, aumentando la calidad de la inspecci\u00f3n y reduciendo los tiempos de exposici\u00f3n, adapt\u00e1ndose a las distintas condiciones de funcionamiento.<\/li>\n<li><strong>Interfaces de desarrollo:<\/strong> El software In-Sight Vision Suite ofrece dos entornos de desarrollo: EasyBuilder para configuraciones sencillas y Spreadsheet para aplicaciones avanzadas. Esta versatilidad permite a los usuarios adaptar las soluciones en funci\u00f3n de la evoluci\u00f3n de sus necesidades.<\/li>\n<\/ul>\n<p><strong>Aplicaciones<\/strong><\/p>\n<p>El In-Sight 3800 es ideal para una amplia gama de aplicaciones industriales, entre las que se incluyen:<\/p>\n<ul>\n<li><strong>Autom\u00f3vil:<\/strong> Inspecci\u00f3n de carcasas de bater\u00edas de veh\u00edculos el\u00e9ctricos, detecci\u00f3n de defectos en neum\u00e1ticos y control de calidad de componentes.<\/li>\n<li><strong>Bienes de consumo:<\/strong> Lectura de c\u00f3digos de lote en etiquetas e inspecci\u00f3n de productos envasados.<\/li>\n<li><strong>Componentes electr\u00f3nicos:<\/strong> Recuento de clavijas e inspecci\u00f3n del conjunto de tel\u00e9fonos inteligentes.<\/li>\n<li><strong>Sector alimentario:<\/strong> Control de calidad y verificaci\u00f3n de la conformidad.<\/li>\n<\/ul>\n<p><strong>Conclusiones<\/strong><\/p>\n<p>La COGNEX In-Sight 3800 rappresenta una soluzione versatile e potente per le esigenze di ispezione automatizzata in ambienti industriali. Con la sua tecnologia avanzata, capacit\u00e0 di elaborazione e strumenti intuitivi, consente alle aziende di ottimizzare la produttivit\u00e0 e migliorare la qualit\u00e0 dei prodotti.<\/p><\/div>\n<p><!-- .vgblk-rw-wrapper --><\/p>","protected":false},"excerpt":{"rendered":"<p>El sistema de visi\u00f3n <strong>In-Sight 3800<\/strong> de Cognex est\u00e1 dise\u00f1ado para ofrecer alta velocidad y precisi\u00f3n en aplicaciones de inspecci\u00f3n automatizada. Con una avanzada combinaci\u00f3n de herramientas de visi\u00f3n tradicionales y algoritmos de inteligencia artificial, In-Sight 3800 permite un control de calidad r\u00e1pido y fiable, adapt\u00e1ndose a diversas necesidades industriales, desde la inspecci\u00f3n de piezas hasta la lectura de c\u00f3digos. Gracias a la interfaz EasyBuilder, la instalaci\u00f3n y configuraci\u00f3n son intuitivas, lo que permite una r\u00e1pida integraci\u00f3n en l\u00edneas de producci\u00f3n complejas.<\/p>","protected":false},"featured_media":1014166,"template":"","meta":[],"pwb-brand":[686],"product_brand":[],"product_cat":[617],"product_tag":[],"class_list":{"0":"post-1014162","1":"product","2":"type-product","3":"status-publish","4":"has-post-thumbnail","6":"pwb-brand-cognex","7":"product_cat-camere-industriali","9":"first","10":"instock","11":"shipping-taxable","12":"product-type-simple"},"brands":[{"id":686,"name":"Cognex","slug":"cognex"}],"_links":{"self":[{"href":"https:\/\/store.todsystem.com\/es\/wp-json\/wp\/v2\/product\/1014162","targetHints":{"allow":["GET"]}}],"collection":[{"href":"https:\/\/store.todsystem.com\/es\/wp-json\/wp\/v2\/product"}],"about":[{"href":"https:\/\/store.todsystem.com\/es\/wp-json\/wp\/v2\/types\/product"}],"version-history":[{"count":5,"href":"https:\/\/store.todsystem.com\/es\/wp-json\/wp\/v2\/product\/1014162\/revisions"}],"predecessor-version":[{"id":1019099,"href":"https:\/\/store.todsystem.com\/es\/wp-json\/wp\/v2\/product\/1014162\/revisions\/1019099"}],"wp:featuredmedia":[{"embeddable":true,"href":"https:\/\/store.todsystem.com\/es\/wp-json\/wp\/v2\/media\/1014166"}],"wp:attachment":[{"href":"https:\/\/store.todsystem.com\/es\/wp-json\/wp\/v2\/media?parent=1014162"}],"wp:term":[{"taxonomy":"pwb-brand","embeddable":true,"href":"https:\/\/store.todsystem.com\/es\/wp-json\/wp\/v2\/pwb-brand?post=1014162"},{"taxonomy":"product_brand","embeddable":true,"href":"https:\/\/store.todsystem.com\/es\/wp-json\/wp\/v2\/product_brand?post=1014162"},{"taxonomy":"product_cat","embeddable":true,"href":"https:\/\/store.todsystem.com\/es\/wp-json\/wp\/v2\/product_cat?post=1014162"},{"taxonomy":"product_tag","embeddable":true,"href":"https:\/\/store.todsystem.com\/es\/wp-json\/wp\/v2\/product_tag?post=1014162"}],"curies":[{"name":"wp","href":"https:\/\/api.w.org\/{rel}","templated":true}]}}