{"id":1014150,"date":"2024-11-05T10:20:11","date_gmt":"2024-11-05T10:20:11","guid":{"rendered":"https:\/\/store.todsystem.com\/?post_type=product&#038;p=1014150"},"modified":"2025-09-26T14:47:43","modified_gmt":"2025-09-26T14:47:43","slug":"intel-realsense-d455f","status":"publish","type":"product","link":"https:\/\/store.todsystem.com\/es\/producto\/intel-realsense-d455f\/","title":{"rendered":"Intel RealSense D455f Telecamera di Profondit\u00e0"},"content":{"rendered":"<div class=\"vgblk-rw-wrapper limit-wrapper\">La <strong>C\u00e1mara de profundidad Intel\u00ae RealSense\u2122 D455f<\/strong> representa la evoluci\u00f3n de la tecnolog\u00eda de visi\u00f3n para robots aut\u00f3nomos. Gracias a la integraci\u00f3n de un filtro IR pasivo, esta c\u00e1mara aborda eficazmente los problemas de detecci\u00f3n causados por los reflejos de la luz, garantizando un rendimiento fiable y de alta calidad en diversos contextos operativos.<\/p>\n<p>Principales caracter\u00edsticas t\u00e9cnicas:<\/p>\n<ul>\n<li><strong>Entorno de uso:<\/strong> Interior\/Exterior<\/li>\n<li><strong>Intervalo ideal:<\/strong> 0,6 m a 6 m<\/li>\n<li><strong>Tecnolog\u00eda de profundidad:<\/strong> Estereosc\u00f3pico<\/li>\n<li><strong>Distancia de profundidad m\u00ednima (Min-Z) a resoluci\u00f3n m\u00e1xima:<\/strong> ~52 cm<\/li>\n<li><strong>Precisi\u00f3n de profundidad:<\/strong> &lt;2% a 4 m<\/li>\n<li><strong>Tecnolog\u00eda de sensor de imagen:<\/strong> Obturador global<\/li>\n<li><strong>Campo de visi\u00f3n (FOV) de la profundidad:<\/strong> 87\u00b0 \u00d7 58\u00b0<\/li>\n<li><strong>Resoluci\u00f3n de salida de profundidad:<\/strong> Hasta 1280 \u00d7 720<\/li>\n<li><strong>Profundidad Velocidad de fotogramas:<\/strong> Hasta 90 fps<\/li>\n<li><strong>Resoluci\u00f3n de fotogramas RGB:<\/strong> Hasta 1280 \u00d7 800<\/li>\n<li><strong>Velocidad de fotogramas RGB:<\/strong> 60 fps<\/li>\n<li><strong>Tecnolog\u00eda de sensor RGB:<\/strong> Obturador global<\/li>\n<li><strong>FOV del sensor RGB (H \u00d7 V):<\/strong> 87 \u00d7 62\u00b0<\/li>\n<li><strong>Resoluci\u00f3n del sensor RGB:<\/strong> 1 MP<\/li>\n<\/ul>\n<p>Componentes principales<\/p>\n<ul>\n<li><strong>M\u00f3dulo de habitaciones:<\/strong> M\u00f3dulo Intel RealSense D450<\/li>\n<li><strong>Tarjeta de procesador visual:<\/strong> Procesador Intel RealSense Vision D4<\/li>\n<\/ul>\n<p>Factores f\u00edsicos<\/p>\n<ul>\n<li><strong>Forma:<\/strong> C\u00e1mara perif\u00e9rica<\/li>\n<li><strong>Dimensiones:<\/strong> 124 mm \u00d7 29 mm \u00d7 26,8 mm<\/li>\n<li><strong>Conectores:<\/strong> USB-C 3.1 Gen 1<\/li>\n<li><strong>Mecanismo de montaje:<\/strong>\n<ul>\n<li style=\"list-style-type: none;\">\n<ul>\n<li>Un punto de montaje roscado 1\/4-20 UNC<\/li>\n<\/ul>\n<\/li>\n<\/ul>\n<ul>\n<li>Dos puntos de montaje roscados M4<\/li>\n<li>Compatible con tr\u00edpodes<\/li>\n<\/ul>\n<\/li>\n<\/ul>\n<p>Integraci\u00f3n y asistencia<\/p>\n<p>La <strong>D455f<\/strong> est\u00e1 dise\u00f1ada para una f\u00e1cil integraci\u00f3n inmediata. Es compatible con el SDK 2.0 de Intel\u00ae RealSense\u2122, una plataforma de c\u00f3digo abierto que facilita el desarrollo y la implementaci\u00f3n en diversas aplicaciones. El SDK es independiente de la plataforma e incluye envoltorios para muchas plataformas y lenguajes comunes, lo que hace m\u00e1s accesible la creaci\u00f3n de aplicaciones de visi\u00f3n avanzadas.<\/p>\n<p>Conclusiones<\/p>\n<p>Optar por el <strong>C\u00e1mara de profundidad Intel\u00ae RealSense\u2122 D455f<\/strong> significa elegir una soluci\u00f3n robusta para aplicaciones de visi\u00f3n profunda y detecci\u00f3n en entornos complejos. Con un alto rendimiento y una integraci\u00f3n sencilla, es ideal para desarrolladores y empresas que quieran potenciar sus sistemas aut\u00f3nomos y mejorar la interacci\u00f3n con el entorno.<\/div>\n<p><!-- .vgblk-rw-wrapper --><\/p>","protected":false},"excerpt":{"rendered":"<p>La <strong><a href=\"https:\/\/store.todsystem.com\/es\/marca\/intel-realsense\/\">Intel RealSense<\/a>\u2122 Depth Camera D455f<\/strong> es una c\u00e1mara avanzada dise\u00f1ada para proporcionar una visi\u00f3n profunda y clara en entornos complejos. Equipada con un filtro IR pasivo, esta c\u00e1mara reduce los problemas de detecci\u00f3n de objetos causados por los reflejos de la luz, lo que mejora la fiabilidad en operaciones de rob\u00f3tica y automatizaci\u00f3n. Con un alcance operativo de 0,6 m a 6 m y una precisi\u00f3n de profundidad inferior a 2% a 4 m, es ideal para aplicaciones tanto en interiores como en exteriores.<\/p>","protected":false},"featured_media":1014155,"template":"","meta":[],"pwb-brand":[592],"product_brand":[],"product_cat":[617,271],"product_tag":[],"class_list":{"0":"post-1014150","1":"product","2":"type-product","3":"status-publish","4":"has-post-thumbnail","6":"pwb-brand-intel-realsense","7":"product_cat-camere-industriali","8":"product_cat-telecamere-di-profondita","10":"first","11":"instock","12":"shipping-taxable","13":"product-type-simple"},"brands":[{"id":592,"name":"Intel RealSense","slug":"intel-realsense"}],"_links":{"self":[{"href":"https:\/\/store.todsystem.com\/es\/wp-json\/wp\/v2\/product\/1014150","targetHints":{"allow":["GET"]}}],"collection":[{"href":"https:\/\/store.todsystem.com\/es\/wp-json\/wp\/v2\/product"}],"about":[{"href":"https:\/\/store.todsystem.com\/es\/wp-json\/wp\/v2\/types\/product"}],"version-history":[{"count":6,"href":"https:\/\/store.todsystem.com\/es\/wp-json\/wp\/v2\/product\/1014150\/revisions"}],"predecessor-version":[{"id":1016296,"href":"https:\/\/store.todsystem.com\/es\/wp-json\/wp\/v2\/product\/1014150\/revisions\/1016296"}],"wp:featuredmedia":[{"embeddable":true,"href":"https:\/\/store.todsystem.com\/es\/wp-json\/wp\/v2\/media\/1014155"}],"wp:attachment":[{"href":"https:\/\/store.todsystem.com\/es\/wp-json\/wp\/v2\/media?parent=1014150"}],"wp:term":[{"taxonomy":"pwb-brand","embeddable":true,"href":"https:\/\/store.todsystem.com\/es\/wp-json\/wp\/v2\/pwb-brand?post=1014150"},{"taxonomy":"product_brand","embeddable":true,"href":"https:\/\/store.todsystem.com\/es\/wp-json\/wp\/v2\/product_brand?post=1014150"},{"taxonomy":"product_cat","embeddable":true,"href":"https:\/\/store.todsystem.com\/es\/wp-json\/wp\/v2\/product_cat?post=1014150"},{"taxonomy":"product_tag","embeddable":true,"href":"https:\/\/store.todsystem.com\/es\/wp-json\/wp\/v2\/product_tag?post=1014150"}],"curies":[{"name":"wp","href":"https:\/\/api.w.org\/{rel}","templated":true}]}}