{"id":1014137,"date":"2024-11-05T10:13:16","date_gmt":"2024-11-05T10:13:16","guid":{"rendered":"https:\/\/store.todsystem.com\/?post_type=product&#038;p=1014137"},"modified":"2025-09-26T15:19:03","modified_gmt":"2025-09-26T15:19:03","slug":"intel-realsense-d435if","status":"publish","type":"product","link":"https:\/\/store.todsystem.com\/es\/producto\/intel-realsense-d435if\/","title":{"rendered":"intel RealSense D435if Telecamera di profondit\u00e0"},"content":{"rendered":"<div class=\"vgblk-rw-wrapper limit-wrapper\">La <strong>Intel RealSense D435if<\/strong>\u00a0representa un gran paso adelante en comparaci\u00f3n con modelos anteriores, como la D435f. Dise\u00f1ada para aplicaciones que requieren una gran precisi\u00f3n en la medici\u00f3n de la profundidad, esta c\u00e1mara incorpora una IMU para optimizar el rendimiento en entornos din\u00e1micos, lo que la convierte en la opci\u00f3n ideal para rob\u00f3tica, realidad aumentada y automatizaci\u00f3n industrial.<\/p>\n<p>Principales caracter\u00edsticas t\u00e9cnicas:<\/p>\n<ul>\n<li><strong>Entorno de uso:<\/strong>\u00a0Interior\/exterior<\/li>\n<li><strong>Alcance ideal:<\/strong>\u00a00,3 m a 3 m<\/li>\n<li><strong>Distancia de profundidad m\u00ednima (Min-Z) a resoluci\u00f3n m\u00e1xima:<\/strong>\u00a0~28 cm<\/li>\n<li><strong>Precisi\u00f3n de profundidad:<\/strong>\u00a0&lt;2% a 2 m<\/li>\n<li><strong>Tecnolog\u00eda de profundidad:<\/strong>\u00a0Estereosc\u00f3pico<\/li>\n<li><strong>Tecnolog\u00eda de sensor de imagen:<\/strong>\u00a0Persiana global<\/li>\n<li><strong>Profundidad Campo de visi\u00f3n (FOV):<\/strong>\u00a087\u00b0 \u00d7 58\u00b0<\/li>\n<li><strong>Resoluci\u00f3n de salida de profundidad:<\/strong>\u00a0Hasta 1280 \u00d7 720<\/li>\n<li><strong>Frecuencia de los fotogramas de profundidad:<\/strong>\u00a0Hasta 90 fps<\/li>\n<li><strong>Filtro de profundidad:<\/strong>\u00a0Pase IR<\/li>\n<li><strong>Resoluci\u00f3n de fotogramas RGB:<\/strong>\u00a0Hasta 1920 \u00d7 1080<\/li>\n<li><strong>Frecuencia de fotogramas RGB:<\/strong>\u00a030 fps<\/li>\n<li><strong>Tecnolog\u00eda de sensor RGB:<\/strong>\u00a0Persiana enrollable<\/li>\n<li><strong>Resoluci\u00f3n del sensor RGB:<\/strong>\u00a02 MP<\/li>\n<li><strong>Conectores:<\/strong>\u00a0USB-C 3.1 Gen 1<\/li>\n<li><strong>Mecanismo de montaje:<\/strong>\u00a0Un punto de montaje con rosca UNC 1\/4-20 y dos puntos de montaje con rosca M4<\/li>\n<li><strong>Dimensiones:<\/strong>\u00a090 mm \u00d7 25,8 mm \u00d7 25 mm<\/li>\n<\/ul>\n<p>Rendimiento<\/p>\n<p>La <strong>D435if<\/strong>\u00a0ofrece gr\u00e1ficos de alta calidad e im\u00e1genes profundas, gracias a una frecuencia de imagen de hasta 90 fps. La presencia de un filtro de paso de infrarrojos estabiliza la percepci\u00f3n de la profundidad, evitando los problemas de detecci\u00f3n causados por la luz no deseada. La duraci\u00f3n de la bater\u00eda y la eficiencia del sistema permiten un funcionamiento prolongado sin interrupciones.<\/p>\n<p>Maniobrabilidad y estabilidad<\/p>\n<p>Progettata per adattarsi a una vasta gamma di ambienti e condizioni, la\u00a0<strong>RealSense D435if<\/strong>\u00a0proporciona un rendimiento estable incluso en espacios reducidos o terrenos complejos, gracias a su tecnolog\u00eda de vanguardia y a la presencia de la IMU. Esto lo hace perfecto para aplicaciones m\u00f3viles en las que se requieren maniobras precisas.<\/p>\n<p>Tecnolog\u00eda y seguridad<\/p>\n<p>La c\u00e1mara <strong>D435if<\/strong>\u00a0utiliza las tecnolog\u00edas m\u00e1s sofisticadas de navegaci\u00f3n y detecci\u00f3n, incorporando sensores avanzados que garantizan una detecci\u00f3n segura y fiable. Su capacidad para procesar datos en tiempo real lo hace ideal para aplicaciones en movimiento y en entornos con condiciones de iluminaci\u00f3n cambiantes.<\/p>\n<p>Conclusiones<\/p>\n<p>La c\u00e1mara de profundidad <strong>Intel RealSense D435if<\/strong>\u00a0significa invertir en un producto de alta calidad para aplicaciones que requieren gran precisi\u00f3n y fiabilidad. Gracias a sus avanzadas funciones de detecci\u00f3n de profundidad, su interfaz de f\u00e1cil manejo y su sencilla integraci\u00f3n con otros sistemas, es la opci\u00f3n ideal para ingenieros, desarrolladores e investigadores en el campo de la visi\u00f3n artificial y la rob\u00f3tica.<\/div>\n<p><!-- .vgblk-rw-wrapper --><\/p>","protected":false},"excerpt":{"rendered":"<p>La <strong><a href=\"https:\/\/store.todsystem.com\/es\/marca\/intel-realsense\/\">Intel RealSense<\/a> D435if<\/strong>\u00a0es una c\u00e1mara innovadora dise\u00f1ada para optimizar las aplicaciones de visi\u00f3n artificial gracias a su tecnolog\u00eda de vanguardia. Con un amplio campo de visi\u00f3n y una IMU integrada, ofrece un rendimiento superior en reconocimiento de profundidad y detecci\u00f3n de objetos, lo que la hace ideal para uso en interiores y exteriores. Adem\u00e1s, el filtro de paso IR reduce la falsa detecci\u00f3n causada por los reflejos, garantizando resultados exactos y precisos.<\/p>","protected":false},"featured_media":1014147,"template":"","meta":[],"pwb-brand":[592],"product_brand":[],"product_cat":[617,271],"product_tag":[],"class_list":{"0":"post-1014137","1":"product","2":"type-product","3":"status-publish","4":"has-post-thumbnail","6":"pwb-brand-intel-realsense","7":"product_cat-camere-industriali","8":"product_cat-telecamere-di-profondita","10":"first","11":"instock","12":"shipping-taxable","13":"product-type-simple"},"brands":[{"id":592,"name":"Intel RealSense","slug":"intel-realsense"}],"_links":{"self":[{"href":"https:\/\/store.todsystem.com\/es\/wp-json\/wp\/v2\/product\/1014137","targetHints":{"allow":["GET"]}}],"collection":[{"href":"https:\/\/store.todsystem.com\/es\/wp-json\/wp\/v2\/product"}],"about":[{"href":"https:\/\/store.todsystem.com\/es\/wp-json\/wp\/v2\/types\/product"}],"version-history":[{"count":5,"href":"https:\/\/store.todsystem.com\/es\/wp-json\/wp\/v2\/product\/1014137\/revisions"}],"predecessor-version":[{"id":1019077,"href":"https:\/\/store.todsystem.com\/es\/wp-json\/wp\/v2\/product\/1014137\/revisions\/1019077"}],"wp:featuredmedia":[{"embeddable":true,"href":"https:\/\/store.todsystem.com\/es\/wp-json\/wp\/v2\/media\/1014147"}],"wp:attachment":[{"href":"https:\/\/store.todsystem.com\/es\/wp-json\/wp\/v2\/media?parent=1014137"}],"wp:term":[{"taxonomy":"pwb-brand","embeddable":true,"href":"https:\/\/store.todsystem.com\/es\/wp-json\/wp\/v2\/pwb-brand?post=1014137"},{"taxonomy":"product_brand","embeddable":true,"href":"https:\/\/store.todsystem.com\/es\/wp-json\/wp\/v2\/product_brand?post=1014137"},{"taxonomy":"product_cat","embeddable":true,"href":"https:\/\/store.todsystem.com\/es\/wp-json\/wp\/v2\/product_cat?post=1014137"},{"taxonomy":"product_tag","embeddable":true,"href":"https:\/\/store.todsystem.com\/es\/wp-json\/wp\/v2\/product_tag?post=1014137"}],"curies":[{"name":"wp","href":"https:\/\/api.w.org\/{rel}","templated":true}]}}